{"id":2275,"date":"2022-08-23T09:29:33","date_gmt":"2022-08-23T13:29:33","guid":{"rendered":"https:\/\/shop.corroprotec.com\/warranty\/"},"modified":"2025-02-07T10:48:12","modified_gmt":"2025-02-07T15:48:12","slug":"garantie-retours","status":"publish","type":"page","link":"https:\/\/shop.corroprotec.com\/fr\/garantie-retours\/","title":{"rendered":"Corro-Protec garantie et retours"},"content":{"rendered":"<div class=\"o-container-text\">\n<div class=\"wp-block-columns -warranty-3-cols\">\n<div class=\"wp-block-column\"><div class=\"o-container-text\">\n<h3 id=\"h-enregistrer-mon-anode-corro-protec\">Enregistrer <br>mon anode <br>Corro-Protec<\/h3>\n<\/div>\n\n<div class=\"o-container-text\">\n<p>Merci d&#8217;avoir achet\u00e9 notre produit! Inscrivez votre anode \u00e0 la garantie de 20 ans.<\/p>\n<\/div>\n\n<div class=\"o-container-text\">\n<div class=\"wp-block-buttons\"><div class=\"o-container-text\">\n<div class=\"wp-block-button no-barba\"><a class=\"wp-block-button__link\" href=\"\/fr\/warranty-registration\/\">Commencer<\/a><\/div>\n<\/div><\/div>\n<\/div><\/div>\n\n\n\n<div class=\"wp-block-column\"><div class=\"o-container-text\">\n<h3 id=\"h-faire-une-demande-de-garantie\">Faire une <br>demande <br>de garantie<\/h3>\n<\/div>\n\n<div class=\"o-container-text\">\n<p>Faire une r\u00e9clamation ne prendra que quelques secondes.<\/p>\n<\/div>\n\n<div class=\"o-container-text\">\n<div class=\"wp-block-buttons\"><div class=\"o-container-text\">\n<div class=\"wp-block-button no-barba\"><a class=\"wp-block-button__link\" href=\"\/fr\/depannage-et-demande-garantie\/\">Commencer<\/a><\/div>\n<\/div><\/div>\n<\/div><\/div>\n\n\n\n<div class=\"wp-block-column\"><div class=\"o-container-text\">\n<h3 id=\"h-faire-un-retour\">Faire <br>un retour<\/h3>\n<\/div>\n\n<div class=\"o-container-text\">\n<p>Vous n&#8217;\u00eates pas satisfait de nos produits? Ne vous inqui\u00e9tez pas, vous pouvez le retourner pour un remboursement int\u00e9gral dans les 90 jours suivant la date d&#8217;achat initiale.<\/p>\n<\/div>\n\n<div class=\"o-container-text\">\n<div class=\"wp-block-buttons\"><div class=\"o-container-text\">\n<div class=\"wp-block-button no-barba\"><a class=\"wp-block-button__link\" href=\"\/fr\/warranty-return\/\">Commencer<\/a><\/div>\n<\/div><\/div>\n<\/div><\/div>\n<\/div>\n<\/div>\n\n<section id=\"block-block_91a8c5173bdf561e82a43fc1a46553ed\" class=\"o-section\">\n    <div class=\"o-container-text\">\n                    <\/div>\n    <div class=\"o-container\">\n        <div class=\"c-bloc-ico-text-2-cols__wrapper\">\n            <div class=\"o-row\">\n                                    <div class=\"o-col w-1\/2 c-bloc-ico-text-2-cols__item \">\n                        <div class=\"c-bloc-ico-text-2-cols__content o-text\">\n\n                                                            <div class=\"c-bloc-ico-text-2-cols__icon-wrapper\">\n                                                                        <h4>Garantie limit\u00e9e de 20 ans<\/h4>\n                                <\/div>\n                                <p>Nos syst\u00e8mes Corro-Protec sont garantis 20 ans et seront op\u00e9rationnels encore plus longtemps. C\u2019est le pouvoir du titane !<\/p>\n                                                    <\/div>\n                    <\/div>\n                                    <div class=\"o-col w-1\/2 c-bloc-ico-text-2-cols__item \">\n                        <div class=\"c-bloc-ico-text-2-cols__content o-text\">\n\n                                                            <div class=\"c-bloc-ico-text-2-cols__icon-wrapper\">\n                                                                        <h4>Nous avons ce qu&#8217;il vous faut<\/h4>\n                                <\/div>\n                                <p>Nous avons pr\u00e9par\u00e9 des guides d\u2019installation \u00e9tape par \u00e9tape et des FAQ, mais vous ne savez toujours pas comment le r\u00e9soudre\u00a0? C\u2019est correct ! Contactez-nous, il nous fera plaisir de vous aider.<\/p>\n                                                    <\/div>\n                    <\/div>\n                                    <div class=\"o-col w-1\/2 c-bloc-ico-text-2-cols__item \">\n                        <div class=\"c-bloc-ico-text-2-cols__content o-text\">\n\n                                                            <div class=\"c-bloc-ico-text-2-cols__icon-wrapper\">\n                                                                        <h4>R\u00e9clamation en ligne facile<\/h4>\n                                <\/div>\n                                <p>Faire une r\u00e9clamation ne prendra que quelques secondes. Cliquez ici:\u00a0 Compl\u00e9ter une r\u00e9clamation d\u2019un produit garanti et enregistr\u00e9.<\/p>\n                                                    <\/div>\n                    <\/div>\n                                    <div class=\"o-col w-1\/2 c-bloc-ico-text-2-cols__item \">\n                        <div class=\"c-bloc-ico-text-2-cols__content o-text\">\n\n                                                            <div class=\"c-bloc-ico-text-2-cols__icon-wrapper\">\n                                                                        <h4>Exp\u00e9dition super rapide<\/h4>\n                                <\/div>\n                                <p>Notre syst\u00e8me de livraison est super rapide! Vous avez un probl\u00e8me ? Nous allons r\u00e9soudre la situation rapidement.<\/p>\n                                                    <\/div>\n                    <\/div>\n                                    <div class=\"o-col w-1\/2 c-bloc-ico-text-2-cols__item \">\n                        <div class=\"c-bloc-ico-text-2-cols__content o-text\">\n\n                                                            <div class=\"c-bloc-ico-text-2-cols__icon-wrapper\">\n                                                                        <h4>Inscription en ligne facile<\/h4>\n                                <\/div>\n                                <p>L\u2019enregistrement \u00e0 notre garantie prend environ 2 minutes et se fait directement sur le site actuel. Une fois inscrit, vous n\u2019avez plus besoin d\u2019une preuve d\u2019achat pour faire une r\u00e9clamation, nous n\u2019avons besoin que de votre nom et de votre adresse ! En 20 ans, vous avez le temps d\u2019\u00e9garer la preuve d\u2019achat plusieurs fois et vous n\u2019avez pas \u00e0 \u00eatre p\u00e9nalis\u00e9 pour cela.<\/p>\n                                                    <\/div>\n                    <\/div>\n                                    <div class=\"o-col w-1\/2 c-bloc-ico-text-2-cols__item \">\n                        <div class=\"c-bloc-ico-text-2-cols__content o-text\">\n\n                                                            <div class=\"c-bloc-ico-text-2-cols__icon-wrapper\">\n                                                                        <h4>Garantie de remboursement de 90 jours<\/h4>\n                                <\/div>\n                                <p>Vous n&#8217;\u00eates pas satisfait de nos produits? Ne vous inqui\u00e9tez pas, vous pouvez le retourner pour un remboursement int\u00e9gral dans les 90 jours suivant la date d&#8217;achat initiale. Cette garantie de satisfaction s&#8217;applique \u00e0 tous les produits Corro-Protec, o\u00f9 que vous soyez achet\u00e9s!<\/p>\n<p>Vous n&#8217;avez besoin que de votre preuve d&#8217;achat et expliquez pourquoi vous n&#8217;\u00eates pas satisfait (apr\u00e8s tout, nous voulons simplement nous am\u00e9liorer)!<\/p>\n                                                    <\/div>\n                    <\/div>\n                            <\/div>\n        <\/div>\n    <\/div>\n<\/section>\n\n<div class=\"o-container-text\">\n<h2 id=\"h-notre-garantie-en-toute-transparence\">Notre garantie en toute transparence<\/h2>\n<\/div>\n\n<div class=\"o-container-text\">\n<p><strong>Que couvre-t-elle ?<\/strong> Notre engagement porte sur l&#8217;int\u00e9grit\u00e9 et la fonctionnalit\u00e9 de notre anode \u00e0 courant impos\u00e9. Nous le garantissons contre tout d\u00e9faut de mat\u00e9riau ou de fabrication lorsqu&#8217;il est install\u00e9 et utilis\u00e9 conform\u00e9ment aux instructions.<\/p>\n<\/div>\n\n<div class=\"o-container-text\">\n<p><strong>Quelle est la dur\u00e9e de la garantie ?<\/strong> Pour les installations dans des r\u00e9sidences unifamiliales, nous offrons une garantie prolong\u00e9e gratuite de 20 ans. Cette extension sans frais vous assure une protection et un support \u00e0 long terme pour votre produit, sans souci. En enregistrant votre produit sur notre site web dans les 90 jours suivant l&#8217;achat, vous garantissez l\u2019acc\u00e8s \u00e0 votre service de garantie \u00e0 l\u2019avenir. Cette simple d\u00e9marche permet de v\u00e9rifier et d\u2019honorer votre garantie m\u00eame si vous perdez votre preuve d&#8217;achat au fil des ann\u00e9es. Si le produit n&#8217;est pas enregistr\u00e9, la garantie standard de 5 ans s&#8217;applique.<\/p>\n<\/div>\n\n<div class=\"o-container-text\">\n<p><strong>La garantie Corro-Protec couvre-t-elle mon chauffe-eau ?<\/strong>  C&#8217;est une question de logique : nous garantissons uniquement ce que nous fabriquons. Bien que nous soyons fiers de la qualit\u00e9 du syst\u00e8me Corro-Protec, nous ne pouvons pas garantir l\u2019ensemble du chauffe-eau, car nous ne le fabriquons pas. Tout comme vous ne garantiriez pas quelque chose que vous n\u2019avez pas con\u00e7u, nous non plus. Notre priorit\u00e9 est d&#8217;assurer que notre produit excelle dans son r\u00f4le au sein de votre chauffe-eau. Les chauffe-eaux, en fonction de leur marque et de leur qualit\u00e9, peuvent n\u00e9cessiter le remplacement d\u2019autres composants au fil du temps, ind\u00e9pendamment de notre protection contre la corrosion.<\/p>\n<\/div>\n\n<div class=\"o-container-text\">\n<p>Nous nous concentrons sur ce que nous faisons de mieux : pr\u00e9venir la corrosion interne. Cependant, l\u2019entretien d\u2019autres composants, sans lien avec la corrosion, pourrait toujours \u00eatre n\u00e9cessaire.<\/p>\n<\/div>\n\n<div class=\"o-container-text\">\n<p>Garantie limit\u00e9e Corro-Protec<\/p>\n<\/div>\n\n<div class=\"o-container-text\">\n<div style=\"height:107px\" aria-hidden=\"true\" class=\"wp-block-spacer\"><\/div>\n<\/div>\n\n<div class=\"o-container-text\">\n<h2 class=\"has-text-align-center\" id=\"h-decouvrez-nos-produits\"><strong>D\u00e9couvrez nos produits<\/strong><\/h2>\n<\/div>\n\n<div class=\"o-container-text\">\n<div class=\"wp-block-columns\">\n<div class=\"wp-block-column\"><div class=\"o-container-text\">\n<h4><strong>Anode \u00e0 courant impos\u00e9 pour r\u00e9sidentiel<\/strong><\/h4>\n<\/div><\/div>\n\n\n\n<div class=\"wp-block-column\"><div class=\"o-container-text\">\n<h4><strong>Anode \u00e0 courant impos\u00e9 pour VR<\/strong><\/h4>\n<\/div><\/div>\n\n\n\n<div class=\"wp-block-column\"><div class=\"o-container-text\">\n<h4><strong>Installation facile<\/strong><\/h4>\n<\/div><\/div>\n<\/div>\n<\/div>\n\n<div class=\"o-container-text\">\n<div style=\"height:53px\" aria-hidden=\"true\" class=\"wp-block-spacer\"><\/div>\n<\/div>\n\n<div class=\"o-container-text\">\n<div class=\"wp-block-columns\">\n<div class=\"wp-block-column\"><div class=\"o-container-text\">\n<p>Am\u00e9liorez votre chauffe-eau domestique avec notre Anode \u00e0 Courant Impos\u00e9. Ce produit innovant, reconnu pour sa fiabilit\u00e9, pr\u00e9vient la corrosion, \u00e9limine les odeurs et prolonge la dur\u00e9e de vie de votre chauffe-eau. Il est id\u00e9al pour les familles recherchant une solution de chauffage de l\u2019eau efficace et durable.<\/p>\n<\/div><\/div>\n\n\n\n<div class=\"wp-block-column\"><div class=\"o-container-text\">\n<p>Profitez de la m\u00eame technologie avanc\u00e9e lors de vos d\u00e9placements avec notre Anode \u00e0 Courant Impos\u00e9 pour VR. Con\u00e7ue sp\u00e9cialement pour les syst\u00e8mes d\u2019eau des v\u00e9hicules r\u00e9cr\u00e9atifs, elle garantit une eau propre et sans odeur tout au long de vos aventures. Gardez votre chauffe-eau en parfait \u00e9tat, o\u00f9 que la route vous m\u00e8ne.<\/p>\n<\/div><\/div>\n\n\n\n<div class=\"wp-block-column\"><div class=\"o-container-text\">\n<p>L\u2019installation d\u2019une anode \u00e0 courant impos\u00e9 Corro-Protec est rapide et simple. Nous mettons \u00e0 votre disposition un guide d\u2019installation d\u00e9taill\u00e9 \u00e9tape par \u00e9tape pour vous accompagner. Vous n\u2019avez pas besoin d\u2019\u00eatre un professionnel pour installer notre produit, ce qui en fait un choix pratique pour les propri\u00e9taires de maisons et de VR.<\/p>\n<\/div><\/div>\n<\/div>\n<\/div>\n\n<div class=\"o-container-text\">\n<div class=\"wp-block-columns\">\n<div class=\"wp-block-column\"><div class=\"o-container-text\">\n<div class=\"wp-block-buttons\"><div class=\"o-container-text\">\n<div class=\"wp-block-button\"><a class=\"wp-block-button__link\" href=\"https:\/\/shop.corroprotec.com\/fr\/produit\/anode-chauffe-eau\/\" target=\"_blank\" rel=\"noreferrer noopener\"><strong>Anode \u00e0 courant impos\u00e9 pour votre domicile<\/strong><\/a><\/div>\n<\/div><\/div>\n<\/div><\/div>\n\n\n\n<div class=\"wp-block-column\"><div class=\"o-container-text\">\n<div class=\"wp-block-buttons\"><div class=\"o-container-text\">\n<div class=\"wp-block-button\"><a class=\"wp-block-button__link\" href=\"https:\/\/shop.corroprotec.com\/fr\/produit\/anode-chauffe-eau-vr\/\" target=\"_blank\" rel=\"noreferrer noopener\"><strong>Anode \u00e0 courant Impos\u00e9 VR<\/strong><\/a><\/div>\n<\/div><\/div>\n<\/div><\/div>\n\n\n\n<div class=\"wp-block-column\"><div class=\"o-container-text\">\n<div class=\"wp-block-buttons\"><div class=\"o-container-text\">\n<div class=\"wp-block-button\"><a class=\"wp-block-button__link\" href=\"https:\/\/shop.corroprotec.com\/fr\/guide-dinstallation\/\" target=\"_blank\" rel=\"noreferrer noopener\"><strong>Guide d\u2019installation<\/strong><\/a><\/div>\n<\/div><\/div>\n<\/div><\/div>\n<\/div>\n<\/div>\n\n<div class=\"o-container-text\">\n<h2 id=\"h-pourquoi-choisir-une-anode-a-courant-impose\">Pourquoi choisir une anode \u00e0 courant impos\u00e9 ?<\/h2>\n<\/div>\n\n<div class=\"o-container-text\">\n<p>Vous vous demandez si une anode \u00e0 courant impos\u00e9 est la bonne solution pour vous ? Voici quelques avantages suppl\u00e9mentaires \u00e0 consid\u00e9rer :<\/p>\n<\/div>\n\n<div class=\"o-container-text\">\n<ul><li><strong>\u00c9limination de l\u2019odeur d\u2019\u0153uf pourri<\/strong> : Dites adieu aux odeurs d\u00e9sagr\u00e9ables de soufre dans votre eau.<\/li><li><strong>Dur\u00e9e de vie prolong\u00e9e du chauffe-eau<\/strong> : R\u00e9duisez la corrosion et augmentez la long\u00e9vit\u00e9 de votre chauffe-eau.<\/li><li><strong>Solution \u00e9cologique<\/strong> : Diminuez le besoin d\u2019entretien fr\u00e9quent et de remplacements.<\/li><li><strong>\u00c9conomies financi\u00e8res<\/strong> : Gr\u00e2ce \u00e0 une consommation d\u2019\u00e9nergie r\u00e9duite et \u00e0 des co\u00fbts de r\u00e9paration moindres, notre anode \u00e0 courant impos\u00e9 est un investissement intelligent qui vous fera \u00e9conomiser \u00e0 long terme.<\/li><\/ul>\n<\/div>\n\n<div class=\"o-container-text\">\n<p>D\u00e9couvrez comment nos anodes \u00e0 courant impos\u00e9 peuvent transformer votre syst\u00e8me de chauffage de l\u2019eau. <\/p>\n<\/div>\n\n<div class=\"o-container-text\">\n<div style=\"height:20px\" aria-hidden=\"true\" class=\"wp-block-spacer\"><\/div>\n<\/div>\n\n<div class=\"o-container-text\">\n<div class=\"wp-block-buttons\"><div class=\"o-container-text\">\n<div class=\"wp-block-button\"><a class=\"wp-block-button__link\" href=\"\" target=\"_blank\" rel=\"noreferrer noopener\">Avantages des anodes \u00e0 courant impos\u00e9<\/a><\/div>\n<\/div><\/div>\n<\/div>\n\n<div class=\"o-container-text\">\n<h2>Trouvez un revendeur autoris\u00e9<\/h2>\n<\/div>\n\n<div class=\"o-container-text\">\n<p>Pr\u00e9f\u00e9rez-vous acheter localement ou aupr\u00e8s d\u2019un d\u00e9taillant de confiance ? Utilisez notre localisateur de magasins pour trouver un revendeur autoris\u00e9 Corro-Protec pr\u00e8s de chez vous. Obtenez les m\u00eames produits exceptionnels et le soutien de nos partenaires de confiance.<\/p>\n<\/div>\n\n<div class=\"o-container-text\">\n<div class=\"wp-block-columns\">\n<div class=\"wp-block-column\"><div class=\"o-container-text\">\n<div class=\"wp-block-columns\">\n<div class=\"wp-block-column\" style=\"flex-basis:66.66%\"><div class=\"o-container-text\">\n<div class=\"wp-block-buttons\"><div class=\"o-container-text\">\n<div class=\"wp-block-button\"><a class=\"wp-block-button__link\">Trouver un revendeur<\/a><\/div>\n<\/div><\/div>\n<\/div><\/div>\n<\/div>\n<\/div><\/div>\n<\/div>\n<\/div>\n\n<div class=\"o-container-text\">\n<h2 id=\"h-vous-avez-besoin-d-aide\">Vous avez besoin d\u2019aide?<\/h2>\n<\/div>\n\n<div class=\"o-container-text\">\n<p>Nous sommes l\u00e0 pour vous aider. Appelez-nous, envoyez-nous un texto, envoyez-nous un message sur Facebook, \u00e9crivez-nous un courriel, envoyez-nous une demande par la poste ou m\u00eame, visitez-nous! Peu importe la fa\u00e7on dont vous choisissez, un membre de notre \u00e9quipe se fera un plaisir de vous aider. <\/p>\n<\/div>\n\n<div class=\"o-container-text\">\n<div style=\"height:20px\" aria-hidden=\"true\" class=\"wp-block-spacer\"><\/div>\n<\/div>\n\n<div class=\"o-container-text\">\n<div class=\"wp-block-buttons\"><div class=\"o-container-text\">\n<div class=\"wp-block-button\"><a class=\"wp-block-button__link\" href=\"https:\/\/shop.corroprotec.com\/fr\/faq\/redresseur-corro-protec-fonctionne-pas\/\" target=\"_blank\" rel=\"noreferrer noopener\">Contactez-nous<\/a><\/div>\n<\/div><\/div>\n<\/div>","protected":false},"excerpt":{"rendered":"<p>Enregistrer mon anode Corro-Protec Merci d&#8217;avoir achet\u00e9 notre produit! Inscrivez votre anode \u00e0 la garantie de 20 ans. Faire une demande de garantie Faire une [&hellip;]<\/p>\n","protected":false},"author":1,"featured_media":0,"parent":0,"menu_order":0,"comment_status":"closed","ping_status":"closed","template":"","meta":{"_relevanssi_hide_post":"","_relevanssi_hide_content":"","_relevanssi_pin_for_all":"","_relevanssi_pin_keywords":"","_relevanssi_unpin_keywords":"","_relevanssi_related_keywords":"","_relevanssi_related_include_ids":"","_relevanssi_related_exclude_ids":"","_relevanssi_related_no_append":"","_relevanssi_related_not_related":"","_relevanssi_related_posts":"347,356,335,331,338,300","_relevanssi_noindex_reason":""},"acf":[],"yoast_head":"<!-- This site is optimized with the Yoast SEO Premium plugin v19.3 (Yoast SEO v19.7) - https:\/\/yoast.com\/wordpress\/plugins\/seo\/ -->\n<title>Corro-Protec garantie et retours - Corro-Protec<\/title>\n<meta name=\"description\" content=\"Comprendre notre politique de garantie et de retours sur CorroProtec.com. Nous sommes d\u00e9di\u00e9s \u00e0 offrir une exp\u00e9rience client exceptionnelle.\" \/>\n<meta name=\"robots\" content=\"noindex, follow, max-snippet:-1, max-image-preview:large, max-video-preview:-1\" \/>\n<meta property=\"og:locale\" content=\"fr_FR\" \/>\n<meta property=\"og:type\" content=\"article\" \/>\n<meta property=\"og:title\" content=\"Corro-Protec garantie et retours\" \/>\n<meta property=\"og:description\" content=\"Comprendre notre politique de garantie et de retours sur CorroProtec.com. Nous sommes d\u00e9di\u00e9s \u00e0 offrir une exp\u00e9rience client exceptionnelle.\" \/>\n<meta property=\"og:url\" content=\"https:\/\/shop.corroprotec.com\/fr\/garantie-retours\/\" \/>\n<meta property=\"og:site_name\" content=\"Corro-Protec\" \/>\n<meta property=\"article:publisher\" content=\"https:\/\/www.facebook.com\/corroprotec\/\" \/>\n<meta property=\"article:modified_time\" content=\"2025-02-07T15:48:12+00:00\" \/>\n<meta property=\"og:image\" content=\"https:\/\/shop.corroprotec.com\/app\/uploads\/2022\/09\/og-en-min.jpg\" \/>\n\t<meta property=\"og:image:width\" content=\"1200\" \/>\n\t<meta property=\"og:image:height\" content=\"630\" \/>\n\t<meta property=\"og:image:type\" content=\"image\/jpeg\" \/>\n<meta name=\"twitter:card\" content=\"summary_large_image\" \/>\n<meta name=\"twitter:site\" content=\"@corroprotec\" \/>\n<meta name=\"twitter:label1\" content=\"Est. reading time\" \/>\n\t<meta name=\"twitter:data1\" content=\"4 minutes\" \/>\n<script type=\"application\/ld+json\" class=\"yoast-schema-graph\">{\"@context\":\"https:\/\/schema.org\",\"@graph\":[{\"@type\":\"WebPage\",\"@id\":\"https:\/\/shop.corroprotec.com\/fr\/garantie-retours\/\",\"url\":\"https:\/\/shop.corroprotec.com\/fr\/garantie-retours\/\",\"name\":\"Corro-Protec garantie et retours - Corro-Protec\",\"isPartOf\":{\"@id\":\"https:\/\/shop.corroprotec.com\/fr\/#website\"},\"datePublished\":\"2022-08-23T13:29:33+00:00\",\"dateModified\":\"2025-02-07T15:48:12+00:00\",\"description\":\"Comprendre notre politique de garantie et de retours sur CorroProtec.com. Nous sommes d\u00e9di\u00e9s \u00e0 offrir une exp\u00e9rience client exceptionnelle.\",\"breadcrumb\":{\"@id\":\"https:\/\/shop.corroprotec.com\/fr\/garantie-retours\/#breadcrumb\"},\"inLanguage\":\"fr-FR\",\"potentialAction\":[{\"@type\":\"ReadAction\",\"target\":[\"https:\/\/shop.corroprotec.com\/fr\/garantie-retours\/\"]}]},{\"@type\":\"BreadcrumbList\",\"@id\":\"https:\/\/shop.corroprotec.com\/fr\/garantie-retours\/#breadcrumb\",\"itemListElement\":[{\"@type\":\"ListItem\",\"position\":1,\"name\":\"Home\",\"item\":\"https:\/\/shop.corroprotec.com\/fr\/\"},{\"@type\":\"ListItem\",\"position\":2,\"name\":\"Corro-Protec garantie et retours\"}]},{\"@type\":\"WebSite\",\"@id\":\"https:\/\/shop.corroprotec.com\/fr\/#website\",\"url\":\"https:\/\/shop.corroprotec.com\/fr\/\",\"name\":\"Corro-Protec\",\"description\":\"\",\"publisher\":{\"@id\":\"https:\/\/shop.corroprotec.com\/fr\/#organization\"},\"potentialAction\":[{\"@type\":\"SearchAction\",\"target\":{\"@type\":\"EntryPoint\",\"urlTemplate\":\"https:\/\/shop.corroprotec.com\/fr\/?s={search_term_string}\"},\"query-input\":\"required name=search_term_string\"}],\"inLanguage\":\"fr-FR\"},{\"@type\":\"Organization\",\"@id\":\"https:\/\/shop.corroprotec.com\/fr\/#organization\",\"name\":\"Corro-Protec\",\"url\":\"https:\/\/shop.corroprotec.com\/fr\/\",\"sameAs\":[\"https:\/\/www.facebook.com\/corroprotec\/\",\"https:\/\/twitter.com\/corroprotec\"],\"logo\":{\"@type\":\"ImageObject\",\"inLanguage\":\"fr-FR\",\"@id\":\"https:\/\/shop.corroprotec.com\/fr\/#\/schema\/logo\/image\/\",\"url\":\"https:\/\/shop.corroprotec.com\/app\/uploads\/2024\/03\/logo-corro-v-blanc-fond-vert-rgb.png\",\"contentUrl\":\"https:\/\/shop.corroprotec.com\/app\/uploads\/2024\/03\/logo-corro-v-blanc-fond-vert-rgb.png\",\"width\":2000,\"height\":1244,\"caption\":\"Corro-Protec\"},\"image\":{\"@id\":\"https:\/\/shop.corroprotec.com\/fr\/#\/schema\/logo\/image\/\"}}]}<\/script>\n<!-- \/ Yoast SEO Premium plugin. -->","yoast_head_json":{"title":"Corro-Protec garantie et retours - Corro-Protec","description":"Comprendre notre politique de garantie et de retours sur CorroProtec.com. Nous sommes d\u00e9di\u00e9s \u00e0 offrir une exp\u00e9rience client exceptionnelle.","robots":{"index":"noindex","follow":"follow","max-snippet":"max-snippet:-1","max-image-preview":"max-image-preview:large","max-video-preview":"max-video-preview:-1"},"og_locale":"fr_FR","og_type":"article","og_title":"Corro-Protec garantie et retours","og_description":"Comprendre notre politique de garantie et de retours sur CorroProtec.com. Nous sommes d\u00e9di\u00e9s \u00e0 offrir une exp\u00e9rience client exceptionnelle.","og_url":"https:\/\/shop.corroprotec.com\/fr\/garantie-retours\/","og_site_name":"Corro-Protec","article_publisher":"https:\/\/www.facebook.com\/corroprotec\/","article_modified_time":"2025-02-07T15:48:12+00:00","og_image":[{"width":1200,"height":630,"url":"https:\/\/shop.corroprotec.com\/app\/uploads\/2022\/09\/og-en-min.jpg","type":"image\/jpeg"}],"twitter_card":"summary_large_image","twitter_site":"@corroprotec","twitter_misc":{"Est. reading time":"4 minutes"},"schema":{"@context":"https:\/\/schema.org","@graph":[{"@type":"WebPage","@id":"https:\/\/shop.corroprotec.com\/fr\/garantie-retours\/","url":"https:\/\/shop.corroprotec.com\/fr\/garantie-retours\/","name":"Corro-Protec garantie et retours - Corro-Protec","isPartOf":{"@id":"https:\/\/shop.corroprotec.com\/fr\/#website"},"datePublished":"2022-08-23T13:29:33+00:00","dateModified":"2025-02-07T15:48:12+00:00","description":"Comprendre notre politique de garantie et de retours sur CorroProtec.com. Nous sommes d\u00e9di\u00e9s \u00e0 offrir une exp\u00e9rience client exceptionnelle.","breadcrumb":{"@id":"https:\/\/shop.corroprotec.com\/fr\/garantie-retours\/#breadcrumb"},"inLanguage":"fr-FR","potentialAction":[{"@type":"ReadAction","target":["https:\/\/shop.corroprotec.com\/fr\/garantie-retours\/"]}]},{"@type":"BreadcrumbList","@id":"https:\/\/shop.corroprotec.com\/fr\/garantie-retours\/#breadcrumb","itemListElement":[{"@type":"ListItem","position":1,"name":"Home","item":"https:\/\/shop.corroprotec.com\/fr\/"},{"@type":"ListItem","position":2,"name":"Corro-Protec garantie et retours"}]},{"@type":"WebSite","@id":"https:\/\/shop.corroprotec.com\/fr\/#website","url":"https:\/\/shop.corroprotec.com\/fr\/","name":"Corro-Protec","description":"","publisher":{"@id":"https:\/\/shop.corroprotec.com\/fr\/#organization"},"potentialAction":[{"@type":"SearchAction","target":{"@type":"EntryPoint","urlTemplate":"https:\/\/shop.corroprotec.com\/fr\/?s={search_term_string}"},"query-input":"required name=search_term_string"}],"inLanguage":"fr-FR"},{"@type":"Organization","@id":"https:\/\/shop.corroprotec.com\/fr\/#organization","name":"Corro-Protec","url":"https:\/\/shop.corroprotec.com\/fr\/","sameAs":["https:\/\/www.facebook.com\/corroprotec\/","https:\/\/twitter.com\/corroprotec"],"logo":{"@type":"ImageObject","inLanguage":"fr-FR","@id":"https:\/\/shop.corroprotec.com\/fr\/#\/schema\/logo\/image\/","url":"https:\/\/shop.corroprotec.com\/app\/uploads\/2024\/03\/logo-corro-v-blanc-fond-vert-rgb.png","contentUrl":"https:\/\/shop.corroprotec.com\/app\/uploads\/2024\/03\/logo-corro-v-blanc-fond-vert-rgb.png","width":2000,"height":1244,"caption":"Corro-Protec"},"image":{"@id":"https:\/\/shop.corroprotec.com\/fr\/#\/schema\/logo\/image\/"}}]}},"_links":{"self":[{"href":"https:\/\/shop.corroprotec.com\/fr\/wp-json\/wp\/v2\/pages\/2275"}],"collection":[{"href":"https:\/\/shop.corroprotec.com\/fr\/wp-json\/wp\/v2\/pages"}],"about":[{"href":"https:\/\/shop.corroprotec.com\/fr\/wp-json\/wp\/v2\/types\/page"}],"author":[{"embeddable":true,"href":"https:\/\/shop.corroprotec.com\/fr\/wp-json\/wp\/v2\/users\/1"}],"replies":[{"embeddable":true,"href":"https:\/\/shop.corroprotec.com\/fr\/wp-json\/wp\/v2\/comments?post=2275"}],"version-history":[{"count":40,"href":"https:\/\/shop.corroprotec.com\/fr\/wp-json\/wp\/v2\/pages\/2275\/revisions"}],"predecessor-version":[{"id":16102,"href":"https:\/\/shop.corroprotec.com\/fr\/wp-json\/wp\/v2\/pages\/2275\/revisions\/16102"}],"wp:attachment":[{"href":"https:\/\/shop.corroprotec.com\/fr\/wp-json\/wp\/v2\/media?parent=2275"}],"curies":[{"name":"wp","href":"https:\/\/api.w.org\/{rel}","templated":true}]}}