{"id":2267,"date":"2022-07-07T11:25:43","date_gmt":"2022-07-07T15:25:43","guid":{"rendered":"https:\/\/shop.corroprotec.com\/terms-conditions\/"},"modified":"2023-07-04T10:55:42","modified_gmt":"2023-07-04T14:55:42","slug":"termes-et-conditions","status":"publish","type":"page","link":"https:\/\/shop.corroprotec.com\/fr\/termes-et-conditions\/","title":{"rendered":"Termes et conditions"},"content":{"rendered":"<div class=\"o-container-text\">\n<h2>Bienvenue chez Groupe HPA Inc<\/h2>\n<\/div>\n\n<div class=\"o-container-text\">\n<p>Ces termes et conditions d\u00e9crivent les r\u00e8gles et r\u00e8glements relatifs \u00e0 l&#8217;utilisation du site Web du Groupe HPA Inc. Groupe HPA Inc est situ\u00e9 au: 40 Boulevard Industriel, Princeville G6L 4P2 Qu\u00e9bec, Canada.<br>&nbsp;<br>En acc\u00e9dant \u00e0 ce site Web, nous supposons que vous acceptez ces termes et conditions dans leur int\u00e9gralit\u00e9. Ne continuez pas \u00e0 utiliser le site Web du Groupe HPA Inc si vous n&#8217;acceptez pas tous les termes et conditions \u00e9nonc\u00e9s sur cette page.<br>&nbsp;<br>La terminologie suivante s\u2019applique aux pr\u00e9sentes conditions g\u00e9n\u00e9rales, \u00e0 la d\u00e9claration de confidentialit\u00e9 et \u00e0 la clause de non-responsabilit\u00e9, ainsi qu\u2019\u00e0 tous les contrats: \u00abClient\u00bb, \u00abVous\u00bb et \u00abVotre\u00bb font r\u00e9f\u00e9rence \u00e0 vous, la personne acc\u00e9dant \u00e0 ce site Web et acceptant les conditions g\u00e9n\u00e9rales de la soci\u00e9t\u00e9.<br>\u00abLa soci\u00e9t\u00e9\u00bb, \u00abnous-m\u00eames\u00bb, \u00abnous\u00bb, \u00abnotre\u00bb et \u00abnous\u00bb d\u00e9signent notre soci\u00e9t\u00e9. \u00abPartie\u00bb, \u00abParties\u00bb ou \u00abNous\u00bb se r\u00e9f\u00e8rent \u00e0 la fois au client et \u00e0 nous-m\u00eames, ou au client ou \u00e0 nous-m\u00eames. Toutes les conditions font r\u00e9f\u00e9rence \u00e0 l&#8217;offre, \u00e0 l&#8217;acceptation et au paiement n\u00e9cessaire pour entreprendre le processus de notre assistance au client de la mani\u00e8re la plus appropri\u00e9e, que ce soit par des r\u00e9unions formelles d&#8217;une dur\u00e9e d\u00e9termin\u00e9e ou par tout autre moyen, dans le but expr\u00e8s de rencontrer le Les besoins du client en ce qui concerne la fourniture des services \/ produits indiqu\u00e9s de la soci\u00e9t\u00e9, conform\u00e9ment aux lois en vigueur au Canada et sous r\u00e9serve de ces lois. Toute utilisation de la terminologie ci-dessus ou d&#8217;autres mots au singulier, au pluriel, en majuscules et \/ ou il \/ elle ou eux sont consid\u00e9r\u00e9s comme interchangeables et par cons\u00e9quent comme d\u00e9signant ces termes.<\/p>\n<\/div>\n\n<div class=\"o-container-text\">\n<h3>Cookies<\/h3>\n<\/div>\n\n<div class=\"o-container-text\">\n<p>Nous utilisons des cookies. En utilisant le site Web de Groupe HPA Inc., vous consentez \u00e0 l&#8217;utilisation de cookies conform\u00e9ment \u00e0 la politique de confidentialit\u00e9 de Groupe HPA Inc. La plupart des sites Web interactifs modernes utilisent des cookies pour nous permettre de r\u00e9cup\u00e9rer les d\u00e9tails de l&#8217;utilisateur pour chaque visite. Les cookies sont utilis\u00e9s dans certaines zones de notre site pour permettre la fonctionnalit\u00e9 de cette zone et la facilit\u00e9 d&#8217;utilisation pour les personnes qui visitent. Certains de nos affili\u00e9s \/ partenaires publicitaires peuvent \u00e9galement utiliser des cookies.<\/p>\n<\/div>\n\n<div class=\"o-container-text\">\n<h3>Licence<\/h3>\n<\/div>\n\n<div class=\"o-container-text\">\n<p>Sauf indication contraire, Groupe HPA Inc et \/ ou ses conc\u00e9dants de licence d\u00e9tiennent les droits de propri\u00e9t\u00e9 intellectuelle sur tout le mat\u00e9riel de Groupe HPA Inc. Tous les droits de propri\u00e9t\u00e9 intellectuelle sont r\u00e9serv\u00e9s. Vous pouvez afficher et \/ ou imprimer des pages du site http:\/\/shop.corroprotec.com pour votre usage personnel, sous r\u00e9serve des restrictions d\u00e9finies dans les pr\u00e9sentes conditions g\u00e9n\u00e9rales.<\/p>\n<\/div>\n\n<div class=\"o-container-text\">\n<h3>Il ne faut pas:<\/h3>\n<\/div>\n\n<div class=\"o-container-text\">\n<ul><li>Republier du mat\u00e9riel de http:\/\/shop.corroprotec.com<\/li><li>Vendre, louer ou sous-licencier du mat\u00e9riel de http:\/\/shop.corroprotec.com<\/li><li>Reproduire, dupliquer ou copier des documents de http:\/\/shop.corroprotec.com<\/li><li>Redistribuez le contenu de Groupe HPA Inc (sauf si le contenu est sp\u00e9cialement con\u00e7u pour la redistribution).<br><\/li><\/ul>\n<\/div>\n\n<div class=\"o-container-text\">\n<p><strong>Liens hypertextes vers notre contenu:<\/strong><\/p>\n<\/div>\n\n<div class=\"o-container-text\">\n<ul><li>Les organisations suivantes peuvent cr\u00e9er un lien vers notre site Web sans autorisation \u00e9crite pr\u00e9alable:<\/li><li>Organismes gouvernementaux;<\/li><li>Moteurs de recherche;<\/li><li>Organismes de presse;<\/li><\/ul>\n<\/div>\n\n<div class=\"o-container-text\">\n<p>Les distributeurs d\u2019annuaires en ligne qui figurent dans notre annuaire peuvent cr\u00e9er un lien vers notre site Web de la m\u00eame mani\u00e8re qu\u2019ils cr\u00e9ent un lien hypertexte vers les sites Web d\u2019autres entreprises r\u00e9pertori\u00e9es; et Entreprises accr\u00e9dit\u00e9es \u00e0 l\u2019\u00e9chelle du syst\u00e8me, \u00e0 l\u2019exception des organisations \u00e0 but non lucratif, des centres commerciaux des \u0153uvres de bienfaisance et des groupes de collecte de fonds qui ne peuvent pas cr\u00e9er de lien hypertexte vers notre site Web.<br>Ces organisations peuvent cr\u00e9er un lien vers notre page d&#8217;accueil, vers des publications ou vers d&#8217;autres informations sur le site Web tant que le lien: (a) n&#8217;est en aucun cas trompeur; (b) n&#8217;implique pas \u00e0 tort un parrainage, une approbation ou une approbation de la partie liante et de ses produits ou services; et (c) s&#8217;inscrit dans le contexte du site de la partie liante.<br>&nbsp;<br>Nous pouvons examiner et approuver, \u00e0 notre enti\u00e8re discr\u00e9tion, d&#8217;autres demandes de lien \u00e9manant des types d&#8217;organisations suivants:<br>des sources d&#8217;information courantes sur les consommateurs et \/ ou les entreprises, telles que les chambres de commerce, l&#8217;American Automobile Association, l&#8217;AARP et le Consumers Union; sites de la communaut\u00e9 dot.com; associations ou autres groupes repr\u00e9sentant des \u0153uvres de bienfaisance, y compris des sites de dons, des distributeurs de r\u00e9pertoires en ligne; portails internet; cabinets comptables, juristes et consultants dont les clients principaux sont des entreprises; les \u00e9tablissements d&#8217;enseignement et les associations professionnelles.<br>Nous approuverons les demandes de lien de ces organisations si nous d\u00e9terminons que: (a) le lien ne nuirait pas \u00e0 notre situation ni \u00e0 celle de nos entreprises accr\u00e9dit\u00e9es (par exemple, des associations professionnelles ou d\u2019autres organisations repr\u00e9sentant des types d&#8217;activit\u00e9s intrins\u00e8quement suspects, telles que le travail \u00e0 domicile); possibilit\u00e9s de domicile, ne doivent pas \u00eatre autoris\u00e9s \u00e0 se connecter); (b) l&#8217;organisation n&#8217;a pas un dossier insatisfaisant avec nous; (c) le b\u00e9n\u00e9fice que nous tire de la visibilit\u00e9 associ\u00e9e au lien hypertexte l&#8217;emporte sur l&#8217;absence de; et (d) lorsque le lien se trouve dans le contexte d&#8217;informations g\u00e9n\u00e9rales sur les ressources ou est en accord avec le contenu \u00e9ditorial d&#8217;un bulletin d&#8217;information ou d&#8217;un produit similaire renfor\u00e7ant la mission de l&#8217;organisation.<br>&nbsp;<br>Ces organisations peuvent cr\u00e9er un lien vers notre page d&#8217;accueil, vers des publications ou vers d&#8217;autres informations sur le site Web tant que le lien: (a) n&#8217;est en aucun cas trompeur; (b) n&#8217;implique pas \u00e0 tort un parrainage, une approbation ou une approbation de la partie liante et de ses produits ou services; et (c) s&#8217;inscrit dans le contexte du site de la partie liante.<br>Si vous faites partie des organisations \u00e9num\u00e9r\u00e9es au paragraphe 2 ci-dessus et que vous souhaitez vous connecter \u00e0 notre site Web, vous devez nous en informer en envoyant un courrier \u00e9lectronique \u00e0 info@shop.corroprotec.com.<br>&nbsp;<br>Veuillez inclure votre nom, le nom de votre organisation, vos coordonn\u00e9es (telles qu&#8217;un num\u00e9ro de t\u00e9l\u00e9phone et \/ ou une adresse \u00e9lectronique), ainsi que l&#8217;URL de votre site, une liste des URL \u00e0 partir desquelles vous souhaitez cr\u00e9er un lien vers notre site Web. et une liste des URL sur notre site vers lesquelles vous souhaitez cr\u00e9er un lien. Pr\u00e9voyez 2-3 semaines pour une r\u00e9ponse.<br>&nbsp;<br><strong>Les organisations approuv\u00e9es peuvent cr\u00e9er un hyperlien vers notre site Web comme suit:<\/strong><\/p>\n<\/div>\n\n<div class=\"o-container-text\">\n<p>En utilisant notre d\u00e9nomination sociale; ou En utilisant le localisateur de ressources uniforme (adresse Web) auquel il est li\u00e9; ou En utilisant toute autre description de notre site Web ou du mat\u00e9riel li\u00e9 \u00e0 qui a du sens dans le contexte et le format du contenu sur le site de la partie liante.<br>&nbsp;<br>Aucune utilisation du logo du Groupe HPA Inc ou de toute autre \u0153uvre d&#8217;art ne sera autoris\u00e9e pour lier un contrat de licence de marque, des cadres sans autorisation pr\u00e9alable et autorisation \u00e9crite expresse, vous ne pouvez pas cr\u00e9er de cadres autour de nos pages Web ou utiliser d&#8217;autres techniques qui alt\u00e8rent de quelque mani\u00e8re que ce soit le visuel. pr\u00e9sentation ou apparence de notre site Web.<\/p>\n<\/div>\n\n<div class=\"o-container-text\">\n<h3>R\u00e9serve de droits<\/h3>\n<\/div>\n\n<div class=\"o-container-text\">\n<p>Nous nous r\u00e9servons le droit, \u00e0 tout moment et \u00e0 sa seule discr\u00e9tion, de vous demander de supprimer tous les liens ou tout lien particulier vers notre site Web. Vous acceptez de supprimer imm\u00e9diatement tous les liens vers notre site Web sur une telle demande. Nous nous r\u00e9servons \u00e9galement le droit de modifier \u00e0 tout moment les pr\u00e9sentes conditions g\u00e9n\u00e9rales et sa politique de liaison. En continuant \u00e0 vous relier \u00e0 notre site Web, vous acceptez d&#8217;\u00eatre li\u00e9 et de respecter ces termes et conditions.<\/p>\n<\/div>\n\n<div class=\"o-container-text\">\n<h3>Suppression des liens de notre site Web<\/h3>\n<\/div>\n\n<div class=\"o-container-text\">\n<p>Si vous trouvez un lien sur notre site Web ou un site Web li\u00e9 inacceptable pour une raison quelconque, vous pouvez nous contacter \u00e0 ce sujet. Nous examinerons les demandes de suppression de liens, mais nous n\u2019aurons aucune obligation de le faire ou de vous r\u00e9pondre directement. Bien que nous nous efforcions de nous assurer que les informations de ce site sont correctes, nous ne garantissons pas leur exhaustivit\u00e9 ni leur exactitude; Nous ne nous engageons pas non plus \u00e0 faire en sorte que le site Web reste disponible ou que le contenu du site Web soit tenu \u00e0 jour.<\/p>\n<\/div>\n\n<div class=\"o-container-text\">\n<h3>Responsabilit\u00e9 du contenu<\/h3>\n<\/div>\n\n<div class=\"o-container-text\">\n<p>Nous n&#8217;assumerons aucune responsabilit\u00e9 pour tout contenu apparaissant sur votre site Web. Vous acceptez de nous indemniser et de nous d\u00e9fendre contre toutes les r\u00e9clamations d\u00e9coulant de ou bas\u00e9es sur votre site Web. Aucun lien ne peut appara\u00eetre sur aucune page de votre site Web ni dans aucun contexte contenant du contenu ou des \u00e9l\u00e9ments pouvant \u00eatre interpr\u00e9t\u00e9s comme calomnieux, obsc\u00e8ne ou criminel, ou qui enfreignent, violent ou pr\u00e9conisent l\u2019infraction ou une autre violation de droits de tiers.<\/p>\n<\/div>","protected":false},"excerpt":{"rendered":"<p>Bienvenue chez Groupe HPA Inc Ces termes et conditions d\u00e9crivent les r\u00e8gles et r\u00e8glements relatifs \u00e0 l&#8217;utilisation du site Web du Groupe HPA Inc. Groupe [&hellip;]<\/p>\n","protected":false},"author":1,"featured_media":0,"parent":0,"menu_order":0,"comment_status":"closed","ping_status":"closed","template":"","meta":{"_relevanssi_hide_post":"","_relevanssi_hide_content":"","_relevanssi_pin_for_all":"","_relevanssi_pin_keywords":"","_relevanssi_unpin_keywords":"","_relevanssi_related_keywords":"","_relevanssi_related_include_ids":"","_relevanssi_related_exclude_ids":"","_relevanssi_related_no_append":"","_relevanssi_related_not_related":"","_relevanssi_related_posts":"283,296,287,303,316,309","_relevanssi_noindex_reason":""},"acf":[],"yoast_head":"<!-- This site is optimized with the Yoast SEO Premium plugin v19.3 (Yoast SEO v19.7) - https:\/\/yoast.com\/wordpress\/plugins\/seo\/ -->\n<title>Termes et conditions - Corro-Protec<\/title>\n<meta name=\"description\" content=\"Familiarisez-vous avec nos r\u00e8gles, droits et responsabilit\u00e9s mutuelles afin de garantir une utilisation s\u00fbre et harmonieuse de nos services.\" \/>\n<meta name=\"robots\" content=\"noindex, follow, max-snippet:-1, max-image-preview:large, max-video-preview:-1\" \/>\n<meta property=\"og:locale\" content=\"fr_FR\" \/>\n<meta property=\"og:type\" content=\"article\" \/>\n<meta property=\"og:title\" content=\"Termes et conditions\" \/>\n<meta property=\"og:description\" content=\"Familiarisez-vous avec nos r\u00e8gles, droits et responsabilit\u00e9s mutuelles afin de garantir une utilisation s\u00fbre et harmonieuse de nos services.\" \/>\n<meta property=\"og:url\" content=\"https:\/\/shop.corroprotec.com\/fr\/termes-et-conditions\/\" \/>\n<meta property=\"og:site_name\" content=\"Corro-Protec\" \/>\n<meta property=\"article:publisher\" content=\"https:\/\/www.facebook.com\/corroprotec\/\" \/>\n<meta property=\"article:modified_time\" content=\"2023-07-04T14:55:42+00:00\" \/>\n<meta property=\"og:image\" content=\"https:\/\/shop.corroprotec.com\/app\/uploads\/2022\/09\/og-en-min.jpg\" \/>\n\t<meta property=\"og:image:width\" content=\"1200\" \/>\n\t<meta property=\"og:image:height\" content=\"630\" \/>\n\t<meta property=\"og:image:type\" content=\"image\/jpeg\" \/>\n<meta name=\"twitter:card\" content=\"summary_large_image\" \/>\n<meta name=\"twitter:site\" content=\"@corroprotec\" \/>\n<meta name=\"twitter:label1\" content=\"Est. reading time\" \/>\n\t<meta name=\"twitter:data1\" content=\"7 minutes\" \/>\n<script type=\"application\/ld+json\" class=\"yoast-schema-graph\">{\"@context\":\"https:\/\/schema.org\",\"@graph\":[{\"@type\":\"WebPage\",\"@id\":\"https:\/\/shop.corroprotec.com\/fr\/termes-et-conditions\/\",\"url\":\"https:\/\/shop.corroprotec.com\/fr\/termes-et-conditions\/\",\"name\":\"Termes et conditions - Corro-Protec\",\"isPartOf\":{\"@id\":\"https:\/\/shop.corroprotec.com\/fr\/#website\"},\"datePublished\":\"2022-07-07T15:25:43+00:00\",\"dateModified\":\"2023-07-04T14:55:42+00:00\",\"description\":\"Familiarisez-vous avec nos r\u00e8gles, droits et responsabilit\u00e9s mutuelles afin de garantir une utilisation s\u00fbre et harmonieuse de nos services.\",\"breadcrumb\":{\"@id\":\"https:\/\/shop.corroprotec.com\/fr\/termes-et-conditions\/#breadcrumb\"},\"inLanguage\":\"fr-FR\",\"potentialAction\":[{\"@type\":\"ReadAction\",\"target\":[\"https:\/\/shop.corroprotec.com\/fr\/termes-et-conditions\/\"]}]},{\"@type\":\"BreadcrumbList\",\"@id\":\"https:\/\/shop.corroprotec.com\/fr\/termes-et-conditions\/#breadcrumb\",\"itemListElement\":[{\"@type\":\"ListItem\",\"position\":1,\"name\":\"Home\",\"item\":\"https:\/\/shop.corroprotec.com\/fr\/\"},{\"@type\":\"ListItem\",\"position\":2,\"name\":\"Termes et conditions\"}]},{\"@type\":\"WebSite\",\"@id\":\"https:\/\/shop.corroprotec.com\/fr\/#website\",\"url\":\"https:\/\/shop.corroprotec.com\/fr\/\",\"name\":\"Corro-Protec\",\"description\":\"\",\"publisher\":{\"@id\":\"https:\/\/shop.corroprotec.com\/fr\/#organization\"},\"potentialAction\":[{\"@type\":\"SearchAction\",\"target\":{\"@type\":\"EntryPoint\",\"urlTemplate\":\"https:\/\/shop.corroprotec.com\/fr\/?s={search_term_string}\"},\"query-input\":\"required name=search_term_string\"}],\"inLanguage\":\"fr-FR\"},{\"@type\":\"Organization\",\"@id\":\"https:\/\/shop.corroprotec.com\/fr\/#organization\",\"name\":\"Corro-Protec\",\"url\":\"https:\/\/shop.corroprotec.com\/fr\/\",\"sameAs\":[\"https:\/\/www.facebook.com\/corroprotec\/\",\"https:\/\/twitter.com\/corroprotec\"],\"logo\":{\"@type\":\"ImageObject\",\"inLanguage\":\"fr-FR\",\"@id\":\"https:\/\/shop.corroprotec.com\/fr\/#\/schema\/logo\/image\/\",\"url\":\"https:\/\/shop.corroprotec.com\/app\/uploads\/2024\/03\/logo-corro-v-blanc-fond-vert-rgb.png\",\"contentUrl\":\"https:\/\/shop.corroprotec.com\/app\/uploads\/2024\/03\/logo-corro-v-blanc-fond-vert-rgb.png\",\"width\":2000,\"height\":1244,\"caption\":\"Corro-Protec\"},\"image\":{\"@id\":\"https:\/\/shop.corroprotec.com\/fr\/#\/schema\/logo\/image\/\"}}]}<\/script>\n<!-- \/ Yoast SEO Premium plugin. -->","yoast_head_json":{"title":"Termes et conditions - Corro-Protec","description":"Familiarisez-vous avec nos r\u00e8gles, droits et responsabilit\u00e9s mutuelles afin de garantir une utilisation s\u00fbre et harmonieuse de nos services.","robots":{"index":"noindex","follow":"follow","max-snippet":"max-snippet:-1","max-image-preview":"max-image-preview:large","max-video-preview":"max-video-preview:-1"},"og_locale":"fr_FR","og_type":"article","og_title":"Termes et conditions","og_description":"Familiarisez-vous avec nos r\u00e8gles, droits et responsabilit\u00e9s mutuelles afin de garantir une utilisation s\u00fbre et harmonieuse de nos services.","og_url":"https:\/\/shop.corroprotec.com\/fr\/termes-et-conditions\/","og_site_name":"Corro-Protec","article_publisher":"https:\/\/www.facebook.com\/corroprotec\/","article_modified_time":"2023-07-04T14:55:42+00:00","og_image":[{"width":1200,"height":630,"url":"https:\/\/shop.corroprotec.com\/app\/uploads\/2022\/09\/og-en-min.jpg","type":"image\/jpeg"}],"twitter_card":"summary_large_image","twitter_site":"@corroprotec","twitter_misc":{"Est. reading time":"7 minutes"},"schema":{"@context":"https:\/\/schema.org","@graph":[{"@type":"WebPage","@id":"https:\/\/shop.corroprotec.com\/fr\/termes-et-conditions\/","url":"https:\/\/shop.corroprotec.com\/fr\/termes-et-conditions\/","name":"Termes et conditions - Corro-Protec","isPartOf":{"@id":"https:\/\/shop.corroprotec.com\/fr\/#website"},"datePublished":"2022-07-07T15:25:43+00:00","dateModified":"2023-07-04T14:55:42+00:00","description":"Familiarisez-vous avec nos r\u00e8gles, droits et responsabilit\u00e9s mutuelles afin de garantir une utilisation s\u00fbre et harmonieuse de nos services.","breadcrumb":{"@id":"https:\/\/shop.corroprotec.com\/fr\/termes-et-conditions\/#breadcrumb"},"inLanguage":"fr-FR","potentialAction":[{"@type":"ReadAction","target":["https:\/\/shop.corroprotec.com\/fr\/termes-et-conditions\/"]}]},{"@type":"BreadcrumbList","@id":"https:\/\/shop.corroprotec.com\/fr\/termes-et-conditions\/#breadcrumb","itemListElement":[{"@type":"ListItem","position":1,"name":"Home","item":"https:\/\/shop.corroprotec.com\/fr\/"},{"@type":"ListItem","position":2,"name":"Termes et conditions"}]},{"@type":"WebSite","@id":"https:\/\/shop.corroprotec.com\/fr\/#website","url":"https:\/\/shop.corroprotec.com\/fr\/","name":"Corro-Protec","description":"","publisher":{"@id":"https:\/\/shop.corroprotec.com\/fr\/#organization"},"potentialAction":[{"@type":"SearchAction","target":{"@type":"EntryPoint","urlTemplate":"https:\/\/shop.corroprotec.com\/fr\/?s={search_term_string}"},"query-input":"required name=search_term_string"}],"inLanguage":"fr-FR"},{"@type":"Organization","@id":"https:\/\/shop.corroprotec.com\/fr\/#organization","name":"Corro-Protec","url":"https:\/\/shop.corroprotec.com\/fr\/","sameAs":["https:\/\/www.facebook.com\/corroprotec\/","https:\/\/twitter.com\/corroprotec"],"logo":{"@type":"ImageObject","inLanguage":"fr-FR","@id":"https:\/\/shop.corroprotec.com\/fr\/#\/schema\/logo\/image\/","url":"https:\/\/shop.corroprotec.com\/app\/uploads\/2024\/03\/logo-corro-v-blanc-fond-vert-rgb.png","contentUrl":"https:\/\/shop.corroprotec.com\/app\/uploads\/2024\/03\/logo-corro-v-blanc-fond-vert-rgb.png","width":2000,"height":1244,"caption":"Corro-Protec"},"image":{"@id":"https:\/\/shop.corroprotec.com\/fr\/#\/schema\/logo\/image\/"}}]}},"_links":{"self":[{"href":"https:\/\/shop.corroprotec.com\/fr\/wp-json\/wp\/v2\/pages\/2267"}],"collection":[{"href":"https:\/\/shop.corroprotec.com\/fr\/wp-json\/wp\/v2\/pages"}],"about":[{"href":"https:\/\/shop.corroprotec.com\/fr\/wp-json\/wp\/v2\/types\/page"}],"author":[{"embeddable":true,"href":"https:\/\/shop.corroprotec.com\/fr\/wp-json\/wp\/v2\/users\/1"}],"replies":[{"embeddable":true,"href":"https:\/\/shop.corroprotec.com\/fr\/wp-json\/wp\/v2\/comments?post=2267"}],"version-history":[{"count":4,"href":"https:\/\/shop.corroprotec.com\/fr\/wp-json\/wp\/v2\/pages\/2267\/revisions"}],"predecessor-version":[{"id":7859,"href":"https:\/\/shop.corroprotec.com\/fr\/wp-json\/wp\/v2\/pages\/2267\/revisions\/7859"}],"wp:attachment":[{"href":"https:\/\/shop.corroprotec.com\/fr\/wp-json\/wp\/v2\/media?parent=2267"}],"curies":[{"name":"wp","href":"https:\/\/api.w.org\/{rel}","templated":true}]}}