{"id":2255,"date":"2022-07-07T11:21:22","date_gmt":"2022-07-07T15:21:22","guid":{"rendered":"https:\/\/shop.corroprotec.com\/environment\/"},"modified":"2023-07-04T10:04:42","modified_gmt":"2023-07-04T14:04:42","slug":"environnement","status":"publish","type":"page","link":"https:\/\/shop.corroprotec.com\/fr\/environnement\/","title":{"rendered":"Environnement"},"content":{"rendered":"<div class=\"o-container-text\">\n<h2 class=\"has-text-align-center is-style-no-margin-bottom\">NOUS DONNONS PLUS. EN EXIGEANT MOINS.<\/h2>\n<\/div>\n\n<section id=\"block-block_6328a88536d90-\" class=\"o-section\">\n    <div class=\"o-container-text\">\n        <div class=\"o-text\">\n            <div class=\"wp-block-media-text alignwide is-stacked-on-mobile has-media-on-the-right\">\n                <figure class=\"wp-block-media-text__media\">\n                                        <div class=\"o-responsive-img \" style=\"padding-top:76.335877862595%;\"><img width=\"1265\" height=\"1005\" src=\"https:\/\/shop.corroprotec.com\/app\/uploads\/2022\/08\/elephant-icon-e1552935806929.webp\" class=\"attachment-large size-large\" alt=\"\" loading=\"lazy\" sizes=\"(min-width: 768px) 36vw, 92vw\" srcset=\"https:\/\/shop.corroprotec.com\/app\/uploads\/2022\/08\/elephant-icon-e1552935806929.webp 1265w, https:\/\/shop.corroprotec.com\/app\/uploads\/2022\/08\/elephant-icon-e1552935806929-1024x814.webp 1024w, https:\/\/shop.corroprotec.com\/app\/uploads\/2022\/08\/elephant-icon-e1552935806929-500x397.webp 500w, https:\/\/shop.corroprotec.com\/app\/uploads\/2022\/08\/elephant-icon-e1552935806929-768x610.webp 768w\" \/><\/div>                                    <\/figure>\n                <div class=\"wp-block-media-text__content\">\n                    <p class=\"-large\">10 000 000 livres de mat\u00e9riaux sont prot\u00e9g\u00e9es par nos anodes partout en Am\u00e9rique du Nord !<br \/>\n99% de l\u2019\u00e9nergie utilis\u00e9e par notre usine de fabrication provient d\u2019une source d\u2019\u00e9nergie propre et renouvelable !<br \/>\n0 litre d\u2019eau utilis\u00e9 pour fabriquer une anode \u00e0 notre usine au Qu\u00e9bec<\/p>\n<p>C\u2019est bizarre de voir un \u00e9l\u00e9phant ici, n\u2019est-ce pas ?<br \/>\nEh bien, pas du tout ! En fait, nous aurions d\u00fb afficher 90 000 \u00e9l\u00e9phants ici.<br \/>\nChaque ann\u00e9e, plus de 8 millions de chauffe-eaux sont chang\u00e9s en Am\u00e9rique du Nord. Ce qui repr\u00e9sente 1 000 000 000 livres de mat\u00e9riel, soit l\u2019\u00e9quivalent de 90 000 \u00e9l\u00e9phants ! C\u2019est \u00e9norme.<br \/>\nAvec votre aide, nous pouvons r\u00e9duire consid\u00e9rablement ce nombre !<\/p>\n<p><a class=\"o-button-wysiwyg\" href=\"\/\">Prot\u00e9ger votre r\u00e9servoir maintenant!<\/a><\/p>\n                <\/div>\n            <\/div>\n        <\/div>\n    <\/div>\n<\/section>\n\n\n<div class=\"o-container-text\">\n<div class=\"wp-block-media-text alignwide is-stacked-on-mobile\"><figure class=\"wp-block-media-text__media\"><img loading=\"lazy\" width=\"1389\" height=\"1674\" src=\"https:\/\/shop.corroprotec.com\/app\/uploads\/2022\/09\/Photo_Arbre.webp\" alt=\"\" class=\"wp-image-3367 size-full\" srcset=\"https:\/\/shop.corroprotec.com\/app\/uploads\/2022\/09\/Photo_Arbre.webp 1389w, https:\/\/shop.corroprotec.com\/app\/uploads\/2022\/09\/Photo_Arbre-1024x1234.webp 1024w, https:\/\/shop.corroprotec.com\/app\/uploads\/2022\/09\/Photo_Arbre-500x603.webp 500w, https:\/\/shop.corroprotec.com\/app\/uploads\/2022\/09\/Photo_Arbre-768x926.webp 768w, https:\/\/shop.corroprotec.com\/app\/uploads\/2022\/09\/Photo_Arbre-1274x1536.webp 1274w\" sizes=\"(max-width: 1389px) 100vw, 1389px\" \/><\/figure><div class=\"wp-block-media-text__content\"><div class=\"o-container-text\">\n<h2><strong>R\u00e9duire notre empreinte \u00e9cologique<\/strong><\/h2>\n<\/div>\n\n<div class=\"o-container-text\">\n<p><strong>M\u00eame apr\u00e8s tout cela, nous savions que nous pouvions faire encore plus!<\/strong><\/p>\n<\/div>\n\n<div class=\"o-container-text\">\n<p>Depuis janvier 2019, nous avons d\u00e9cid\u00e9 d\u2019annuler une partie de nos \u00e9missions de CO2 en plantant 5000 arbres par an dans certains pays en d\u00e9veloppement avec l\u2019aide d\u2019Eden Projects. Nous sommes fiers de notre impact ann\u00e9e apr\u00e8s ann\u00e9e et nous continuons \u00e0 trouver de nouvelles fa\u00e7ons de progresser et de nous am\u00e9liorer !<\/p>\n<\/div><\/div><\/div>\n<\/div>","protected":false},"excerpt":{"rendered":"<p>NOUS DONNONS PLUS. EN EXIGEANT MOINS. R\u00e9duire notre empreinte \u00e9cologique M\u00eame apr\u00e8s tout cela, nous savions que nous pouvions faire encore plus! Depuis janvier 2019, [&hellip;]<\/p>\n","protected":false},"author":1,"featured_media":1590,"parent":0,"menu_order":0,"comment_status":"closed","ping_status":"closed","template":"","meta":{"_relevanssi_hide_post":"","_relevanssi_hide_content":"","_relevanssi_pin_for_all":"","_relevanssi_pin_keywords":"","_relevanssi_unpin_keywords":"","_relevanssi_related_keywords":"","_relevanssi_related_include_ids":"","_relevanssi_related_exclude_ids":"","_relevanssi_related_no_append":"","_relevanssi_related_not_related":"","_relevanssi_related_posts":"303,341,326,281,258,312","_relevanssi_noindex_reason":""},"acf":[],"yoast_head":"<!-- This site is optimized with the Yoast SEO Premium plugin v19.3 (Yoast SEO v19.7) - https:\/\/yoast.com\/wordpress\/plugins\/seo\/ -->\n<title>Environnement - Corro-Protec<\/title>\n<meta name=\"description\" content=\"D\u00e9couvrez comment on s&#039;engage pour la protection de l&#039;environnement. Nous int\u00e9grons des pratiques durables dans nos produits et services.\" \/>\n<meta name=\"robots\" content=\"noindex, follow, max-snippet:-1, max-image-preview:large, max-video-preview:-1\" \/>\n<meta property=\"og:locale\" content=\"fr_FR\" \/>\n<meta property=\"og:type\" content=\"article\" \/>\n<meta property=\"og:title\" content=\"Environnement\" \/>\n<meta property=\"og:description\" content=\"D\u00e9couvrez comment on s&#039;engage pour la protection de l&#039;environnement. Nous int\u00e9grons des pratiques durables dans nos produits et services.\" \/>\n<meta property=\"og:url\" content=\"https:\/\/shop.corroprotec.com\/fr\/environnement\/\" \/>\n<meta property=\"og:site_name\" content=\"Corro-Protec\" \/>\n<meta property=\"article:publisher\" content=\"https:\/\/www.facebook.com\/corroprotec\/\" \/>\n<meta property=\"article:modified_time\" content=\"2023-07-04T14:04:42+00:00\" \/>\n<meta property=\"og:image\" content=\"https:\/\/shop.corroprotec.com\/app\/uploads\/2022\/08\/elephant-icon-e1552935806929.webp\" \/>\n\t<meta property=\"og:image:width\" content=\"1265\" \/>\n\t<meta property=\"og:image:height\" content=\"1005\" \/>\n\t<meta property=\"og:image:type\" content=\"image\/webp\" \/>\n<meta name=\"twitter:card\" content=\"summary_large_image\" \/>\n<meta name=\"twitter:site\" content=\"@corroprotec\" \/>\n<meta name=\"twitter:label1\" content=\"Est. reading time\" \/>\n\t<meta name=\"twitter:data1\" content=\"1 minute\" \/>\n<script type=\"application\/ld+json\" class=\"yoast-schema-graph\">{\"@context\":\"https:\/\/schema.org\",\"@graph\":[{\"@type\":\"WebPage\",\"@id\":\"https:\/\/shop.corroprotec.com\/fr\/environnement\/\",\"url\":\"https:\/\/shop.corroprotec.com\/fr\/environnement\/\",\"name\":\"Environnement - Corro-Protec\",\"isPartOf\":{\"@id\":\"https:\/\/shop.corroprotec.com\/fr\/#website\"},\"datePublished\":\"2022-07-07T15:21:22+00:00\",\"dateModified\":\"2023-07-04T14:04:42+00:00\",\"description\":\"D\u00e9couvrez comment on s'engage pour la protection de l'environnement. Nous int\u00e9grons des pratiques durables dans nos produits et services.\",\"breadcrumb\":{\"@id\":\"https:\/\/shop.corroprotec.com\/fr\/environnement\/#breadcrumb\"},\"inLanguage\":\"fr-FR\",\"potentialAction\":[{\"@type\":\"ReadAction\",\"target\":[\"https:\/\/shop.corroprotec.com\/fr\/environnement\/\"]}]},{\"@type\":\"BreadcrumbList\",\"@id\":\"https:\/\/shop.corroprotec.com\/fr\/environnement\/#breadcrumb\",\"itemListElement\":[{\"@type\":\"ListItem\",\"position\":1,\"name\":\"Home\",\"item\":\"https:\/\/shop.corroprotec.com\/fr\/\"},{\"@type\":\"ListItem\",\"position\":2,\"name\":\"Environnement\"}]},{\"@type\":\"WebSite\",\"@id\":\"https:\/\/shop.corroprotec.com\/fr\/#website\",\"url\":\"https:\/\/shop.corroprotec.com\/fr\/\",\"name\":\"Corro-Protec\",\"description\":\"\",\"publisher\":{\"@id\":\"https:\/\/shop.corroprotec.com\/fr\/#organization\"},\"potentialAction\":[{\"@type\":\"SearchAction\",\"target\":{\"@type\":\"EntryPoint\",\"urlTemplate\":\"https:\/\/shop.corroprotec.com\/fr\/?s={search_term_string}\"},\"query-input\":\"required name=search_term_string\"}],\"inLanguage\":\"fr-FR\"},{\"@type\":\"Organization\",\"@id\":\"https:\/\/shop.corroprotec.com\/fr\/#organization\",\"name\":\"Corro-Protec\",\"url\":\"https:\/\/shop.corroprotec.com\/fr\/\",\"sameAs\":[\"https:\/\/www.facebook.com\/corroprotec\/\",\"https:\/\/twitter.com\/corroprotec\"],\"logo\":{\"@type\":\"ImageObject\",\"inLanguage\":\"fr-FR\",\"@id\":\"https:\/\/shop.corroprotec.com\/fr\/#\/schema\/logo\/image\/\",\"url\":\"https:\/\/shop.corroprotec.com\/app\/uploads\/2024\/03\/logo-corro-v-blanc-fond-vert-rgb.png\",\"contentUrl\":\"https:\/\/shop.corroprotec.com\/app\/uploads\/2024\/03\/logo-corro-v-blanc-fond-vert-rgb.png\",\"width\":2000,\"height\":1244,\"caption\":\"Corro-Protec\"},\"image\":{\"@id\":\"https:\/\/shop.corroprotec.com\/fr\/#\/schema\/logo\/image\/\"}}]}<\/script>\n<!-- \/ Yoast SEO Premium plugin. -->","yoast_head_json":{"title":"Environnement - Corro-Protec","description":"D\u00e9couvrez comment on s'engage pour la protection de l'environnement. Nous int\u00e9grons des pratiques durables dans nos produits et services.","robots":{"index":"noindex","follow":"follow","max-snippet":"max-snippet:-1","max-image-preview":"max-image-preview:large","max-video-preview":"max-video-preview:-1"},"og_locale":"fr_FR","og_type":"article","og_title":"Environnement","og_description":"D\u00e9couvrez comment on s'engage pour la protection de l'environnement. Nous int\u00e9grons des pratiques durables dans nos produits et services.","og_url":"https:\/\/shop.corroprotec.com\/fr\/environnement\/","og_site_name":"Corro-Protec","article_publisher":"https:\/\/www.facebook.com\/corroprotec\/","article_modified_time":"2023-07-04T14:04:42+00:00","og_image":[{"width":1265,"height":1005,"url":"https:\/\/shop.corroprotec.com\/app\/uploads\/2022\/08\/elephant-icon-e1552935806929.webp","type":"image\/webp"}],"twitter_card":"summary_large_image","twitter_site":"@corroprotec","twitter_misc":{"Est. reading time":"1 minute"},"schema":{"@context":"https:\/\/schema.org","@graph":[{"@type":"WebPage","@id":"https:\/\/shop.corroprotec.com\/fr\/environnement\/","url":"https:\/\/shop.corroprotec.com\/fr\/environnement\/","name":"Environnement - Corro-Protec","isPartOf":{"@id":"https:\/\/shop.corroprotec.com\/fr\/#website"},"datePublished":"2022-07-07T15:21:22+00:00","dateModified":"2023-07-04T14:04:42+00:00","description":"D\u00e9couvrez comment on s'engage pour la protection de l'environnement. Nous int\u00e9grons des pratiques durables dans nos produits et services.","breadcrumb":{"@id":"https:\/\/shop.corroprotec.com\/fr\/environnement\/#breadcrumb"},"inLanguage":"fr-FR","potentialAction":[{"@type":"ReadAction","target":["https:\/\/shop.corroprotec.com\/fr\/environnement\/"]}]},{"@type":"BreadcrumbList","@id":"https:\/\/shop.corroprotec.com\/fr\/environnement\/#breadcrumb","itemListElement":[{"@type":"ListItem","position":1,"name":"Home","item":"https:\/\/shop.corroprotec.com\/fr\/"},{"@type":"ListItem","position":2,"name":"Environnement"}]},{"@type":"WebSite","@id":"https:\/\/shop.corroprotec.com\/fr\/#website","url":"https:\/\/shop.corroprotec.com\/fr\/","name":"Corro-Protec","description":"","publisher":{"@id":"https:\/\/shop.corroprotec.com\/fr\/#organization"},"potentialAction":[{"@type":"SearchAction","target":{"@type":"EntryPoint","urlTemplate":"https:\/\/shop.corroprotec.com\/fr\/?s={search_term_string}"},"query-input":"required name=search_term_string"}],"inLanguage":"fr-FR"},{"@type":"Organization","@id":"https:\/\/shop.corroprotec.com\/fr\/#organization","name":"Corro-Protec","url":"https:\/\/shop.corroprotec.com\/fr\/","sameAs":["https:\/\/www.facebook.com\/corroprotec\/","https:\/\/twitter.com\/corroprotec"],"logo":{"@type":"ImageObject","inLanguage":"fr-FR","@id":"https:\/\/shop.corroprotec.com\/fr\/#\/schema\/logo\/image\/","url":"https:\/\/shop.corroprotec.com\/app\/uploads\/2024\/03\/logo-corro-v-blanc-fond-vert-rgb.png","contentUrl":"https:\/\/shop.corroprotec.com\/app\/uploads\/2024\/03\/logo-corro-v-blanc-fond-vert-rgb.png","width":2000,"height":1244,"caption":"Corro-Protec"},"image":{"@id":"https:\/\/shop.corroprotec.com\/fr\/#\/schema\/logo\/image\/"}}]}},"_links":{"self":[{"href":"https:\/\/shop.corroprotec.com\/fr\/wp-json\/wp\/v2\/pages\/2255"}],"collection":[{"href":"https:\/\/shop.corroprotec.com\/fr\/wp-json\/wp\/v2\/pages"}],"about":[{"href":"https:\/\/shop.corroprotec.com\/fr\/wp-json\/wp\/v2\/types\/page"}],"author":[{"embeddable":true,"href":"https:\/\/shop.corroprotec.com\/fr\/wp-json\/wp\/v2\/users\/1"}],"replies":[{"embeddable":true,"href":"https:\/\/shop.corroprotec.com\/fr\/wp-json\/wp\/v2\/comments?post=2255"}],"version-history":[{"count":15,"href":"https:\/\/shop.corroprotec.com\/fr\/wp-json\/wp\/v2\/pages\/2255\/revisions"}],"predecessor-version":[{"id":38910,"href":"https:\/\/shop.corroprotec.com\/fr\/wp-json\/wp\/v2\/pages\/2255\/revisions\/38910"}],"wp:featuredmedia":[{"embeddable":true,"href":"https:\/\/shop.corroprotec.com\/fr\/wp-json\/wp\/v2\/media\/1590"}],"wp:attachment":[{"href":"https:\/\/shop.corroprotec.com\/fr\/wp-json\/wp\/v2\/media?parent=2255"}],"curies":[{"name":"wp","href":"https:\/\/api.w.org\/{rel}","templated":true}]}}