{"id":2250,"date":"2022-07-07T11:22:20","date_gmt":"2022-07-07T15:22:20","guid":{"rendered":"https:\/\/shop.corroprotec.com\/social-and-community\/"},"modified":"2023-07-04T10:54:25","modified_gmt":"2023-07-04T14:54:25","slug":"social-et-communautaire","status":"publish","type":"page","link":"https:\/\/shop.corroprotec.com\/fr\/social-et-communautaire\/","title":{"rendered":"Social et communautaire"},"content":{"rendered":"<div class=\"o-container-text\">\n<h2>Social<\/h2>\n<\/div>\n\n<div class=\"o-container-text\">\n<p><strong>La diff\u00e9rence est notre plus grande force!<\/strong><\/p>\n<\/div>\n\n<div class=\"o-container-text\">\n<p>Ils disent que les actions parlent plus fort que les mots. Eh bien, nous sommes pass\u00e9s des paroles aux actes! Depuis juin 2018, nous sommes fiers d\u2019avoir embauch\u00e9 des personnes \u00e0 capacit\u00e9s r\u00e9duites pour les aider \u00e0 d\u00e9velopper leurs comp\u00e9tences et leur savoir-faire. Jour apr\u00e8s jour, nous avons la chance de les voir progresser et d\u2019\u00eatre fiers de leurs r\u00e9alisations ! En plus de faire une diff\u00e9rence pour l\u2019environnement, le Corro-Protec que vous avez install\u00e9 dans votre maison a am\u00e9lior\u00e9 la vie de quelqu\u2019un.<\/p>\n<\/div>\n\n<div class=\"o-container-text\">\n<h2>Christian<\/h2>\n<\/div>\n\n<div class=\"o-container-text\">\n<ul><li>Christian a commenc\u00e9 \u00e0 travailler avec nous en juillet 2018. Sa t\u00e2che principale est de d\u00e9marrer l\u2019assemblage des anodes.<\/li><li>M\u00eame si Christian est une personne r\u00e9serv\u00e9e, il aime parler de ses emplois pr\u00e9c\u00e9dents et de son exp\u00e9rience de travail avec les animaux. Il nous enseigne constamment de nouvelles choses qu\u2019il a vues \u00e0 la t\u00e9l\u00e9vision ou entendues dans sa famille. Il est certainement l\u2019employ\u00e9 le plus m\u00e9ticuleux que nous ayons jamais eu !<\/li><\/ul>\n<\/div>\n\n<div class=\"o-container-text\">\n<p><\/p>\n<\/div>\n\n<div class=\"o-container-text\">\n<h3>B\u00e9n\u00e9volat et dons<\/h3>\n<\/div>\n\n<div class=\"o-container-text\">\n<p><strong>Nous faisons une diff\u00e9rence partout o\u00f9 nous allons.<\/strong><\/p>\n<\/div>\n\n<div class=\"o-container-text\">\n<div class=\"wp-block-media-text alignwide is-stacked-on-mobile\"><figure class=\"wp-block-media-text__media\"><img loading=\"lazy\" width=\"1440\" height=\"863\" src=\"https:\/\/shop.corroprotec.com\/app\/uploads\/2022\/08\/35517443_191393984763318_2195540028485009408_o-1440x863.webp\" alt=\"\" class=\"wp-image-1608 size-full\" srcset=\"https:\/\/shop.corroprotec.com\/app\/uploads\/2022\/08\/35517443_191393984763318_2195540028485009408_o-1440x863.webp 1440w, https:\/\/shop.corroprotec.com\/app\/uploads\/2022\/08\/35517443_191393984763318_2195540028485009408_o-1024x614.webp 1024w, https:\/\/shop.corroprotec.com\/app\/uploads\/2022\/08\/35517443_191393984763318_2195540028485009408_o-500x300.webp 500w, https:\/\/shop.corroprotec.com\/app\/uploads\/2022\/08\/35517443_191393984763318_2195540028485009408_o-768x460.webp 768w, https:\/\/shop.corroprotec.com\/app\/uploads\/2022\/08\/35517443_191393984763318_2195540028485009408_o.webp 1500w\" sizes=\"(max-width: 1440px) 100vw, 1440px\" \/><\/figure><div class=\"wp-block-media-text__content\"><div class=\"o-container-text\">\n<ul><li>Plessisville, Qu\u00e9bec (Canada)<\/li><li>L\u2019\u00e9quipe de Corro-Protec \u00e9tait pr\u00e9sente au plus grand Relais pour la vie en Am\u00e9rique du Nord et a amass\u00e9 plus de 9 000 $ pour soutenir les personnes atteintes de cancer.<\/li><\/ul>\n<\/div><\/div><\/div>\n<\/div>\n\n<div class=\"o-container-text\">\n<div class=\"wp-block-group\"><div class=\"wp-block-group__inner-container\"><\/div>\n<\/div><\/div>\n\n<div class=\"o-container-text\">\n<figure class=\"wp-block-image size-full is-style-rounded\"><img loading=\"lazy\" width=\"750\" height=\"532\" src=\"https:\/\/shop.corroprotec.com\/app\/uploads\/2022\/08\/relayforlife-e1552935962929-1.webp\" alt=\"\" class=\"wp-image-1610\" srcset=\"https:\/\/shop.corroprotec.com\/app\/uploads\/2022\/08\/relayforlife-e1552935962929-1.webp 750w, https:\/\/shop.corroprotec.com\/app\/uploads\/2022\/08\/relayforlife-e1552935962929-1-500x355.webp 500w\" sizes=\"(max-width: 750px) 100vw, 750px\" \/><\/figure>\n<\/div>","protected":false},"excerpt":{"rendered":"<p>Social La diff\u00e9rence est notre plus grande force! Ils disent que les actions parlent plus fort que les mots. Eh bien, nous sommes pass\u00e9s des [&hellip;]<\/p>\n","protected":false},"author":1,"featured_media":0,"parent":0,"menu_order":0,"comment_status":"closed","ping_status":"closed","template":"","meta":{"_relevanssi_hide_post":"","_relevanssi_hide_content":"","_relevanssi_pin_for_all":"","_relevanssi_pin_keywords":"","_relevanssi_unpin_keywords":"","_relevanssi_related_keywords":"","_relevanssi_related_include_ids":"","_relevanssi_related_exclude_ids":"","_relevanssi_related_no_append":"","_relevanssi_related_not_related":"","_relevanssi_related_posts":"300,353,326,270,312,268","_relevanssi_noindex_reason":""},"acf":[],"yoast_head":"<!-- This site is optimized with the Yoast SEO Premium plugin v19.3 (Yoast SEO v19.7) - https:\/\/yoast.com\/wordpress\/plugins\/seo\/ -->\n<title>Social et communautaire - Corro-Protec<\/title>\n<meta name=\"description\" content=\"Social, b\u00e9n\u00e9volat et dons : Nous faisons une diff\u00e9rence dans notre communaut\u00e9, c&#039;est notre engagement!\" \/>\n<meta name=\"robots\" content=\"noindex, follow, max-snippet:-1, max-image-preview:large, max-video-preview:-1\" \/>\n<meta property=\"og:locale\" content=\"fr_FR\" \/>\n<meta property=\"og:type\" content=\"article\" \/>\n<meta property=\"og:title\" content=\"Social et communautaire\" \/>\n<meta property=\"og:description\" content=\"Social, b\u00e9n\u00e9volat et dons : Nous faisons une diff\u00e9rence dans notre communaut\u00e9, c&#039;est notre engagement!\" \/>\n<meta property=\"og:url\" content=\"https:\/\/shop.corroprotec.com\/fr\/social-et-communautaire\/\" \/>\n<meta property=\"og:site_name\" content=\"Corro-Protec\" \/>\n<meta property=\"article:publisher\" content=\"https:\/\/www.facebook.com\/corroprotec\/\" \/>\n<meta property=\"article:modified_time\" content=\"2023-07-04T14:54:25+00:00\" \/>\n<meta property=\"og:image\" content=\"https:\/\/www.shop.corroprotec.com\/app\/uploads\/2022\/08\/35517443_191393984763318_2195540028485009408_o-1440x863.webp\" \/>\n<meta name=\"twitter:card\" content=\"summary_large_image\" \/>\n<meta name=\"twitter:site\" content=\"@corroprotec\" \/>\n<meta name=\"twitter:label1\" content=\"Est. reading time\" \/>\n\t<meta name=\"twitter:data1\" content=\"2 minutes\" \/>\n<script type=\"application\/ld+json\" class=\"yoast-schema-graph\">{\"@context\":\"https:\/\/schema.org\",\"@graph\":[{\"@type\":\"WebPage\",\"@id\":\"https:\/\/shop.corroprotec.com\/fr\/social-et-communautaire\/\",\"url\":\"https:\/\/shop.corroprotec.com\/fr\/social-et-communautaire\/\",\"name\":\"Social et communautaire - Corro-Protec\",\"isPartOf\":{\"@id\":\"https:\/\/shop.corroprotec.com\/fr\/#website\"},\"datePublished\":\"2022-07-07T15:22:20+00:00\",\"dateModified\":\"2023-07-04T14:54:25+00:00\",\"description\":\"Social, b\u00e9n\u00e9volat et dons : Nous faisons une diff\u00e9rence dans notre communaut\u00e9, c'est notre engagement!\",\"breadcrumb\":{\"@id\":\"https:\/\/shop.corroprotec.com\/fr\/social-et-communautaire\/#breadcrumb\"},\"inLanguage\":\"fr-FR\",\"potentialAction\":[{\"@type\":\"ReadAction\",\"target\":[\"https:\/\/shop.corroprotec.com\/fr\/social-et-communautaire\/\"]}]},{\"@type\":\"BreadcrumbList\",\"@id\":\"https:\/\/shop.corroprotec.com\/fr\/social-et-communautaire\/#breadcrumb\",\"itemListElement\":[{\"@type\":\"ListItem\",\"position\":1,\"name\":\"Home\",\"item\":\"https:\/\/shop.corroprotec.com\/fr\/\"},{\"@type\":\"ListItem\",\"position\":2,\"name\":\"Social et communautaire\"}]},{\"@type\":\"WebSite\",\"@id\":\"https:\/\/shop.corroprotec.com\/fr\/#website\",\"url\":\"https:\/\/shop.corroprotec.com\/fr\/\",\"name\":\"Corro-Protec\",\"description\":\"\",\"publisher\":{\"@id\":\"https:\/\/shop.corroprotec.com\/fr\/#organization\"},\"potentialAction\":[{\"@type\":\"SearchAction\",\"target\":{\"@type\":\"EntryPoint\",\"urlTemplate\":\"https:\/\/shop.corroprotec.com\/fr\/?s={search_term_string}\"},\"query-input\":\"required name=search_term_string\"}],\"inLanguage\":\"fr-FR\"},{\"@type\":\"Organization\",\"@id\":\"https:\/\/shop.corroprotec.com\/fr\/#organization\",\"name\":\"Corro-Protec\",\"url\":\"https:\/\/shop.corroprotec.com\/fr\/\",\"sameAs\":[\"https:\/\/www.facebook.com\/corroprotec\/\",\"https:\/\/twitter.com\/corroprotec\"],\"logo\":{\"@type\":\"ImageObject\",\"inLanguage\":\"fr-FR\",\"@id\":\"https:\/\/shop.corroprotec.com\/fr\/#\/schema\/logo\/image\/\",\"url\":\"https:\/\/shop.corroprotec.com\/app\/uploads\/2024\/03\/logo-corro-v-blanc-fond-vert-rgb.png\",\"contentUrl\":\"https:\/\/shop.corroprotec.com\/app\/uploads\/2024\/03\/logo-corro-v-blanc-fond-vert-rgb.png\",\"width\":2000,\"height\":1244,\"caption\":\"Corro-Protec\"},\"image\":{\"@id\":\"https:\/\/shop.corroprotec.com\/fr\/#\/schema\/logo\/image\/\"}}]}<\/script>\n<!-- \/ Yoast SEO Premium plugin. -->","yoast_head_json":{"title":"Social et communautaire - Corro-Protec","description":"Social, b\u00e9n\u00e9volat et dons : Nous faisons une diff\u00e9rence dans notre communaut\u00e9, c'est notre engagement!","robots":{"index":"noindex","follow":"follow","max-snippet":"max-snippet:-1","max-image-preview":"max-image-preview:large","max-video-preview":"max-video-preview:-1"},"og_locale":"fr_FR","og_type":"article","og_title":"Social et communautaire","og_description":"Social, b\u00e9n\u00e9volat et dons : Nous faisons une diff\u00e9rence dans notre communaut\u00e9, c'est notre engagement!","og_url":"https:\/\/shop.corroprotec.com\/fr\/social-et-communautaire\/","og_site_name":"Corro-Protec","article_publisher":"https:\/\/www.facebook.com\/corroprotec\/","article_modified_time":"2023-07-04T14:54:25+00:00","og_image":[{"url":"https:\/\/www.shop.corroprotec.com\/app\/uploads\/2022\/08\/35517443_191393984763318_2195540028485009408_o-1440x863.webp"}],"twitter_card":"summary_large_image","twitter_site":"@corroprotec","twitter_misc":{"Est. reading time":"2 minutes"},"schema":{"@context":"https:\/\/schema.org","@graph":[{"@type":"WebPage","@id":"https:\/\/shop.corroprotec.com\/fr\/social-et-communautaire\/","url":"https:\/\/shop.corroprotec.com\/fr\/social-et-communautaire\/","name":"Social et communautaire - Corro-Protec","isPartOf":{"@id":"https:\/\/shop.corroprotec.com\/fr\/#website"},"datePublished":"2022-07-07T15:22:20+00:00","dateModified":"2023-07-04T14:54:25+00:00","description":"Social, b\u00e9n\u00e9volat et dons : Nous faisons une diff\u00e9rence dans notre communaut\u00e9, c'est notre engagement!","breadcrumb":{"@id":"https:\/\/shop.corroprotec.com\/fr\/social-et-communautaire\/#breadcrumb"},"inLanguage":"fr-FR","potentialAction":[{"@type":"ReadAction","target":["https:\/\/shop.corroprotec.com\/fr\/social-et-communautaire\/"]}]},{"@type":"BreadcrumbList","@id":"https:\/\/shop.corroprotec.com\/fr\/social-et-communautaire\/#breadcrumb","itemListElement":[{"@type":"ListItem","position":1,"name":"Home","item":"https:\/\/shop.corroprotec.com\/fr\/"},{"@type":"ListItem","position":2,"name":"Social et communautaire"}]},{"@type":"WebSite","@id":"https:\/\/shop.corroprotec.com\/fr\/#website","url":"https:\/\/shop.corroprotec.com\/fr\/","name":"Corro-Protec","description":"","publisher":{"@id":"https:\/\/shop.corroprotec.com\/fr\/#organization"},"potentialAction":[{"@type":"SearchAction","target":{"@type":"EntryPoint","urlTemplate":"https:\/\/shop.corroprotec.com\/fr\/?s={search_term_string}"},"query-input":"required name=search_term_string"}],"inLanguage":"fr-FR"},{"@type":"Organization","@id":"https:\/\/shop.corroprotec.com\/fr\/#organization","name":"Corro-Protec","url":"https:\/\/shop.corroprotec.com\/fr\/","sameAs":["https:\/\/www.facebook.com\/corroprotec\/","https:\/\/twitter.com\/corroprotec"],"logo":{"@type":"ImageObject","inLanguage":"fr-FR","@id":"https:\/\/shop.corroprotec.com\/fr\/#\/schema\/logo\/image\/","url":"https:\/\/shop.corroprotec.com\/app\/uploads\/2024\/03\/logo-corro-v-blanc-fond-vert-rgb.png","contentUrl":"https:\/\/shop.corroprotec.com\/app\/uploads\/2024\/03\/logo-corro-v-blanc-fond-vert-rgb.png","width":2000,"height":1244,"caption":"Corro-Protec"},"image":{"@id":"https:\/\/shop.corroprotec.com\/fr\/#\/schema\/logo\/image\/"}}]}},"_links":{"self":[{"href":"https:\/\/shop.corroprotec.com\/fr\/wp-json\/wp\/v2\/pages\/2250"}],"collection":[{"href":"https:\/\/shop.corroprotec.com\/fr\/wp-json\/wp\/v2\/pages"}],"about":[{"href":"https:\/\/shop.corroprotec.com\/fr\/wp-json\/wp\/v2\/types\/page"}],"author":[{"embeddable":true,"href":"https:\/\/shop.corroprotec.com\/fr\/wp-json\/wp\/v2\/users\/1"}],"replies":[{"embeddable":true,"href":"https:\/\/shop.corroprotec.com\/fr\/wp-json\/wp\/v2\/comments?post=2250"}],"version-history":[{"count":8,"href":"https:\/\/shop.corroprotec.com\/fr\/wp-json\/wp\/v2\/pages\/2250\/revisions"}],"predecessor-version":[{"id":3361,"href":"https:\/\/shop.corroprotec.com\/fr\/wp-json\/wp\/v2\/pages\/2250\/revisions\/3361"}],"wp:attachment":[{"href":"https:\/\/shop.corroprotec.com\/fr\/wp-json\/wp\/v2\/media?parent=2250"}],"curies":[{"name":"wp","href":"https:\/\/api.w.org\/{rel}","templated":true}]}}