{"id":2242,"date":"2022-07-07T11:18:55","date_gmt":"2022-07-07T15:18:55","guid":{"rendered":"https:\/\/shop.corroprotec.com\/about\/"},"modified":"2025-03-10T10:42:45","modified_gmt":"2025-03-10T14:42:45","slug":"a-propos","status":"publish","type":"page","link":"https:\/\/shop.corroprotec.com\/fr\/a-propos\/","title":{"rendered":"\u00c0 propos"},"content":{"rendered":"<div class=\"o-container-text\">\n<div class=\"wp-block-columns\">\n<div class=\"wp-block-column\" style=\"flex-basis:66.66%\"><div class=\"o-container-text\">\n<p class=\"has-x-large-font-size\">Depuis 2006, nous offrons une anode \u00e0 courant impos\u00e9 de qualit\u00e9 exceptionnelle au Canada, aux \u00c9tats-Unis et en Europe. Gr\u00e2ce \u00e0 la connaissance de notre \u00e9quipe, nous sommes en mesure de donner aux clients le service qu\u2019ils m\u00e9ritent avec l\u2019anode la plus fiable sur le march\u00e9.<\/p>\n<\/div>\n\n<div class=\"o-container-text\">\n<p>Au-del\u00e0 de la vente de produits qui contribuent \u00e0 prolonger la dur\u00e9e de vie des chauffe-eaux, Corro-Protec attache une grande importance \u00e0 l\u2019environnement et \u00e0 la communaut\u00e9 dans laquelle elle op\u00e8re. C\u2019est pourquoi nous prenons des mesures concr\u00e8tes pour prot\u00e9ger l\u2019environnement et donnons du temps et des dons \u00e0 des organisations qui sont importantes pour nous.<\/p>\n<\/div><\/div>\n\n\n\n<div class=\"wp-block-column\" style=\"flex-basis:33.33%\"><\/div>\n<\/div>\n<\/div>\n\n<div class=\"o-container-text\">\n<div class=\"wp-block-columns\">\n<div class=\"wp-block-column\"><div class=\"o-container-text\">\n<h2 id=\"h-notre-mission\">Notre mission<\/h2>\n<\/div>\n\n<div class=\"o-container-text\">\n<p>Notre mission est d&#8217;augmenter la durabilit\u00e9 des \u00e9quipements gr\u00e2ce \u00e0 nos technologies d&#8217;anodes innovantes tout en am\u00e9liorant leur performance, simplifiant leur entretien et pr\u00e9servant l&#8217;environnement.<\/p>\n<\/div><\/div>\n\n\n\n<div class=\"wp-block-column\"><div class=\"o-container-text\">\n<h2 id=\"h-notre-vision\">Notre vision<\/h2>\n<\/div>\n\n<div class=\"o-container-text\">\n<p>Nous aspirons \u00e0 un avenir o\u00f9 la conception durable des \u00e9quipements est la norme, influen\u00e7ant les standards de l&#8217;industrie et promouvant un impact favorable sur l&#8217;environnement.<\/p>\n<\/div><\/div>\n<\/div>\n<\/div>\n\n<div class=\"o-container-text\">\n<div class=\"wp-block-columns\">\n<div class=\"wp-block-column\" style=\"flex-basis:66.66%\"><div class=\"o-container-text\">\n<h2 id=\"h-nos-valeurs\">Nos Valeurs<\/h2>\n<\/div>\n\n<div class=\"o-container-text\">\n<p><strong>Priorit\u00e9 Client<\/strong><\/p>\n<\/div>\n\n<div class=\"o-container-text\">\n<p>Placer les besoins de nos clients au c\u0153ur de nos activit\u00e9s tout en garantissant la qualit\u00e9 de nos produits.<\/p>\n<\/div>\n\n<div class=\"o-container-text\">\n<p><strong>Esprit Innovant<\/strong><\/p>\n<\/div>\n\n<div class=\"o-container-text\">\n<p>Pionniers du progr\u00e8s, nous cherchons constamment \u00e0 innover pour r\u00e9volutionner notre offre tout en prot\u00e9geant l&#8217;environnement.<\/p>\n<\/div>\n\n<div class=\"o-container-text\">\n<p><strong>Engagement Honn\u00eate<\/strong><\/p>\n<\/div>\n\n<div class=\"o-container-text\">\n<p>Respecter les normes les plus \u00e9lev\u00e9es d&#8217;\u00e9thique professionnelle, avec honn\u00eatet\u00e9, transparence et respect.<\/p>\n<\/div>\n\n<div class=\"o-container-text\">\n<p><strong>Unis pour R\u00e9ussir<\/strong><\/p>\n<\/div>\n\n<div class=\"o-container-text\">\n<p>Valoriser la richesse humaine et les id\u00e9es uniques des membres de l&#8217;\u00e9quipe, en travaillant ensemble dans une synergies respectueuse et collaborative.<\/p>\n<\/div>\n\n<div class=\"o-container-text\">\n<p><strong>\u00c9co-Responsable (pour de vrai)<\/strong><\/p>\n<\/div>\n\n<div class=\"o-container-text\">\n<p>S&#8217;engager en faveur du d\u00e9veloppement durable en contribuant r\u00e9ellement \u00e0 la protection de l&#8217;environnement et \u00e0 la conservation des ressources.<\/p>\n<\/div><\/div>\n\n\n\n<div class=\"wp-block-column\" style=\"flex-basis:33.33%\"><\/div>\n<\/div>\n<\/div>\n\n<div class=\"o-container-text\">\n<h2 class=\"has-text-align-center\" id=\"h-qui-nous-sommes\">Qui nous sommes<\/h2>\n<\/div>\n\n<section id=\"block-block_0a8e588cc18805693e3a6a8a0cd96878-\" class=\"o-section\">\n    <div class=\"o-container-text\">\n        <div class=\"o-text\">\n            <div class=\"wp-block-media-text alignwide is-stacked-on-mobile \">\n                <figure class=\"wp-block-media-text__media\">\n                                        <div class=\"o-responsive-img \" style=\"padding-top:76.335877862595%;\"><img width=\"1200\" height=\"916\" src=\"https:\/\/shop.corroprotec.com\/app\/uploads\/2022\/09\/about-fr.jpeg\" class=\"attachment-large size-large\" alt=\"\" loading=\"lazy\" sizes=\"(min-width: 768px) 36vw, 92vw\" srcset=\"https:\/\/shop.corroprotec.com\/app\/uploads\/2022\/09\/about-fr.jpeg 1200w, https:\/\/shop.corroprotec.com\/app\/uploads\/2022\/09\/about-fr-1024x782.jpeg 1024w, https:\/\/shop.corroprotec.com\/app\/uploads\/2022\/09\/about-fr-500x382.jpeg 500w, https:\/\/shop.corroprotec.com\/app\/uploads\/2022\/09\/about-fr-768x586.jpeg 768w\" \/><\/div>                                    <\/figure>\n                <div class=\"wp-block-media-text__content\">\n                    <p>C\u2019est \u00e0 B\u00e9cancour, Qu\u00e9bec, Canada, que l\u2019id\u00e9e de prot\u00e9ger les r\u00e9servoirs d\u2019eau chaude r\u00e9sidentiels \u00e0 l\u2019aide d\u2019anodes \u00e0 courant impos\u00e9 est n\u00e9e. Prot\u00e9geant contre la rouille un \u00e9norme r\u00e9servoir d&#8217;eau appartenant \u00e0 la ville, notre \u00e9quipe s\u2019est vite rendu compte \u00e0 quel point il se comparait \u00e0 un chauffe-eau.<\/p>\n<p>Apr\u00e8s plusieurs ann\u00e9es de protection par courant impos\u00e9 pour les structures de pieux et les infrastructures municipales, notre \u00e9quipe a commenc\u00e9 une \u00e9tude sur la dur\u00e9e de vie des chauffe-eaux et pourquoi nous avons d\u00fb les remplacer. L\u2019\u00e9tude interne a rapidement montr\u00e9 que la rouille \u00e9tait la principale raison pour laquelle les gens devaient changer leurs r\u00e9servoirs. Apr\u00e8s quelques ann\u00e9es d\u2019utilisation, la rouille fait place \u00e0 une fuite qui pourrait rapidement se transformer en cauchemar et cr\u00e9er un gros g\u00e2chis d\u2019eau.<\/p>\n<p>Malgr\u00e9 les nouvelles techniques adopt\u00e9es par les fabricants de chauffe-eaux, la moindre imperfection dans la vitrification laissait place \u00e0 la corrosion et r\u00e9duisait la dur\u00e9e de vie. D\u00e9sireux de r\u00e9duire la consommation de chauffe-eaux et d\u2019aider l\u2019environnement, Carl Tarini a d\u00e9cid\u00e9 de d\u00e9velopper l\u2019anode Corro-Protec dans les laboratoires Techno Protection en 2008.<\/p>\n                <\/div>\n            <\/div>\n        <\/div>\n    <\/div>\n<\/section>\n\n\n<section id=\"block-block_840c26e9f713cc8981ff192f20a0d402-\" class=\"o-section\">\n    <div class=\"o-container-text\">\n        <div class=\"o-text\">\n            <div class=\"wp-block-media-text alignwide is-stacked-on-mobile has-media-on-the-right\">\n                <figure class=\"wp-block-media-text__media\">\n                                    <\/figure>\n                <div class=\"wp-block-media-text__content\">\n                    <h3>Date du jour<\/h3>\n<p>Depuis son lancement, l\u2019anode Corro-Protec a subi plusieurs am\u00e9liorations et de nombreux mod\u00e8les ont \u00e9t\u00e9 ajout\u00e9s pour r\u00e9pondre \u00e0 diff\u00e9rents besoins. Nous offrons maintenant une ligne compl\u00e8te de produits qui peut \u00eatre install\u00e9e sur n\u2019importe quel r\u00e9servoir r\u00e9sidentiel, industriel et commercial, en plus d\u2019avoir une gamme de produits pour bateaux et v\u00e9hicules r\u00e9cr\u00e9atifs.<\/p>\n<p>Maintenant bas\u00e9 \u00e0 Princeville, Qu\u00e9bec, Canada, Corro-Protec est le leader mondial des anodes de courant impos\u00e9 pour les r\u00e9servoirs d\u2019eau chaude. Avec une \u00e9quipe solide de 20 employ\u00e9s, l\u2019entreprise offre un service in\u00e9gal\u00e9 et peut r\u00e9pondre rapidement \u00e0 vos besoins. Puisque les anodes sont fabriqu\u00e9es ici m\u00eame en Am\u00e9rique du Nord, l\u2019\u00e9quipe peut d\u00e9velopper des solutions personnalis\u00e9es pour r\u00e9pondre \u00e0 vos besoins.<\/p>\n                <\/div>\n            <\/div>\n        <\/div>\n    <\/div>\n<\/section>\n","protected":false},"excerpt":{"rendered":"<p>Depuis 2006, nous offrons une anode \u00e0 courant impos\u00e9 de qualit\u00e9 exceptionnelle au Canada, aux \u00c9tats-Unis et en Europe. Gr\u00e2ce \u00e0 la connaissance de notre [&hellip;]<\/p>\n","protected":false},"author":1,"featured_media":0,"parent":0,"menu_order":0,"comment_status":"closed","ping_status":"closed","template":"t-about.php","meta":{"_relevanssi_hide_post":"","_relevanssi_hide_content":"","_relevanssi_pin_for_all":"","_relevanssi_pin_keywords":"","_relevanssi_unpin_keywords":"","_relevanssi_related_keywords":"","_relevanssi_related_include_ids":"","_relevanssi_related_exclude_ids":"","_relevanssi_related_no_append":"","_relevanssi_related_not_related":"","_relevanssi_related_posts":"300,338,258,331,316,326","_relevanssi_noindex_reason":""},"acf":[],"yoast_head":"<!-- This site is optimized with the Yoast SEO Premium plugin v19.3 (Yoast SEO v19.7) - https:\/\/yoast.com\/wordpress\/plugins\/seo\/ -->\n<title>\u00c0 propos de notre compagnie - Corro-Protec<\/title>\n<meta name=\"description\" content=\"\u00c0 propos de Corro-Protec, son histoire et la compagnie aujourd&#039;hui. Notre promesse envers nos employ\u00e9s et notre environnement.\" \/>\n<meta name=\"robots\" content=\"noindex, follow, max-snippet:-1, max-image-preview:large, max-video-preview:-1\" \/>\n<meta property=\"og:locale\" content=\"fr_FR\" \/>\n<meta property=\"og:type\" content=\"article\" \/>\n<meta property=\"og:title\" content=\"\u00c0 propos\" \/>\n<meta property=\"og:description\" content=\"\u00c0 propos de Corro-Protec, son histoire et la compagnie aujourd&#039;hui. Notre promesse envers nos employ\u00e9s et notre environnement.\" \/>\n<meta property=\"og:url\" content=\"https:\/\/shop.corroprotec.com\/fr\/a-propos\/\" \/>\n<meta property=\"og:site_name\" content=\"Corro-Protec\" \/>\n<meta property=\"article:publisher\" content=\"https:\/\/www.facebook.com\/corroprotec\/\" \/>\n<meta property=\"article:modified_time\" content=\"2025-03-10T14:42:45+00:00\" \/>\n<meta property=\"og:image\" content=\"https:\/\/shop.corroprotec.com\/app\/uploads\/2022\/09\/og-en-min.jpg\" \/>\n\t<meta property=\"og:image:width\" content=\"1200\" \/>\n\t<meta property=\"og:image:height\" content=\"630\" \/>\n\t<meta property=\"og:image:type\" content=\"image\/jpeg\" \/>\n<meta name=\"twitter:card\" content=\"summary_large_image\" \/>\n<meta name=\"twitter:site\" content=\"@corroprotec\" \/>\n<meta name=\"twitter:label1\" content=\"Est. reading time\" \/>\n\t<meta name=\"twitter:data1\" content=\"2 minutes\" \/>\n<script type=\"application\/ld+json\" class=\"yoast-schema-graph\">{\"@context\":\"https:\/\/schema.org\",\"@graph\":[{\"@type\":\"WebPage\",\"@id\":\"https:\/\/shop.corroprotec.com\/fr\/a-propos\/\",\"url\":\"https:\/\/shop.corroprotec.com\/fr\/a-propos\/\",\"name\":\"\u00c0 propos de notre compagnie - Corro-Protec\",\"isPartOf\":{\"@id\":\"https:\/\/shop.corroprotec.com\/fr\/#website\"},\"datePublished\":\"2022-07-07T15:18:55+00:00\",\"dateModified\":\"2025-03-10T14:42:45+00:00\",\"description\":\"\u00c0 propos de Corro-Protec, son histoire et la compagnie aujourd'hui. Notre promesse envers nos employ\u00e9s et notre environnement.\",\"breadcrumb\":{\"@id\":\"https:\/\/shop.corroprotec.com\/fr\/a-propos\/#breadcrumb\"},\"inLanguage\":\"fr-FR\",\"potentialAction\":[{\"@type\":\"ReadAction\",\"target\":[\"https:\/\/shop.corroprotec.com\/fr\/a-propos\/\"]}]},{\"@type\":\"BreadcrumbList\",\"@id\":\"https:\/\/shop.corroprotec.com\/fr\/a-propos\/#breadcrumb\",\"itemListElement\":[{\"@type\":\"ListItem\",\"position\":1,\"name\":\"Home\",\"item\":\"https:\/\/shop.corroprotec.com\/fr\/\"},{\"@type\":\"ListItem\",\"position\":2,\"name\":\"\u00c0 propos\"}]},{\"@type\":\"WebSite\",\"@id\":\"https:\/\/shop.corroprotec.com\/fr\/#website\",\"url\":\"https:\/\/shop.corroprotec.com\/fr\/\",\"name\":\"Corro-Protec\",\"description\":\"\",\"publisher\":{\"@id\":\"https:\/\/shop.corroprotec.com\/fr\/#organization\"},\"potentialAction\":[{\"@type\":\"SearchAction\",\"target\":{\"@type\":\"EntryPoint\",\"urlTemplate\":\"https:\/\/shop.corroprotec.com\/fr\/?s={search_term_string}\"},\"query-input\":\"required name=search_term_string\"}],\"inLanguage\":\"fr-FR\"},{\"@type\":\"Organization\",\"@id\":\"https:\/\/shop.corroprotec.com\/fr\/#organization\",\"name\":\"Corro-Protec\",\"url\":\"https:\/\/shop.corroprotec.com\/fr\/\",\"sameAs\":[\"https:\/\/www.facebook.com\/corroprotec\/\",\"https:\/\/twitter.com\/corroprotec\"],\"logo\":{\"@type\":\"ImageObject\",\"inLanguage\":\"fr-FR\",\"@id\":\"https:\/\/shop.corroprotec.com\/fr\/#\/schema\/logo\/image\/\",\"url\":\"https:\/\/shop.corroprotec.com\/app\/uploads\/2024\/03\/logo-corro-v-blanc-fond-vert-rgb.png\",\"contentUrl\":\"https:\/\/shop.corroprotec.com\/app\/uploads\/2024\/03\/logo-corro-v-blanc-fond-vert-rgb.png\",\"width\":2000,\"height\":1244,\"caption\":\"Corro-Protec\"},\"image\":{\"@id\":\"https:\/\/shop.corroprotec.com\/fr\/#\/schema\/logo\/image\/\"}}]}<\/script>\n<!-- \/ Yoast SEO Premium plugin. -->","yoast_head_json":{"title":"\u00c0 propos de notre compagnie - Corro-Protec","description":"\u00c0 propos de Corro-Protec, son histoire et la compagnie aujourd'hui. Notre promesse envers nos employ\u00e9s et notre environnement.","robots":{"index":"noindex","follow":"follow","max-snippet":"max-snippet:-1","max-image-preview":"max-image-preview:large","max-video-preview":"max-video-preview:-1"},"og_locale":"fr_FR","og_type":"article","og_title":"\u00c0 propos","og_description":"\u00c0 propos de Corro-Protec, son histoire et la compagnie aujourd'hui. Notre promesse envers nos employ\u00e9s et notre environnement.","og_url":"https:\/\/shop.corroprotec.com\/fr\/a-propos\/","og_site_name":"Corro-Protec","article_publisher":"https:\/\/www.facebook.com\/corroprotec\/","article_modified_time":"2025-03-10T14:42:45+00:00","og_image":[{"width":1200,"height":630,"url":"https:\/\/shop.corroprotec.com\/app\/uploads\/2022\/09\/og-en-min.jpg","type":"image\/jpeg"}],"twitter_card":"summary_large_image","twitter_site":"@corroprotec","twitter_misc":{"Est. reading time":"2 minutes"},"schema":{"@context":"https:\/\/schema.org","@graph":[{"@type":"WebPage","@id":"https:\/\/shop.corroprotec.com\/fr\/a-propos\/","url":"https:\/\/shop.corroprotec.com\/fr\/a-propos\/","name":"\u00c0 propos de notre compagnie - Corro-Protec","isPartOf":{"@id":"https:\/\/shop.corroprotec.com\/fr\/#website"},"datePublished":"2022-07-07T15:18:55+00:00","dateModified":"2025-03-10T14:42:45+00:00","description":"\u00c0 propos de Corro-Protec, son histoire et la compagnie aujourd'hui. Notre promesse envers nos employ\u00e9s et notre environnement.","breadcrumb":{"@id":"https:\/\/shop.corroprotec.com\/fr\/a-propos\/#breadcrumb"},"inLanguage":"fr-FR","potentialAction":[{"@type":"ReadAction","target":["https:\/\/shop.corroprotec.com\/fr\/a-propos\/"]}]},{"@type":"BreadcrumbList","@id":"https:\/\/shop.corroprotec.com\/fr\/a-propos\/#breadcrumb","itemListElement":[{"@type":"ListItem","position":1,"name":"Home","item":"https:\/\/shop.corroprotec.com\/fr\/"},{"@type":"ListItem","position":2,"name":"\u00c0 propos"}]},{"@type":"WebSite","@id":"https:\/\/shop.corroprotec.com\/fr\/#website","url":"https:\/\/shop.corroprotec.com\/fr\/","name":"Corro-Protec","description":"","publisher":{"@id":"https:\/\/shop.corroprotec.com\/fr\/#organization"},"potentialAction":[{"@type":"SearchAction","target":{"@type":"EntryPoint","urlTemplate":"https:\/\/shop.corroprotec.com\/fr\/?s={search_term_string}"},"query-input":"required name=search_term_string"}],"inLanguage":"fr-FR"},{"@type":"Organization","@id":"https:\/\/shop.corroprotec.com\/fr\/#organization","name":"Corro-Protec","url":"https:\/\/shop.corroprotec.com\/fr\/","sameAs":["https:\/\/www.facebook.com\/corroprotec\/","https:\/\/twitter.com\/corroprotec"],"logo":{"@type":"ImageObject","inLanguage":"fr-FR","@id":"https:\/\/shop.corroprotec.com\/fr\/#\/schema\/logo\/image\/","url":"https:\/\/shop.corroprotec.com\/app\/uploads\/2024\/03\/logo-corro-v-blanc-fond-vert-rgb.png","contentUrl":"https:\/\/shop.corroprotec.com\/app\/uploads\/2024\/03\/logo-corro-v-blanc-fond-vert-rgb.png","width":2000,"height":1244,"caption":"Corro-Protec"},"image":{"@id":"https:\/\/shop.corroprotec.com\/fr\/#\/schema\/logo\/image\/"}}]}},"_links":{"self":[{"href":"https:\/\/shop.corroprotec.com\/fr\/wp-json\/wp\/v2\/pages\/2242"}],"collection":[{"href":"https:\/\/shop.corroprotec.com\/fr\/wp-json\/wp\/v2\/pages"}],"about":[{"href":"https:\/\/shop.corroprotec.com\/fr\/wp-json\/wp\/v2\/types\/page"}],"author":[{"embeddable":true,"href":"https:\/\/shop.corroprotec.com\/fr\/wp-json\/wp\/v2\/users\/1"}],"replies":[{"embeddable":true,"href":"https:\/\/shop.corroprotec.com\/fr\/wp-json\/wp\/v2\/comments?post=2242"}],"version-history":[{"count":14,"href":"https:\/\/shop.corroprotec.com\/fr\/wp-json\/wp\/v2\/pages\/2242\/revisions"}],"predecessor-version":[{"id":16539,"href":"https:\/\/shop.corroprotec.com\/fr\/wp-json\/wp\/v2\/pages\/2242\/revisions\/16539"}],"wp:attachment":[{"href":"https:\/\/shop.corroprotec.com\/fr\/wp-json\/wp\/v2\/media?parent=2242"}],"curies":[{"name":"wp","href":"https:\/\/api.w.org\/{rel}","templated":true}]}}