{"id":2223,"date":"2022-07-07T11:08:30","date_gmt":"2022-07-07T15:08:30","guid":{"rendered":"https:\/\/shop.corroprotec.com\/shipping-policy\/"},"modified":"2023-07-04T10:52:52","modified_gmt":"2023-07-04T14:52:52","slug":"politique-de-livraison","status":"publish","type":"page","link":"https:\/\/shop.corroprotec.com\/fr\/politique-de-livraison\/","title":{"rendered":"Politique de livraison"},"content":{"rendered":"<div class=\"o-container-text\">\n<h2>Retours<\/h2>\n<\/div>\n\n<div class=\"o-container-text\">\n<p>Notre politique de remboursement est de 90 jours. Malheureusement, nous ne pouvons pas vous offrir de remboursement ou d\u2019\u00e9change apr\u00e8s cette p\u00e9riode.<br>Pour \u00eatre admissible \u00e0 un retour, votre article doit \u00eatre inutilis\u00e9 et dans le m\u00eame \u00e9tat que vous l\u2019avez re\u00e7u. Il doit \u00e9galement \u00eatre dans l\u2019emballage d\u2019origine. Pour effectuer votre retour, nous avons aussi besoin d\u2019un re\u00e7u ou d\u2019une preuve d\u2019achat.<\/p>\n<\/div>\n\n<div class=\"o-container-text\">\n<h2>Remboursements (le cas \u00e9ch\u00e9ant)<\/h2>\n<\/div>\n\n<div class=\"o-container-text\">\n<p>Pour l\u2019envoi de votre colis, r\u00e9f\u00e9rez-vous \u00e0 la section livraison de cette page. Une fois votre retour re\u00e7u et inspect\u00e9, nous vous enverrons un courriel&nbsp; pour vous informer que nous avons r\u00e9ceptionn\u00e9 l\u2019article retourn\u00e9, puis de l\u2019approbation ou du rejet de votre remboursement.<br>Si votre remboursement est approuv\u00e9, un cr\u00e9dit sera automatiquement appliqu\u00e9 \u00e0 votre carte de cr\u00e9dit ou \u00e0 votre mode de paiement d\u2019origine, dans un d\u00e9lai de 5 \u00e0 10 jours.<\/p>\n<\/div>\n\n<div class=\"o-container-text\">\n<h2>\u00c9changes (le cas \u00e9ch\u00e9ant)<\/h2>\n<\/div>\n\n<div class=\"o-container-text\">\n<p>Nous rempla\u00e7ons seulement les articles que s\u2019ils sont d\u00e9fectueux ou endommag\u00e9s. Si vous devez l\u2019\u00e9changer contre le m\u00eame article ou que vous devez ajouter des pi\u00e8ces pour votre chauffe-eau de marque Bradford White ou Bedarus, envoyez-nous un message \u00e0 <a href=\"mailto:info@shop.corroprotec.com\">info@shop.corroprotec.com<\/a>, puis envoyez votre article \u00e0 :<br>40 Boulevard Industriel<br>Princeville<br>Quebec<br>Canada<br>G6L 4P2<\/p>\n<\/div>\n\n<div class=\"o-container-text\">\n<h2><strong>Livraison<\/strong><\/h2>\n<\/div>\n\n<div class=\"o-container-text\">\n<p>Nous assumons les frais de livraisons et de retour sur l\u2019ensemble de nos anodes. Nos produits sont exp\u00e9di\u00e9s dans les 2-3 jours en utilisant les transporteurs suivants : USPS, UPS, Postes Canada, Dicom, Nationex et autres. Pour retourner votre produit, vous devez l\u2019envoyer par la poste \u00e0 :<br>40 Boulevard Industriel<br>Princeville<br>Quebec<br>Canada<br>G6L 4P2<\/p>\n<\/div>\n\n<div class=\"o-container-text\">\n<p>Vous serez responsable de payer vos propres frais d\u2019exp\u00e9dition pour le retour de votre article ou vous pouvez nous demander une \u00e9tiquette de retour et nous couvrirons les frais d\u2019exp\u00e9dition. Les frais d\u2019exp\u00e9dition ne sont pas remboursables. Selon l\u2019endroit o\u00f9 vous vivez, le temps qu\u2019il peut falloir pour que votre produit \u00e9chang\u00e9 vous parvienne peut varier.&nbsp;<\/p>\n<\/div>\n\n<div class=\"o-container-text\">\n<p>Si vous exp\u00e9diez un article de plus de 50 $, vous devriez envisager d\u2019utiliser un service d\u2019exp\u00e9dition avec code de suivi ou souscrire \u00e0 une assurance d\u2019exp\u00e9dition. Autrement, nous ne pouvons vous garantir que nous recevrons votre article.<\/p>\n<\/div>","protected":false},"excerpt":{"rendered":"<p>Retours Notre politique de remboursement est de 90 jours. Malheureusement, nous ne pouvons pas vous offrir de remboursement ou d\u2019\u00e9change apr\u00e8s cette p\u00e9riode.Pour \u00eatre admissible [&hellip;]<\/p>\n","protected":false},"author":1,"featured_media":0,"parent":0,"menu_order":0,"comment_status":"closed","ping_status":"closed","template":"","meta":{"_relevanssi_hide_post":"","_relevanssi_hide_content":"","_relevanssi_pin_for_all":"","_relevanssi_pin_keywords":"","_relevanssi_unpin_keywords":"","_relevanssi_related_keywords":"","_relevanssi_related_include_ids":"","_relevanssi_related_exclude_ids":"","_relevanssi_related_no_append":"","_relevanssi_related_not_related":"","_relevanssi_related_posts":"341,300,287,270,353,268","_relevanssi_noindex_reason":""},"acf":[],"yoast_head":"<!-- This site is optimized with the Yoast SEO Premium plugin v19.3 (Yoast SEO v19.7) - https:\/\/yoast.com\/wordpress\/plugins\/seo\/ -->\n<title>Politique de livraison - Corro-Protec<\/title>\n<meta name=\"description\" content=\"Notre politique de livraison : un service fiable, rapide et s\u00e9curis\u00e9 pour une r\u00e9ception optimale de vos produits.\" \/>\n<meta name=\"robots\" content=\"noindex, follow, max-snippet:-1, max-image-preview:large, max-video-preview:-1\" \/>\n<meta property=\"og:locale\" content=\"fr_FR\" \/>\n<meta property=\"og:type\" content=\"article\" \/>\n<meta property=\"og:title\" content=\"Politique de livraison\" \/>\n<meta property=\"og:description\" content=\"Notre politique de livraison : un service fiable, rapide et s\u00e9curis\u00e9 pour une r\u00e9ception optimale de vos produits.\" \/>\n<meta property=\"og:url\" content=\"https:\/\/shop.corroprotec.com\/fr\/politique-de-livraison\/\" \/>\n<meta property=\"og:site_name\" content=\"Corro-Protec\" \/>\n<meta property=\"article:publisher\" content=\"https:\/\/www.facebook.com\/corroprotec\/\" \/>\n<meta property=\"article:modified_time\" content=\"2023-07-04T14:52:52+00:00\" \/>\n<meta property=\"og:image\" content=\"https:\/\/shop.corroprotec.com\/app\/uploads\/2022\/09\/og-en-min.jpg\" \/>\n\t<meta property=\"og:image:width\" content=\"1200\" \/>\n\t<meta property=\"og:image:height\" content=\"630\" \/>\n\t<meta property=\"og:image:type\" content=\"image\/jpeg\" \/>\n<meta name=\"twitter:card\" content=\"summary_large_image\" \/>\n<meta name=\"twitter:site\" content=\"@corroprotec\" \/>\n<meta name=\"twitter:label1\" content=\"Est. reading time\" \/>\n\t<meta name=\"twitter:data1\" content=\"2 minutes\" \/>\n<script type=\"application\/ld+json\" class=\"yoast-schema-graph\">{\"@context\":\"https:\/\/schema.org\",\"@graph\":[{\"@type\":\"WebPage\",\"@id\":\"https:\/\/shop.corroprotec.com\/fr\/politique-de-livraison\/\",\"url\":\"https:\/\/shop.corroprotec.com\/fr\/politique-de-livraison\/\",\"name\":\"Politique de livraison - Corro-Protec\",\"isPartOf\":{\"@id\":\"https:\/\/shop.corroprotec.com\/fr\/#website\"},\"datePublished\":\"2022-07-07T15:08:30+00:00\",\"dateModified\":\"2023-07-04T14:52:52+00:00\",\"description\":\"Notre politique de livraison : un service fiable, rapide et s\u00e9curis\u00e9 pour une r\u00e9ception optimale de vos produits.\",\"breadcrumb\":{\"@id\":\"https:\/\/shop.corroprotec.com\/fr\/politique-de-livraison\/#breadcrumb\"},\"inLanguage\":\"fr-FR\",\"potentialAction\":[{\"@type\":\"ReadAction\",\"target\":[\"https:\/\/shop.corroprotec.com\/fr\/politique-de-livraison\/\"]}]},{\"@type\":\"BreadcrumbList\",\"@id\":\"https:\/\/shop.corroprotec.com\/fr\/politique-de-livraison\/#breadcrumb\",\"itemListElement\":[{\"@type\":\"ListItem\",\"position\":1,\"name\":\"Home\",\"item\":\"https:\/\/shop.corroprotec.com\/fr\/\"},{\"@type\":\"ListItem\",\"position\":2,\"name\":\"Politique de livraison\"}]},{\"@type\":\"WebSite\",\"@id\":\"https:\/\/shop.corroprotec.com\/fr\/#website\",\"url\":\"https:\/\/shop.corroprotec.com\/fr\/\",\"name\":\"Corro-Protec\",\"description\":\"\",\"publisher\":{\"@id\":\"https:\/\/shop.corroprotec.com\/fr\/#organization\"},\"potentialAction\":[{\"@type\":\"SearchAction\",\"target\":{\"@type\":\"EntryPoint\",\"urlTemplate\":\"https:\/\/shop.corroprotec.com\/fr\/?s={search_term_string}\"},\"query-input\":\"required name=search_term_string\"}],\"inLanguage\":\"fr-FR\"},{\"@type\":\"Organization\",\"@id\":\"https:\/\/shop.corroprotec.com\/fr\/#organization\",\"name\":\"Corro-Protec\",\"url\":\"https:\/\/shop.corroprotec.com\/fr\/\",\"sameAs\":[\"https:\/\/www.facebook.com\/corroprotec\/\",\"https:\/\/twitter.com\/corroprotec\"],\"logo\":{\"@type\":\"ImageObject\",\"inLanguage\":\"fr-FR\",\"@id\":\"https:\/\/shop.corroprotec.com\/fr\/#\/schema\/logo\/image\/\",\"url\":\"https:\/\/shop.corroprotec.com\/app\/uploads\/2024\/03\/logo-corro-v-blanc-fond-vert-rgb.png\",\"contentUrl\":\"https:\/\/shop.corroprotec.com\/app\/uploads\/2024\/03\/logo-corro-v-blanc-fond-vert-rgb.png\",\"width\":2000,\"height\":1244,\"caption\":\"Corro-Protec\"},\"image\":{\"@id\":\"https:\/\/shop.corroprotec.com\/fr\/#\/schema\/logo\/image\/\"}}]}<\/script>\n<!-- \/ Yoast SEO Premium plugin. -->","yoast_head_json":{"title":"Politique de livraison - Corro-Protec","description":"Notre politique de livraison : un service fiable, rapide et s\u00e9curis\u00e9 pour une r\u00e9ception optimale de vos produits.","robots":{"index":"noindex","follow":"follow","max-snippet":"max-snippet:-1","max-image-preview":"max-image-preview:large","max-video-preview":"max-video-preview:-1"},"og_locale":"fr_FR","og_type":"article","og_title":"Politique de livraison","og_description":"Notre politique de livraison : un service fiable, rapide et s\u00e9curis\u00e9 pour une r\u00e9ception optimale de vos produits.","og_url":"https:\/\/shop.corroprotec.com\/fr\/politique-de-livraison\/","og_site_name":"Corro-Protec","article_publisher":"https:\/\/www.facebook.com\/corroprotec\/","article_modified_time":"2023-07-04T14:52:52+00:00","og_image":[{"width":1200,"height":630,"url":"https:\/\/shop.corroprotec.com\/app\/uploads\/2022\/09\/og-en-min.jpg","type":"image\/jpeg"}],"twitter_card":"summary_large_image","twitter_site":"@corroprotec","twitter_misc":{"Est. reading time":"2 minutes"},"schema":{"@context":"https:\/\/schema.org","@graph":[{"@type":"WebPage","@id":"https:\/\/shop.corroprotec.com\/fr\/politique-de-livraison\/","url":"https:\/\/shop.corroprotec.com\/fr\/politique-de-livraison\/","name":"Politique de livraison - Corro-Protec","isPartOf":{"@id":"https:\/\/shop.corroprotec.com\/fr\/#website"},"datePublished":"2022-07-07T15:08:30+00:00","dateModified":"2023-07-04T14:52:52+00:00","description":"Notre politique de livraison : un service fiable, rapide et s\u00e9curis\u00e9 pour une r\u00e9ception optimale de vos produits.","breadcrumb":{"@id":"https:\/\/shop.corroprotec.com\/fr\/politique-de-livraison\/#breadcrumb"},"inLanguage":"fr-FR","potentialAction":[{"@type":"ReadAction","target":["https:\/\/shop.corroprotec.com\/fr\/politique-de-livraison\/"]}]},{"@type":"BreadcrumbList","@id":"https:\/\/shop.corroprotec.com\/fr\/politique-de-livraison\/#breadcrumb","itemListElement":[{"@type":"ListItem","position":1,"name":"Home","item":"https:\/\/shop.corroprotec.com\/fr\/"},{"@type":"ListItem","position":2,"name":"Politique de livraison"}]},{"@type":"WebSite","@id":"https:\/\/shop.corroprotec.com\/fr\/#website","url":"https:\/\/shop.corroprotec.com\/fr\/","name":"Corro-Protec","description":"","publisher":{"@id":"https:\/\/shop.corroprotec.com\/fr\/#organization"},"potentialAction":[{"@type":"SearchAction","target":{"@type":"EntryPoint","urlTemplate":"https:\/\/shop.corroprotec.com\/fr\/?s={search_term_string}"},"query-input":"required name=search_term_string"}],"inLanguage":"fr-FR"},{"@type":"Organization","@id":"https:\/\/shop.corroprotec.com\/fr\/#organization","name":"Corro-Protec","url":"https:\/\/shop.corroprotec.com\/fr\/","sameAs":["https:\/\/www.facebook.com\/corroprotec\/","https:\/\/twitter.com\/corroprotec"],"logo":{"@type":"ImageObject","inLanguage":"fr-FR","@id":"https:\/\/shop.corroprotec.com\/fr\/#\/schema\/logo\/image\/","url":"https:\/\/shop.corroprotec.com\/app\/uploads\/2024\/03\/logo-corro-v-blanc-fond-vert-rgb.png","contentUrl":"https:\/\/shop.corroprotec.com\/app\/uploads\/2024\/03\/logo-corro-v-blanc-fond-vert-rgb.png","width":2000,"height":1244,"caption":"Corro-Protec"},"image":{"@id":"https:\/\/shop.corroprotec.com\/fr\/#\/schema\/logo\/image\/"}}]}},"_links":{"self":[{"href":"https:\/\/shop.corroprotec.com\/fr\/wp-json\/wp\/v2\/pages\/2223"}],"collection":[{"href":"https:\/\/shop.corroprotec.com\/fr\/wp-json\/wp\/v2\/pages"}],"about":[{"href":"https:\/\/shop.corroprotec.com\/fr\/wp-json\/wp\/v2\/types\/page"}],"author":[{"embeddable":true,"href":"https:\/\/shop.corroprotec.com\/fr\/wp-json\/wp\/v2\/users\/1"}],"replies":[{"embeddable":true,"href":"https:\/\/shop.corroprotec.com\/fr\/wp-json\/wp\/v2\/comments?post=2223"}],"version-history":[{"count":3,"href":"https:\/\/shop.corroprotec.com\/fr\/wp-json\/wp\/v2\/pages\/2223\/revisions"}],"predecessor-version":[{"id":3547,"href":"https:\/\/shop.corroprotec.com\/fr\/wp-json\/wp\/v2\/pages\/2223\/revisions\/3547"}],"wp:attachment":[{"href":"https:\/\/shop.corroprotec.com\/fr\/wp-json\/wp\/v2\/media?parent=2223"}],"curies":[{"name":"wp","href":"https:\/\/api.w.org\/{rel}","templated":true}]}}