{"id":2212,"date":"2022-07-07T11:06:36","date_gmt":"2022-07-07T15:06:36","guid":{"rendered":"https:\/\/shop.corroprotec.com\/installation-guide-bradford\/"},"modified":"2025-11-19T12:51:28","modified_gmt":"2025-11-19T17:51:28","slug":"anode-courant-impose-sortie-eau-chaude","status":"publish","type":"page","link":"https:\/\/shop.corroprotec.com\/fr\/guide-dinstallation\/anode-courant-impose-sortie-eau-chaude\/","title":{"rendered":"Guide d&#8217;installation d&#8217;une anode \u00e0 courant impos\u00e9 pour la sortie d&#8217;eau chaude"},"content":{"rendered":"<div class=\"o-container-text\">\n<div class=\"wp-block-columns\">\n<div class=\"wp-block-column\"><div class=\"o-container-text\">\n<h3 id=\"h-la-solution-utiliser-un-raccord-en-y\">La solution : Utiliser un raccord en &#8220;Y&#8221;<\/h3>\n<\/div>\n\n<div class=\"o-container-text\">\n<p>Pour installer une anode \u00e0 courant impos\u00e9 sans affecter le d\u00e9bit d&#8217;eau chaude, vous avez besoin d&#8217;une pi\u00e8ce de jonction appel\u00e9e raccord en &#8220;Y&#8221;. Ce raccord est con\u00e7u pour d\u00e9placer la sortie sur le c\u00f4t\u00e9, cr\u00e9ant ainsi de l&#8217;espace pour l&#8217;anode \u00e0 l&#8217;int\u00e9rieur du r\u00e9servoir.<\/p>\n<\/div>\n\n<div class=\"o-container-text\">\n<p>L&#8217;installation de l&#8217;<a href=\"https:\/\/shop.corroprotec.com\/fr\/produit\/anode-chauffe-eau\/?sku=96383\">anode \u00e0 courant impos\u00e9 avec le raccord en &#8220;Y&#8221;<\/a> devrait permettre de r\u00e9duire consid\u00e9rablement la corrosion, d&#8217;augmenter la dur\u00e9e de vie de votre chauffe-eau et d&#8217;am\u00e9liorer la qualit\u00e9 de votre eau chaude.<\/p>\n<\/div>\n\n<div class=\"o-container-text\">\n<h3 id=\"h-chauffe-eaux-bradford-white\">Chauffe-eaux Bradford White*<\/h3>\n<\/div>\n\n<div class=\"o-container-text\">\n<p>La plupart des chauffe-eaux Bradford White sont connus pour leur conception unique, o\u00f9 l&#8217;anode est int\u00e9gr\u00e9e dans la sortie d&#8217;eau chaude. Cette conception int\u00e9gr\u00e9e rend le remplacement de l&#8217;anode standard par une anode \u00e0 courant impos\u00e9 plus complexe. Cependant, avec les bons outils et une bonne compr\u00e9hension du processus, vous pouvez installer une anode \u00e0 courant impos\u00e9 dans votre chauffe-eau Bradford White.<\/p>\n<\/div>\n\n<div class=\"o-container-text\">\n<p>*Bradford White est une marque d\u00e9pos\u00e9e de Bradford White Corporation. Corro-Protec n&#8217;est pas affili\u00e9, approuv\u00e9 ou sponsoris\u00e9 par Bradford White Corporation.<\/p>\n<\/div><\/div>\n\n\n\n<div class=\"wp-block-column\"><\/div>\n<\/div>\n<\/div>","protected":false},"excerpt":{"rendered":"<p>La solution : Utiliser un raccord en &#8220;Y&#8221; Pour installer une anode \u00e0 courant impos\u00e9 sans affecter le d\u00e9bit d&#8217;eau chaude, vous avez besoin d&#8217;une [&hellip;]<\/p>\n","protected":false},"author":1,"featured_media":47135,"parent":13451,"menu_order":1,"comment_status":"closed","ping_status":"closed","template":"t-how-to.php","meta":{"_relevanssi_hide_post":"","_relevanssi_hide_content":"","_relevanssi_pin_for_all":"","_relevanssi_pin_keywords":"","_relevanssi_unpin_keywords":"","_relevanssi_related_keywords":"","_relevanssi_related_include_ids":"","_relevanssi_related_exclude_ids":"","_relevanssi_related_no_append":"","_relevanssi_related_not_related":"","_relevanssi_related_posts":"1,349,296,335,276,262","_relevanssi_noindex_reason":""},"acf":[],"yoast_head":"<!-- This site is optimized with the Yoast SEO Premium plugin v19.3 (Yoast SEO v19.7) - https:\/\/yoast.com\/wordpress\/plugins\/seo\/ -->\n<title>Guide d&#039;installation d&#039;une anode \u00e0 courant impos\u00e9 pour la sortie d&#039;eau chaude - Corro-Protec<\/title>\n<meta name=\"description\" content=\"Guide d&#039;installation \u00e9tapes par \u00e9tapes complet avec images. Installez votre Corro-Protec pour Bradford White d\u00e8s aujourd&#039;hui.\" \/>\n<meta name=\"robots\" content=\"noindex, follow, max-snippet:-1, max-image-preview:large, max-video-preview:-1\" \/>\n<meta property=\"og:locale\" content=\"fr_FR\" \/>\n<meta property=\"og:type\" content=\"article\" \/>\n<meta property=\"og:title\" content=\"Guide d&#039;installation d&#039;une anode \u00e0 courant impos\u00e9 pour la sortie d&#039;eau chaude\" \/>\n<meta property=\"og:description\" content=\"Guide d&#039;installation \u00e9tapes par \u00e9tapes complet avec images. Installez votre Corro-Protec pour Bradford White d\u00e8s aujourd&#039;hui.\" \/>\n<meta property=\"og:url\" content=\"https:\/\/shop.corroprotec.com\/fr\/guide-dinstallation\/anode-courant-impose-sortie-eau-chaude\/\" \/>\n<meta property=\"og:site_name\" content=\"Corro-Protec\" \/>\n<meta property=\"article:publisher\" content=\"https:\/\/www.facebook.com\/corroprotec\/\" \/>\n<meta property=\"article:modified_time\" content=\"2025-11-19T17:51:28+00:00\" \/>\n<meta property=\"og:image\" content=\"https:\/\/shop.corroprotec.com\/app\/uploads\/2025\/11\/guide-dinstallation-bw-fr.png\" \/>\n\t<meta property=\"og:image:width\" content=\"1000\" \/>\n\t<meta property=\"og:image:height\" content=\"772\" \/>\n\t<meta property=\"og:image:type\" content=\"image\/png\" \/>\n<meta name=\"twitter:card\" content=\"summary_large_image\" \/>\n<meta name=\"twitter:site\" content=\"@corroprotec\" \/>\n<meta name=\"twitter:label1\" content=\"Est. reading time\" \/>\n\t<meta name=\"twitter:data1\" content=\"1 minute\" \/>\n<script type=\"application\/ld+json\" class=\"yoast-schema-graph\">{\"@context\":\"https:\/\/schema.org\",\"@graph\":[{\"@type\":\"WebPage\",\"@id\":\"https:\/\/shop.corroprotec.com\/fr\/guide-dinstallation\/anode-courant-impose-sortie-eau-chaude\/\",\"url\":\"https:\/\/shop.corroprotec.com\/fr\/guide-dinstallation\/anode-courant-impose-sortie-eau-chaude\/\",\"name\":\"Guide d'installation d'une anode \u00e0 courant impos\u00e9 pour la sortie d'eau chaude - Corro-Protec\",\"isPartOf\":{\"@id\":\"https:\/\/shop.corroprotec.com\/fr\/#website\"},\"datePublished\":\"2022-07-07T15:06:36+00:00\",\"dateModified\":\"2025-11-19T17:51:28+00:00\",\"description\":\"Guide d'installation \u00e9tapes par \u00e9tapes complet avec images. Installez votre Corro-Protec pour Bradford White d\u00e8s aujourd'hui.\",\"breadcrumb\":{\"@id\":\"https:\/\/shop.corroprotec.com\/fr\/guide-dinstallation\/anode-courant-impose-sortie-eau-chaude\/#breadcrumb\"},\"inLanguage\":\"fr-FR\",\"potentialAction\":[{\"@type\":\"ReadAction\",\"target\":[\"https:\/\/shop.corroprotec.com\/fr\/guide-dinstallation\/anode-courant-impose-sortie-eau-chaude\/\"]}]},{\"@type\":\"BreadcrumbList\",\"@id\":\"https:\/\/shop.corroprotec.com\/fr\/guide-dinstallation\/anode-courant-impose-sortie-eau-chaude\/#breadcrumb\",\"itemListElement\":[{\"@type\":\"ListItem\",\"position\":1,\"name\":\"Home\",\"item\":\"https:\/\/shop.corroprotec.com\/fr\/\"},{\"@type\":\"ListItem\",\"position\":2,\"name\":\"Guide d&#8217;installation\",\"item\":\"https:\/\/shop.corroprotec.com\/fr\/guide-dinstallation\/\"},{\"@type\":\"ListItem\",\"position\":3,\"name\":\"Guide d&#8217;installation d&#8217;une anode \u00e0 courant impos\u00e9 pour la sortie d&#8217;eau chaude\"}]},{\"@type\":\"WebSite\",\"@id\":\"https:\/\/shop.corroprotec.com\/fr\/#website\",\"url\":\"https:\/\/shop.corroprotec.com\/fr\/\",\"name\":\"Corro-Protec\",\"description\":\"\",\"publisher\":{\"@id\":\"https:\/\/shop.corroprotec.com\/fr\/#organization\"},\"potentialAction\":[{\"@type\":\"SearchAction\",\"target\":{\"@type\":\"EntryPoint\",\"urlTemplate\":\"https:\/\/shop.corroprotec.com\/fr\/?s={search_term_string}\"},\"query-input\":\"required name=search_term_string\"}],\"inLanguage\":\"fr-FR\"},{\"@type\":\"Organization\",\"@id\":\"https:\/\/shop.corroprotec.com\/fr\/#organization\",\"name\":\"Corro-Protec\",\"url\":\"https:\/\/shop.corroprotec.com\/fr\/\",\"sameAs\":[\"https:\/\/www.facebook.com\/corroprotec\/\",\"https:\/\/twitter.com\/corroprotec\"],\"logo\":{\"@type\":\"ImageObject\",\"inLanguage\":\"fr-FR\",\"@id\":\"https:\/\/shop.corroprotec.com\/fr\/#\/schema\/logo\/image\/\",\"url\":\"https:\/\/shop.corroprotec.com\/app\/uploads\/2024\/03\/logo-corro-v-blanc-fond-vert-rgb.png\",\"contentUrl\":\"https:\/\/shop.corroprotec.com\/app\/uploads\/2024\/03\/logo-corro-v-blanc-fond-vert-rgb.png\",\"width\":2000,\"height\":1244,\"caption\":\"Corro-Protec\"},\"image\":{\"@id\":\"https:\/\/shop.corroprotec.com\/fr\/#\/schema\/logo\/image\/\"}}]}<\/script>\n<!-- \/ Yoast SEO Premium plugin. -->","yoast_head_json":{"title":"Guide d'installation d'une anode \u00e0 courant impos\u00e9 pour la sortie d'eau chaude - Corro-Protec","description":"Guide d'installation \u00e9tapes par \u00e9tapes complet avec images. Installez votre Corro-Protec pour Bradford White d\u00e8s aujourd'hui.","robots":{"index":"noindex","follow":"follow","max-snippet":"max-snippet:-1","max-image-preview":"max-image-preview:large","max-video-preview":"max-video-preview:-1"},"og_locale":"fr_FR","og_type":"article","og_title":"Guide d'installation d'une anode \u00e0 courant impos\u00e9 pour la sortie d'eau chaude","og_description":"Guide d'installation \u00e9tapes par \u00e9tapes complet avec images. Installez votre Corro-Protec pour Bradford White d\u00e8s aujourd'hui.","og_url":"https:\/\/shop.corroprotec.com\/fr\/guide-dinstallation\/anode-courant-impose-sortie-eau-chaude\/","og_site_name":"Corro-Protec","article_publisher":"https:\/\/www.facebook.com\/corroprotec\/","article_modified_time":"2025-11-19T17:51:28+00:00","og_image":[{"width":1000,"height":772,"url":"https:\/\/shop.corroprotec.com\/app\/uploads\/2025\/11\/guide-dinstallation-bw-fr.png","type":"image\/png"}],"twitter_card":"summary_large_image","twitter_site":"@corroprotec","twitter_misc":{"Est. reading time":"1 minute"},"schema":{"@context":"https:\/\/schema.org","@graph":[{"@type":"WebPage","@id":"https:\/\/shop.corroprotec.com\/fr\/guide-dinstallation\/anode-courant-impose-sortie-eau-chaude\/","url":"https:\/\/shop.corroprotec.com\/fr\/guide-dinstallation\/anode-courant-impose-sortie-eau-chaude\/","name":"Guide d'installation d'une anode \u00e0 courant impos\u00e9 pour la sortie d'eau chaude - Corro-Protec","isPartOf":{"@id":"https:\/\/shop.corroprotec.com\/fr\/#website"},"datePublished":"2022-07-07T15:06:36+00:00","dateModified":"2025-11-19T17:51:28+00:00","description":"Guide d'installation \u00e9tapes par \u00e9tapes complet avec images. Installez votre Corro-Protec pour Bradford White d\u00e8s aujourd'hui.","breadcrumb":{"@id":"https:\/\/shop.corroprotec.com\/fr\/guide-dinstallation\/anode-courant-impose-sortie-eau-chaude\/#breadcrumb"},"inLanguage":"fr-FR","potentialAction":[{"@type":"ReadAction","target":["https:\/\/shop.corroprotec.com\/fr\/guide-dinstallation\/anode-courant-impose-sortie-eau-chaude\/"]}]},{"@type":"BreadcrumbList","@id":"https:\/\/shop.corroprotec.com\/fr\/guide-dinstallation\/anode-courant-impose-sortie-eau-chaude\/#breadcrumb","itemListElement":[{"@type":"ListItem","position":1,"name":"Home","item":"https:\/\/shop.corroprotec.com\/fr\/"},{"@type":"ListItem","position":2,"name":"Guide d&#8217;installation","item":"https:\/\/shop.corroprotec.com\/fr\/guide-dinstallation\/"},{"@type":"ListItem","position":3,"name":"Guide d&#8217;installation d&#8217;une anode \u00e0 courant impos\u00e9 pour la sortie d&#8217;eau chaude"}]},{"@type":"WebSite","@id":"https:\/\/shop.corroprotec.com\/fr\/#website","url":"https:\/\/shop.corroprotec.com\/fr\/","name":"Corro-Protec","description":"","publisher":{"@id":"https:\/\/shop.corroprotec.com\/fr\/#organization"},"potentialAction":[{"@type":"SearchAction","target":{"@type":"EntryPoint","urlTemplate":"https:\/\/shop.corroprotec.com\/fr\/?s={search_term_string}"},"query-input":"required name=search_term_string"}],"inLanguage":"fr-FR"},{"@type":"Organization","@id":"https:\/\/shop.corroprotec.com\/fr\/#organization","name":"Corro-Protec","url":"https:\/\/shop.corroprotec.com\/fr\/","sameAs":["https:\/\/www.facebook.com\/corroprotec\/","https:\/\/twitter.com\/corroprotec"],"logo":{"@type":"ImageObject","inLanguage":"fr-FR","@id":"https:\/\/shop.corroprotec.com\/fr\/#\/schema\/logo\/image\/","url":"https:\/\/shop.corroprotec.com\/app\/uploads\/2024\/03\/logo-corro-v-blanc-fond-vert-rgb.png","contentUrl":"https:\/\/shop.corroprotec.com\/app\/uploads\/2024\/03\/logo-corro-v-blanc-fond-vert-rgb.png","width":2000,"height":1244,"caption":"Corro-Protec"},"image":{"@id":"https:\/\/shop.corroprotec.com\/fr\/#\/schema\/logo\/image\/"}}]}},"_links":{"self":[{"href":"https:\/\/shop.corroprotec.com\/fr\/wp-json\/wp\/v2\/pages\/2212"}],"collection":[{"href":"https:\/\/shop.corroprotec.com\/fr\/wp-json\/wp\/v2\/pages"}],"about":[{"href":"https:\/\/shop.corroprotec.com\/fr\/wp-json\/wp\/v2\/types\/page"}],"author":[{"embeddable":true,"href":"https:\/\/shop.corroprotec.com\/fr\/wp-json\/wp\/v2\/users\/1"}],"replies":[{"embeddable":true,"href":"https:\/\/shop.corroprotec.com\/fr\/wp-json\/wp\/v2\/comments?post=2212"}],"version-history":[{"count":51,"href":"https:\/\/shop.corroprotec.com\/fr\/wp-json\/wp\/v2\/pages\/2212\/revisions"}],"predecessor-version":[{"id":46951,"href":"https:\/\/shop.corroprotec.com\/fr\/wp-json\/wp\/v2\/pages\/2212\/revisions\/46951"}],"up":[{"embeddable":true,"href":"https:\/\/shop.corroprotec.com\/fr\/wp-json\/wp\/v2\/pages\/13451"}],"wp:featuredmedia":[{"embeddable":true,"href":"https:\/\/shop.corroprotec.com\/fr\/wp-json\/wp\/v2\/media\/47135"}],"wp:attachment":[{"href":"https:\/\/shop.corroprotec.com\/fr\/wp-json\/wp\/v2\/media?parent=2212"}],"curies":[{"name":"wp","href":"https:\/\/api.w.org\/{rel}","templated":true}]}}