{"id":2202,"date":"2022-08-22T13:38:35","date_gmt":"2022-08-22T17:38:35","guid":{"rendered":"https:\/\/shop.corroprotec.com\/installation-guide\/"},"modified":"2025-11-19T12:50:20","modified_gmt":"2025-11-19T17:50:20","slug":"anode-courant-impose","status":"publish","type":"page","link":"https:\/\/shop.corroprotec.com\/fr\/guide-dinstallation\/anode-courant-impose\/","title":{"rendered":"Guide d&#8217;installation des mod\u00e8les r\u00e9guliers"},"content":{"rendered":"    <section id=\"block-block_f136690390eacd5849308d4db5847596\" class=\"o-section -yellow c-bloc-yellow-cta\">\n        <div class=\"o-container -full-width-mobile\">\n            <div class=\"o-section__inner\">\n                <div class=\"o-container -corners\">\n                    <div class=\"o-row -gutter\">\n                        <div class=\"u-divider-80-mobile\"><\/div>\n                        <div class=\"o-col w-1\/12 -empty\">\n                            <!-- space -->\n                        <\/div>\n                        <div class=\"o-col w-4\/12 -middle -center -img\">\n                                                            <h2 class=\"o-title-2\">\n                                    Besoin d\u2019aide?                                <\/h2>\n                                                    <\/div>\n                        <div class=\"o-col w-1\/2 -middle -left\">\n                            <div class=\"c-bloc-yellow-cta__content\">\n                                <div class=\"o-text\">\n                                                                        <p>Notre \u00e9quipe d\u2019assistance technique a cr\u00e9\u00e9 d\u2019excellents guides d\u2019installation \u00e9tape par \u00e9tape. Ils sont \u00e9galement pr\u00eats \u00e0 r\u00e9pondre \u00e0 toutes vos questions et \u00e0 vous aider \u00e0 r\u00e9soudre tous les probl\u00e8mes que vous rencontrez.<\/p>\n                                                                    <\/div>\n                            <\/div>\n                                                        <div class=\"o-button__wrap -fullwidth-mobile\">\n                                                                <a href=\"\/fr\/guide-dinstallation\/\" class=\"o-button \" title=\"Guide d\u2019installation\" >\n                                    <span class=\"o-button__text\">Guide d\u2019installation<\/span>\n                                <\/a>\n                                                                <a href=\"\/fr\/faq\/\" class=\"o-button \" title=\"Lire la FAQ\" >\n                                    <span class=\"o-button__text\">Lire la FAQ<\/span>\n                                <\/a>\n                                                                <a href=\"\/fr\/contact\/\" class=\"o-button \" title=\"Nous contacter\" >\n                                    <span class=\"o-button__text\">Nous contacter<\/span>\n                                <\/a>\n                                                            <\/div>\n                                                    <\/div>\n                                                <div class=\"u-divider-160-mobile\"><\/div>\n                    <\/div>\n                <\/div>\n                <div class=\"o-section__bg -corners\"><\/div>\n            <\/div>\n        <\/div>\n    <\/section>\n","protected":false},"excerpt":{"rendered":"","protected":false},"author":1,"featured_media":47131,"parent":13451,"menu_order":0,"comment_status":"closed","ping_status":"closed","template":"t-how-to.php","meta":{"_relevanssi_hide_post":"","_relevanssi_hide_content":"","_relevanssi_pin_for_all":"","_relevanssi_pin_keywords":"","_relevanssi_unpin_keywords":"","_relevanssi_related_keywords":"","_relevanssi_related_include_ids":"","_relevanssi_related_exclude_ids":"","_relevanssi_related_no_append":"","_relevanssi_related_not_related":"","_relevanssi_related_posts":"281,1,353,296,335,300","_relevanssi_noindex_reason":""},"acf":[],"yoast_head":"<!-- This site is optimized with the Yoast SEO Premium plugin v19.3 (Yoast SEO v19.7) - https:\/\/yoast.com\/wordpress\/plugins\/seo\/ -->\n<title>Guide d&#039;installation des mod\u00e8les r\u00e9guliers - Corro-Protec<\/title>\n<meta name=\"description\" content=\"Guide d&#039;installation \u00e9tapes par \u00e9tapes complet avec images. Installez votre anode \u00e0 courant impos\u00e9 Corro-Protec d\u00e8s aujourd&#039;hui.\" \/>\n<meta name=\"robots\" content=\"noindex, follow, max-snippet:-1, max-image-preview:large, max-video-preview:-1\" \/>\n<meta property=\"og:locale\" content=\"fr_FR\" \/>\n<meta property=\"og:type\" content=\"article\" \/>\n<meta property=\"og:title\" content=\"Guide d&#039;installation des mod\u00e8les r\u00e9guliers\" \/>\n<meta property=\"og:description\" content=\"Guide d&#039;installation \u00e9tapes par \u00e9tapes complet avec images. Installez votre anode \u00e0 courant impos\u00e9 Corro-Protec d\u00e8s aujourd&#039;hui.\" \/>\n<meta property=\"og:url\" content=\"https:\/\/shop.corroprotec.com\/fr\/guide-dinstallation\/anode-courant-impose\/\" \/>\n<meta property=\"og:site_name\" content=\"Corro-Protec\" \/>\n<meta property=\"article:publisher\" content=\"https:\/\/www.facebook.com\/corroprotec\/\" \/>\n<meta property=\"article:modified_time\" content=\"2025-11-19T17:50:20+00:00\" \/>\n<meta property=\"og:image\" content=\"https:\/\/shop.corroprotec.com\/app\/uploads\/2025\/11\/guide-dinstallation-reg-fr.png\" \/>\n\t<meta property=\"og:image:width\" content=\"1000\" \/>\n\t<meta property=\"og:image:height\" content=\"772\" \/>\n\t<meta property=\"og:image:type\" content=\"image\/png\" \/>\n<meta name=\"twitter:card\" content=\"summary_large_image\" \/>\n<meta name=\"twitter:site\" content=\"@corroprotec\" \/>\n<script type=\"application\/ld+json\" class=\"yoast-schema-graph\">{\"@context\":\"https:\/\/schema.org\",\"@graph\":[{\"@type\":\"WebPage\",\"@id\":\"https:\/\/shop.corroprotec.com\/fr\/guide-dinstallation\/anode-courant-impose\/\",\"url\":\"https:\/\/shop.corroprotec.com\/fr\/guide-dinstallation\/anode-courant-impose\/\",\"name\":\"Guide d'installation des mod\u00e8les r\u00e9guliers - Corro-Protec\",\"isPartOf\":{\"@id\":\"https:\/\/shop.corroprotec.com\/fr\/#website\"},\"datePublished\":\"2022-08-22T17:38:35+00:00\",\"dateModified\":\"2025-11-19T17:50:20+00:00\",\"description\":\"Guide d'installation \u00e9tapes par \u00e9tapes complet avec images. Installez votre anode \u00e0 courant impos\u00e9 Corro-Protec d\u00e8s aujourd'hui.\",\"breadcrumb\":{\"@id\":\"https:\/\/shop.corroprotec.com\/fr\/guide-dinstallation\/anode-courant-impose\/#breadcrumb\"},\"inLanguage\":\"fr-FR\",\"potentialAction\":[{\"@type\":\"ReadAction\",\"target\":[\"https:\/\/shop.corroprotec.com\/fr\/guide-dinstallation\/anode-courant-impose\/\"]}]},{\"@type\":\"BreadcrumbList\",\"@id\":\"https:\/\/shop.corroprotec.com\/fr\/guide-dinstallation\/anode-courant-impose\/#breadcrumb\",\"itemListElement\":[{\"@type\":\"ListItem\",\"position\":1,\"name\":\"Home\",\"item\":\"https:\/\/shop.corroprotec.com\/fr\/\"},{\"@type\":\"ListItem\",\"position\":2,\"name\":\"Guide d&#8217;installation\",\"item\":\"https:\/\/shop.corroprotec.com\/fr\/guide-dinstallation\/\"},{\"@type\":\"ListItem\",\"position\":3,\"name\":\"Guide d&#8217;installation des mod\u00e8les r\u00e9guliers\"}]},{\"@type\":\"WebSite\",\"@id\":\"https:\/\/shop.corroprotec.com\/fr\/#website\",\"url\":\"https:\/\/shop.corroprotec.com\/fr\/\",\"name\":\"Corro-Protec\",\"description\":\"\",\"publisher\":{\"@id\":\"https:\/\/shop.corroprotec.com\/fr\/#organization\"},\"potentialAction\":[{\"@type\":\"SearchAction\",\"target\":{\"@type\":\"EntryPoint\",\"urlTemplate\":\"https:\/\/shop.corroprotec.com\/fr\/?s={search_term_string}\"},\"query-input\":\"required name=search_term_string\"}],\"inLanguage\":\"fr-FR\"},{\"@type\":\"Organization\",\"@id\":\"https:\/\/shop.corroprotec.com\/fr\/#organization\",\"name\":\"Corro-Protec\",\"url\":\"https:\/\/shop.corroprotec.com\/fr\/\",\"sameAs\":[\"https:\/\/www.facebook.com\/corroprotec\/\",\"https:\/\/twitter.com\/corroprotec\"],\"logo\":{\"@type\":\"ImageObject\",\"inLanguage\":\"fr-FR\",\"@id\":\"https:\/\/shop.corroprotec.com\/fr\/#\/schema\/logo\/image\/\",\"url\":\"https:\/\/shop.corroprotec.com\/app\/uploads\/2024\/03\/logo-corro-v-blanc-fond-vert-rgb.png\",\"contentUrl\":\"https:\/\/shop.corroprotec.com\/app\/uploads\/2024\/03\/logo-corro-v-blanc-fond-vert-rgb.png\",\"width\":2000,\"height\":1244,\"caption\":\"Corro-Protec\"},\"image\":{\"@id\":\"https:\/\/shop.corroprotec.com\/fr\/#\/schema\/logo\/image\/\"}}]}<\/script>\n<!-- \/ Yoast SEO Premium plugin. -->","yoast_head_json":{"title":"Guide d'installation des mod\u00e8les r\u00e9guliers - Corro-Protec","description":"Guide d'installation \u00e9tapes par \u00e9tapes complet avec images. Installez votre anode \u00e0 courant impos\u00e9 Corro-Protec d\u00e8s aujourd'hui.","robots":{"index":"noindex","follow":"follow","max-snippet":"max-snippet:-1","max-image-preview":"max-image-preview:large","max-video-preview":"max-video-preview:-1"},"og_locale":"fr_FR","og_type":"article","og_title":"Guide d'installation des mod\u00e8les r\u00e9guliers","og_description":"Guide d'installation \u00e9tapes par \u00e9tapes complet avec images. Installez votre anode \u00e0 courant impos\u00e9 Corro-Protec d\u00e8s aujourd'hui.","og_url":"https:\/\/shop.corroprotec.com\/fr\/guide-dinstallation\/anode-courant-impose\/","og_site_name":"Corro-Protec","article_publisher":"https:\/\/www.facebook.com\/corroprotec\/","article_modified_time":"2025-11-19T17:50:20+00:00","og_image":[{"width":1000,"height":772,"url":"https:\/\/shop.corroprotec.com\/app\/uploads\/2025\/11\/guide-dinstallation-reg-fr.png","type":"image\/png"}],"twitter_card":"summary_large_image","twitter_site":"@corroprotec","schema":{"@context":"https:\/\/schema.org","@graph":[{"@type":"WebPage","@id":"https:\/\/shop.corroprotec.com\/fr\/guide-dinstallation\/anode-courant-impose\/","url":"https:\/\/shop.corroprotec.com\/fr\/guide-dinstallation\/anode-courant-impose\/","name":"Guide d'installation des mod\u00e8les r\u00e9guliers - Corro-Protec","isPartOf":{"@id":"https:\/\/shop.corroprotec.com\/fr\/#website"},"datePublished":"2022-08-22T17:38:35+00:00","dateModified":"2025-11-19T17:50:20+00:00","description":"Guide d'installation \u00e9tapes par \u00e9tapes complet avec images. Installez votre anode \u00e0 courant impos\u00e9 Corro-Protec d\u00e8s aujourd'hui.","breadcrumb":{"@id":"https:\/\/shop.corroprotec.com\/fr\/guide-dinstallation\/anode-courant-impose\/#breadcrumb"},"inLanguage":"fr-FR","potentialAction":[{"@type":"ReadAction","target":["https:\/\/shop.corroprotec.com\/fr\/guide-dinstallation\/anode-courant-impose\/"]}]},{"@type":"BreadcrumbList","@id":"https:\/\/shop.corroprotec.com\/fr\/guide-dinstallation\/anode-courant-impose\/#breadcrumb","itemListElement":[{"@type":"ListItem","position":1,"name":"Home","item":"https:\/\/shop.corroprotec.com\/fr\/"},{"@type":"ListItem","position":2,"name":"Guide d&#8217;installation","item":"https:\/\/shop.corroprotec.com\/fr\/guide-dinstallation\/"},{"@type":"ListItem","position":3,"name":"Guide d&#8217;installation des mod\u00e8les r\u00e9guliers"}]},{"@type":"WebSite","@id":"https:\/\/shop.corroprotec.com\/fr\/#website","url":"https:\/\/shop.corroprotec.com\/fr\/","name":"Corro-Protec","description":"","publisher":{"@id":"https:\/\/shop.corroprotec.com\/fr\/#organization"},"potentialAction":[{"@type":"SearchAction","target":{"@type":"EntryPoint","urlTemplate":"https:\/\/shop.corroprotec.com\/fr\/?s={search_term_string}"},"query-input":"required name=search_term_string"}],"inLanguage":"fr-FR"},{"@type":"Organization","@id":"https:\/\/shop.corroprotec.com\/fr\/#organization","name":"Corro-Protec","url":"https:\/\/shop.corroprotec.com\/fr\/","sameAs":["https:\/\/www.facebook.com\/corroprotec\/","https:\/\/twitter.com\/corroprotec"],"logo":{"@type":"ImageObject","inLanguage":"fr-FR","@id":"https:\/\/shop.corroprotec.com\/fr\/#\/schema\/logo\/image\/","url":"https:\/\/shop.corroprotec.com\/app\/uploads\/2024\/03\/logo-corro-v-blanc-fond-vert-rgb.png","contentUrl":"https:\/\/shop.corroprotec.com\/app\/uploads\/2024\/03\/logo-corro-v-blanc-fond-vert-rgb.png","width":2000,"height":1244,"caption":"Corro-Protec"},"image":{"@id":"https:\/\/shop.corroprotec.com\/fr\/#\/schema\/logo\/image\/"}}]}},"_links":{"self":[{"href":"https:\/\/shop.corroprotec.com\/fr\/wp-json\/wp\/v2\/pages\/2202"}],"collection":[{"href":"https:\/\/shop.corroprotec.com\/fr\/wp-json\/wp\/v2\/pages"}],"about":[{"href":"https:\/\/shop.corroprotec.com\/fr\/wp-json\/wp\/v2\/types\/page"}],"author":[{"embeddable":true,"href":"https:\/\/shop.corroprotec.com\/fr\/wp-json\/wp\/v2\/users\/1"}],"replies":[{"embeddable":true,"href":"https:\/\/shop.corroprotec.com\/fr\/wp-json\/wp\/v2\/comments?post=2202"}],"version-history":[{"count":35,"href":"https:\/\/shop.corroprotec.com\/fr\/wp-json\/wp\/v2\/pages\/2202\/revisions"}],"predecessor-version":[{"id":39342,"href":"https:\/\/shop.corroprotec.com\/fr\/wp-json\/wp\/v2\/pages\/2202\/revisions\/39342"}],"up":[{"embeddable":true,"href":"https:\/\/shop.corroprotec.com\/fr\/wp-json\/wp\/v2\/pages\/13451"}],"wp:featuredmedia":[{"embeddable":true,"href":"https:\/\/shop.corroprotec.com\/fr\/wp-json\/wp\/v2\/media\/47131"}],"wp:attachment":[{"href":"https:\/\/shop.corroprotec.com\/fr\/wp-json\/wp\/v2\/media?parent=2202"}],"curies":[{"name":"wp","href":"https:\/\/api.w.org\/{rel}","templated":true}]}}