{"id":2276,"date":"2022-08-23T09:29:33","date_gmt":"2022-08-23T13:29:33","guid":{"rendered":"https:\/\/shop.corroprotec.com\/warranty\/"},"modified":"2025-02-11T14:37:17","modified_gmt":"2025-02-11T19:37:17","slug":"garantia-devoluciones","status":"publish","type":"page","link":"https:\/\/shop.corroprotec.com\/es\/garantia-devoluciones\/","title":{"rendered":"Corro-Protec garant\u00eda y devoluciones"},"content":{"rendered":"<div class=\"o-container-text\">\n<div class=\"wp-block-columns -warranty-3-cols\"><\/div>\n<\/div>\n\n<div class=\"o-container-text\">\n<div class=\"wp-block-columns\">\n<div class=\"wp-block-column\"><div class=\"o-container-text\">\n<h3 id=\"h-registrar-mi-corro-protec-1\">Registrar mi CORRO-PROTEC<\/h3>\n<\/div><\/div>\n\n\n\n<div class=\"wp-block-column\"><div class=\"o-container-text\">\n<h3 id=\"h-hacer-una-reclamacion-de-garantia-1\">Hacer una reclamaci\u00f3n de garant\u00eda<\/h3>\n<\/div><\/div>\n\n\n\n<div class=\"wp-block-column\"><div class=\"o-container-text\">\n<h3 id=\"h-hacer-una-devolucion-1\">Hacer una devoluci\u00f3n<\/h3>\n<\/div><\/div>\n<\/div>\n<\/div>\n\n<div class=\"o-container-text\">\n<div style=\"height:28px\" aria-hidden=\"true\" class=\"wp-block-spacer\"><\/div>\n<\/div>\n\n<div class=\"o-container-text\">\n<div class=\"wp-block-columns\">\n<div class=\"wp-block-column\"><div class=\"o-container-text\">\n<p>Los sistemas de Corro-Protec est\u00e1n garantizados por 20 a\u00f1os y se mantendr\u00e1n funcionales durante a\u00fan m\u00e1s tiempo. \u00a1\u00c9se es el poder del titanio!<\/p>\n<\/div><\/div>\n\n\n\n<div class=\"wp-block-column\"><div class=\"o-container-text\">\n<p>Hacer una reclamaci\u00f3n te tomar\u00e1 solo unos segundos.<\/p>\n<\/div><\/div>\n\n\n\n<div class=\"wp-block-column\"><div class=\"o-container-text\">\n<p>\u00bfNo est\u00e1 completamente satisfecho? No se preocupe. Devu\u00e9lvalo dentro de los 90 d\u00edas posteriores a la fecha de compra para un reembolso completo.<\/p>\n<\/div><\/div>\n<\/div>\n<\/div>\n\n<div class=\"o-container-text\">\n<div style=\"height:28px\" aria-hidden=\"true\" class=\"wp-block-spacer\"><\/div>\n<\/div>\n\n<div class=\"o-container-text\">\n<div class=\"wp-block-columns\">\n<div class=\"wp-block-column\"><div class=\"o-container-text\">\n<div class=\"wp-block-buttons\"><div class=\"o-container-text\">\n<div class=\"wp-block-button\"><a class=\"wp-block-button__link\" href=\"https:\/\/shop.corroprotec.com\/es\/solucion-y-reclamo-garantia\/\" target=\"_blank\" rel=\"noreferrer noopener\">Empezar<\/a><\/div>\n<\/div><\/div>\n<\/div><\/div>\n\n\n\n<div class=\"wp-block-column\"><div class=\"o-container-text\">\n<div class=\"wp-block-buttons\"><div class=\"o-container-text\">\n<div class=\"wp-block-button\"><a class=\"wp-block-button__link\" href=\"https:\/\/shop.corroprotec.com\/es\/solucion-y-reclamo-garantia\/\" target=\"_blank\" rel=\"noreferrer noopener\">Empezar<\/a><\/div>\n<\/div><\/div>\n<\/div><\/div>\n\n\n\n<div class=\"wp-block-column\"><div class=\"o-container-text\">\n<div class=\"wp-block-buttons\"><div class=\"o-container-text\">\n<div class=\"wp-block-button\"><a class=\"wp-block-button__link\" href=\"https:\/\/shop.corroprotec.com\/es\/solucion-y-reclamo-garantia\/\" target=\"_blank\" rel=\"noreferrer noopener\">Empezar<\/a><\/div>\n<\/div><\/div>\n<\/div><\/div>\n<\/div>\n<\/div>\n\n<section id=\"block-block_1feebd68030df019e9dd5964aebfc87e\" class=\"o-section\">\n    <div class=\"o-container-text\">\n                    <\/div>\n    <div class=\"o-container\">\n        <div class=\"c-bloc-ico-text-2-cols__wrapper\">\n            <div class=\"o-row\">\n                                    <div class=\"o-col w-1\/2 c-bloc-ico-text-2-cols__item \">\n                        <div class=\"c-bloc-ico-text-2-cols__content o-text\">\n\n                                                            <div class=\"c-bloc-ico-text-2-cols__icon-wrapper\">\n                                                                        <h4>Garant\u00eda limitada de 20 a\u00f1os<\/h4>\n                                <\/div>\n                                <p>Los sistemas de Corro-Protec est\u00e1n garantizados por 20 a\u00f1os y se mantendr\u00e1n funcionales durante a\u00fan m\u00e1s tiempo. \u00a1\u00c9se es el poder del titanio!<\/p>\n                                                    <\/div>\n                    <\/div>\n                                    <div class=\"o-col w-1\/2 c-bloc-ico-text-2-cols__item \">\n                        <div class=\"c-bloc-ico-text-2-cols__content o-text\">\n\n                                                            <div class=\"c-bloc-ico-text-2-cols__icon-wrapper\">\n                                                                        <h4>Te tenemos cubierto<\/h4>\n                                <\/div>\n                                <p>Hemos preparado gu\u00edas de instalaci\u00f3n y una secci\u00f3n de preguntas frecuentes, pero si a\u00fan no est\u00e1s seguro de algo en espec\u00edfico, \u00a1no te preocupes! \u00a1Cont\u00e1ctanos! Ser\u00e1 un placer atenderte.<\/p>\n                                                    <\/div>\n                    <\/div>\n                                    <div class=\"o-col w-1\/2 c-bloc-ico-text-2-cols__item \">\n                        <div class=\"c-bloc-ico-text-2-cols__content o-text\">\n\n                                                            <div class=\"c-bloc-ico-text-2-cols__icon-wrapper\">\n                                                                        <h4>Reclamaci\u00f3n en l\u00ednea sencilla<\/h4>\n                                <\/div>\n                                <p>Hacer una reclamaci\u00f3n te tomar\u00e1 solo unos segundos.<\/p>\n                                                    <\/div>\n                    <\/div>\n                                    <div class=\"o-col w-1\/2 c-bloc-ico-text-2-cols__item \">\n                        <div class=\"c-bloc-ico-text-2-cols__content o-text\">\n\n                                                            <div class=\"c-bloc-ico-text-2-cols__icon-wrapper\">\n                                                                        <h4>Env\u00edo s\u00faper r\u00e1pido<\/h4>\n                                <\/div>\n                                <p>\u00a1Nuestro sistema de entregas es s\u00faper r\u00e1pido! \u00bfTienes un problema? Lo solucionaremos r\u00e1pidamente por ti.<\/p>\n                                                    <\/div>\n                    <\/div>\n                                    <div class=\"o-col w-1\/2 c-bloc-ico-text-2-cols__item \">\n                        <div class=\"c-bloc-ico-text-2-cols__content o-text\">\n\n                                                            <div class=\"c-bloc-ico-text-2-cols__icon-wrapper\">\n                                                                        <h4>Registro en l\u00ednea sencillo<\/h4>\n                                <\/div>\n                                <p>Registrar nuestra garant\u00eda solo toma 2 minutos y se hace directamente en l\u00ednea. Una vez registrada, no necesitar\u00e1s comprobante de tu compra para reclamarla. Solo necesitaremos tu nombre y direcci\u00f3n. En 20 a\u00f1os, es probable que extrav\u00edes tus comprobantes varias veces. Nosotros no te castigaremos por ello.<\/p>\n                                                    <\/div>\n                    <\/div>\n                                    <div class=\"o-col w-1\/2 c-bloc-ico-text-2-cols__item \">\n                        <div class=\"c-bloc-ico-text-2-cols__content o-text\">\n\n                                                            <div class=\"c-bloc-ico-text-2-cols__icon-wrapper\">\n                                                                        <h4>Garant\u00eda de reembolso de 90 d\u00edas<\/h4>\n                                <\/div>\n                                <p>\u00bfNo est\u00e1s satisfecho con nuestros productos? No se preocupe, puede devolverlo para obtener un reembolso completo dentro de los 90 d\u00edas de la fecha de compra original. \u00a1Esta garant\u00eda de satisfacci\u00f3n se aplica a todos los productos de Corro-Protec donde la haya comprado!<\/p>\n<p>Solo necesita su comprobante de compra y explique por qu\u00e9 no est\u00e1 satisfecho (despu\u00e9s de todo, solo queremos mejorar).<\/p>\n                                                    <\/div>\n                    <\/div>\n                            <\/div>\n        <\/div>\n    <\/div>\n<\/section>\n\n<div class=\"o-container-text\">\n<h2 id=\"h-nuestra-garantia-transparente\">Nuestra garant\u00eda transparente<\/h2>\n<\/div>\n\n<div class=\"o-container-text\">\n<p><strong>\u00bfQu\u00e9 cubre?<\/strong> Nuestro compromiso es con la integridad y funcionalidad del sistema de \u00e1nodo de corriente impuesta Corro-Protec. Lo garantizamos contra defectos de material o fabricaci\u00f3n cuando se instala y opera seg\u00fan las indicaciones.<\/p>\n<\/div>\n\n<div class=\"o-container-text\">\n<p><strong>\u00bfCu\u00e1nto tiempo es v\u00e1lida la garant\u00eda?<\/strong> <\/p>\n<\/div>\n\n<div class=\"o-container-text\">\n<p>Para instalaciones en viviendas unifamiliares, ofrecemos una garant\u00eda extendida gratuita de 20 a\u00f1os. Esta extensi\u00f3n sin costo es nuestra forma de asegurarnos de que pueda disfrutar de protecci\u00f3n y soporte a largo plazo para su producto sin preocupaciones. Al registrar su producto en nuestro sitio web dentro de los 90 d\u00edas posteriores a la compra, nos ayuda a garantizar el servicio de garant\u00eda en el futuro. Este simple paso garantiza que, incluso si pierde su comprobante de compra con los a\u00f1os, a\u00fan podamos verificar y respetar su reclamo de garant\u00eda. Si el producto no se registra, se aplica la garant\u00eda est\u00e1ndar de 5 a\u00f1os.<\/p>\n<\/div>\n\n<div class=\"o-container-text\">\n<p><strong>\u00bfCorro-Protec garantiza mi calentador de agua?<\/strong> <\/p>\n<\/div>\n\n<div class=\"o-container-text\">\n<p>Es simple l\u00f3gica: solo garantizamos lo que fabricamos. Si bien estamos orgullosos de la calidad superior del sistema Corro-Protec, no podemos garantizar todo el calentador de agua, ya que no lo fabricamos. As\u00ed como usted no garantizar\u00eda algo que no cre\u00f3, nosotros tampoco podemos hacerlo. Nuestro enfoque es asegurarnos de que nuestro producto funcione de manera \u00f3ptima dentro de su calentador de agua. Los calentadores de agua, dependiendo de su marca y calidad, pueden requerir el reemplazo de otras piezas con el tiempo, independientemente de nuestra protecci\u00f3n contra la corrosi\u00f3n.<\/p>\n<\/div>\n\n<div class=\"o-container-text\">\n<p>Nos enfocamos en lo que mejor hacemos: prevenir la corrosi\u00f3n interna. Sin embargo, puede ser necesario el mantenimiento de otros componentes no relacionados con la corrosi\u00f3n.<\/p>\n<\/div>\n\n<div class=\"o-container-text\">\n<p>Garant\u00eda limitada de Corro-Protec<\/p>\n<\/div>\n\n<div class=\"o-container-text\">\n<div style=\"height:130px\" aria-hidden=\"true\" class=\"wp-block-spacer\"><\/div>\n<\/div>\n\n<div class=\"o-container-text\">\n<h2 class=\"has-text-align-center\" id=\"h-explora-nuestros-productos\"><strong>Explora Nuestros Productos<\/strong><\/h2>\n<\/div>\n\n<div class=\"o-container-text\">\n<div class=\"wp-block-columns\">\n<div class=\"wp-block-column\"><div class=\"o-container-text\">\n<h4 id=\"h-varilla-de-anodo-electrica-para-uso-residencial\">Varilla de \u00e1nodo el\u00e9ctrica para uso residencial<\/h4>\n<\/div><\/div>\n\n\n\n<div class=\"wp-block-column\"><div class=\"o-container-text\">\n<h4 id=\"h-varilla-de-anodo-electrica-para-casas-rodantes-rvs\">Varilla de \u00e1nodo el\u00e9ctrica para casas rodantes (RVs)<\/h4>\n<\/div><\/div>\n\n\n\n<div class=\"wp-block-column\"><div class=\"o-container-text\">\n<h4 id=\"h-varilla-de-anodo-electrica-para-casas-rodantes-rvs-1\">Varilla de \u00e1nodo el\u00e9ctrica para casas rodantes (RVs)<\/h4>\n<\/div><\/div>\n<\/div>\n<\/div>\n\n<div class=\"o-container-text\">\n<div style=\"height:46px\" aria-hidden=\"true\" class=\"wp-block-spacer\"><\/div>\n<\/div>\n\n<div class=\"o-container-text\">\n<div class=\"wp-block-columns\">\n<div class=\"wp-block-column\"><div class=\"o-container-text\">\n<p>Mejora el rendimiento de tu calentador de agua con nuestra <strong>varilla de \u00e1nodo el\u00e9ctrica<\/strong>. Este innovador producto, reconocido por su confiabilidad, previene la corrosi\u00f3n, elimina los malos olores y prolonga la vida \u00fatil de tu calentador de agua. Es la opci\u00f3n ideal para familias que buscan una soluci\u00f3n eficiente y duradera para el suministro de agua caliente en el hogar.<\/p>\n<\/div><\/div>\n\n\n\n<div class=\"wp-block-column\"><div class=\"o-container-text\">\n<p>Disfruta de la misma tecnolog\u00eda avanzada mientras viajas con nuestra <strong>varilla de \u00e1nodo el\u00e9ctrica para RVs<\/strong>. Dise\u00f1ada espec\u00edficamente para sistemas de agua en casas rodantes, esta varilla garantiza agua limpia y libre de olores durante tus aventuras. Mant\u00e9n tu calentador de agua en \u00f3ptimas condiciones sin importar a d\u00f3nde te lleve el camino.<\/p>\n<\/div><\/div>\n\n\n\n<div class=\"wp-block-column\"><div class=\"o-container-text\">\n<p>Instalar una <strong>varilla de \u00e1nodo el\u00e9ctrica Corro-Protec<\/strong> es r\u00e1pido y f\u00e1cil. Ofrecemos una gu\u00eda de instalaci\u00f3n detallada paso a paso para ayudarte en el proceso. No necesitas ser un profesional para instalar nuestro producto, lo que lo convierte en una opci\u00f3n pr\u00e1ctica tanto para propietarios de viviendas como para due\u00f1os de casas rodantes.<\/p>\n<\/div><\/div>\n<\/div>\n<\/div>\n\n<div class=\"o-container-text\">\n<div style=\"height:46px\" aria-hidden=\"true\" class=\"wp-block-spacer\"><\/div>\n<\/div>\n\n<div class=\"o-container-text\">\n<div class=\"wp-block-columns\">\n<div class=\"wp-block-column\"><div class=\"o-container-text\">\n<div class=\"wp-block-buttons\"><div class=\"o-container-text\">\n<div class=\"wp-block-button\"><a class=\"wp-block-button__link\" href=\"https:\/\/shop.corroprotec.com\/es\/producto\/varilla-de-anodo\/\" target=\"_blank\" rel=\"noreferrer noopener\">Varilla de \u00e1nodo el\u00e9ctrica para tu hogarr<\/a><\/div>\n<\/div><\/div>\n<\/div><\/div>\n\n\n\n<div class=\"wp-block-column\"><div class=\"o-container-text\">\n<div class=\"wp-block-buttons\"><div class=\"o-container-text\">\n<div class=\"wp-block-button alignleft\"><a class=\"wp-block-button__link\" href=\"https:\/\/shop.corroprotec.com\/es\/producto\/anodo-suburban-rv-atwood\/\" target=\"_blank\" rel=\"noreferrer noopener\">Varilla de \u00e1nodo el\u00e9ctrica para de RV<\/a><\/div>\n<\/div><\/div>\n<\/div><\/div>\n\n\n\n<div class=\"wp-block-column\"><div class=\"o-container-text\">\n<div class=\"wp-block-buttons\"><div class=\"o-container-text\">\n<div class=\"wp-block-button\"><a class=\"wp-block-button__link\" href=\"https:\/\/shop.corroprotec.com\/es\/guia-de-instalacion\/\" target=\"_blank\" rel=\"noreferrer noopener\">Ver la gu\u00eda de instalaci\u00f3n<\/a><\/div>\n<\/div><\/div>\n<\/div><\/div>\n<\/div>\n<\/div>\n\n<div class=\"o-container-text\">\n<h2 id=\"h-por-que-elegir-una-varilla-de-anodo-electrica\"><strong>\u00bfPor qu\u00e9 elegir una varilla de <strong>\u00e1<\/strong>nodo el\u00e9ctrica?<\/strong><\/h2>\n<\/div>\n\n<div class=\"o-container-text\">\n<p>Aprende m\u00e1s sobre c\u00f3mo nuestras <strong>varillas de <strong>\u00e1<\/strong>nodo el\u00e9ctricas<\/strong> pueden transformar tu sistema de calentamiento de agua. <\/p>\n<\/div>\n\n<div class=\"o-container-text\">\n<div style=\"height:15px\" aria-hidden=\"true\" class=\"wp-block-spacer\"><\/div>\n<\/div>\n\n<div class=\"o-container-text\">\n<div class=\"wp-block-buttons\"><div class=\"o-container-text\">\n<div class=\"wp-block-button\"><a class=\"wp-block-button__link\" href=\"\" target=\"_blank\" rel=\"noreferrer noopener\">Los beneficios de las varillas de \u00e1nodo el\u00e9ctricas <\/a><\/div>\n<\/div><\/div>\n<\/div>\n\n<div class=\"o-container-text\">\n<h2 id=\"h-encuentra-un-distribuidor-autorizado\"><strong><strong>Encuentra un distribuidor autorizado<\/strong><\/strong><\/h2>\n<\/div>\n\n<div class=\"o-container-text\">\n<p>\u00bfPrefieres comprar localmente o a trav\u00e9s de un minorista de confianza? Usa nuestro localizador de tiendas para encontrar un distribuidor autorizado de <strong>Corro-Protec<\/strong> cerca de ti. Obt\u00e9n los mismos productos de calidad excepcional y el mejor soporte a trav\u00e9s de nuestros socios de confianza.<\/p>\n<\/div>\n\n<div class=\"o-container-text\">\n<div style=\"height:14px\" aria-hidden=\"true\" class=\"wp-block-spacer\"><\/div>\n<\/div>\n\n<div class=\"o-container-text\">\n<div class=\"wp-block-buttons\"><div class=\"o-container-text\">\n<div class=\"wp-block-button\"><a class=\"wp-block-button__link\" href=\"https:\/\/shop.corroprotec.com\/es\/distribuidores\/\" target=\"_blank\" rel=\"noreferrer noopener\">Encuentra un Distribuidor<\/a><\/div>\n<\/div><\/div>\n<\/div>\n\n<div class=\"o-container-text\">\n<h2 id=\"h-necesitas-ayuda\">\u00bfNecesitas ayuda?<\/h2>\n<\/div>\n\n<div class=\"o-container-text\">\n<p>\u00a1Estamos aqu\u00ed para ayudarte! Ll\u00e1manos, env\u00edanos un mensaje, cont\u00e1ctanos por Facebook, escr\u00edbenos un correo, env\u00edanos una solicitud por correo postal, \u00a1o incluso vis\u00edtanos! Sin importar el m\u00e9todo que escojas, un miembro de nuestro equipo estar\u00e1 encantado de apoyarte. <\/p>\n<\/div>\n\n<div class=\"o-container-text\">\n<div style=\"height:18px\" aria-hidden=\"true\" class=\"wp-block-spacer\"><\/div>\n<\/div>\n\n<div class=\"o-container-text\">\n<div class=\"wp-block-buttons\"><div class=\"o-container-text\">\n<div class=\"wp-block-button\"><a class=\"wp-block-button__link\" href=\"https:\/\/shop.corroprotec.com\/es\/contacto\/\" target=\"_blank\" rel=\"noreferrer noopener\">Cont\u00e1ctanos<\/a><\/div>\n<\/div><\/div>\n<\/div>","protected":false},"excerpt":{"rendered":"<p>Registrar mi CORRO-PROTEC Hacer una reclamaci\u00f3n de garant\u00eda Hacer una devoluci\u00f3n Los sistemas de Corro-Protec est\u00e1n garantizados por 20 a\u00f1os y se mantendr\u00e1n funcionales durante [&hellip;]<\/p>\n","protected":false},"author":4,"featured_media":0,"parent":0,"menu_order":0,"comment_status":"closed","ping_status":"closed","template":"","meta":{"_relevanssi_hide_post":"","_relevanssi_hide_content":"","_relevanssi_pin_for_all":"","_relevanssi_pin_keywords":"","_relevanssi_unpin_keywords":"","_relevanssi_related_keywords":"","_relevanssi_related_include_ids":"","_relevanssi_related_exclude_ids":"","_relevanssi_related_no_append":"","_relevanssi_related_not_related":"","_relevanssi_related_posts":"347,356,335,331,338,300","_relevanssi_noindex_reason":""},"acf":[],"yoast_head":"<!-- This site is optimized with the Yoast SEO Premium plugin v19.3 (Yoast SEO v19.7) - https:\/\/yoast.com\/wordpress\/plugins\/seo\/ -->\n<title>Corro-Protec garant\u00eda y devoluciones - Corro-Protec<\/title>\n<meta name=\"description\" content=\"Garant\u00eda limitada de 20 a\u00f1os y Garant\u00eda de reembolso de 90 d\u00edas\" \/>\n<meta name=\"robots\" content=\"noindex, follow, max-snippet:-1, max-image-preview:large, max-video-preview:-1\" \/>\n<meta property=\"og:locale\" content=\"es_ES\" \/>\n<meta property=\"og:type\" content=\"article\" \/>\n<meta property=\"og:title\" content=\"Corro-Protec garant\u00eda y devoluciones\" \/>\n<meta property=\"og:description\" content=\"Garant\u00eda limitada de 20 a\u00f1os y Garant\u00eda de reembolso de 90 d\u00edas\" \/>\n<meta property=\"og:url\" content=\"https:\/\/shop.corroprotec.com\/es\/garantia-devoluciones\/\" \/>\n<meta property=\"og:site_name\" content=\"Corro-Protec\" \/>\n<meta property=\"article:publisher\" content=\"https:\/\/www.facebook.com\/corroprotec\/\" \/>\n<meta property=\"article:modified_time\" content=\"2025-02-11T19:37:17+00:00\" \/>\n<meta property=\"og:image\" content=\"https:\/\/shop.corroprotec.com\/app\/uploads\/2022\/09\/og-en-min.jpg\" \/>\n\t<meta property=\"og:image:width\" content=\"1200\" \/>\n\t<meta property=\"og:image:height\" content=\"630\" \/>\n\t<meta property=\"og:image:type\" content=\"image\/jpeg\" \/>\n<meta name=\"twitter:card\" content=\"summary_large_image\" \/>\n<meta name=\"twitter:site\" content=\"@corroprotec\" \/>\n<meta name=\"twitter:label1\" content=\"Est. reading time\" \/>\n\t<meta name=\"twitter:data1\" content=\"3 minutes\" \/>\n<script type=\"application\/ld+json\" class=\"yoast-schema-graph\">{\"@context\":\"https:\/\/schema.org\",\"@graph\":[{\"@type\":\"WebPage\",\"@id\":\"https:\/\/shop.corroprotec.com\/es\/garantia-devoluciones\/\",\"url\":\"https:\/\/shop.corroprotec.com\/es\/garantia-devoluciones\/\",\"name\":\"Corro-Protec garant\u00eda y devoluciones - Corro-Protec\",\"isPartOf\":{\"@id\":\"https:\/\/shop.corroprotec.com\/es\/#website\"},\"datePublished\":\"2022-08-23T13:29:33+00:00\",\"dateModified\":\"2025-02-11T19:37:17+00:00\",\"description\":\"Garant\u00eda limitada de 20 a\u00f1os y Garant\u00eda de reembolso de 90 d\u00edas\",\"breadcrumb\":{\"@id\":\"https:\/\/shop.corroprotec.com\/es\/garantia-devoluciones\/#breadcrumb\"},\"inLanguage\":\"es-ES\",\"potentialAction\":[{\"@type\":\"ReadAction\",\"target\":[\"https:\/\/shop.corroprotec.com\/es\/garantia-devoluciones\/\"]}]},{\"@type\":\"BreadcrumbList\",\"@id\":\"https:\/\/shop.corroprotec.com\/es\/garantia-devoluciones\/#breadcrumb\",\"itemListElement\":[{\"@type\":\"ListItem\",\"position\":1,\"name\":\"Home\",\"item\":\"https:\/\/shop.corroprotec.com\/es\/\"},{\"@type\":\"ListItem\",\"position\":2,\"name\":\"Corro-Protec garant\u00eda y devoluciones\"}]},{\"@type\":\"WebSite\",\"@id\":\"https:\/\/shop.corroprotec.com\/es\/#website\",\"url\":\"https:\/\/shop.corroprotec.com\/es\/\",\"name\":\"Corro-Protec\",\"description\":\"\",\"publisher\":{\"@id\":\"https:\/\/shop.corroprotec.com\/es\/#organization\"},\"potentialAction\":[{\"@type\":\"SearchAction\",\"target\":{\"@type\":\"EntryPoint\",\"urlTemplate\":\"https:\/\/shop.corroprotec.com\/es\/?s={search_term_string}\"},\"query-input\":\"required name=search_term_string\"}],\"inLanguage\":\"es-ES\"},{\"@type\":\"Organization\",\"@id\":\"https:\/\/shop.corroprotec.com\/es\/#organization\",\"name\":\"Corro-Protec\",\"url\":\"https:\/\/shop.corroprotec.com\/es\/\",\"sameAs\":[\"https:\/\/www.facebook.com\/corroprotec\/\",\"https:\/\/twitter.com\/corroprotec\"],\"logo\":{\"@type\":\"ImageObject\",\"inLanguage\":\"es-ES\",\"@id\":\"https:\/\/shop.corroprotec.com\/es\/#\/schema\/logo\/image\/\",\"url\":\"https:\/\/shop.corroprotec.com\/app\/uploads\/2024\/03\/logo-corro-v-blanc-fond-vert-rgb.png\",\"contentUrl\":\"https:\/\/shop.corroprotec.com\/app\/uploads\/2024\/03\/logo-corro-v-blanc-fond-vert-rgb.png\",\"width\":2000,\"height\":1244,\"caption\":\"Corro-Protec\"},\"image\":{\"@id\":\"https:\/\/shop.corroprotec.com\/es\/#\/schema\/logo\/image\/\"}}]}<\/script>\n<!-- \/ Yoast SEO Premium plugin. -->","yoast_head_json":{"title":"Corro-Protec garant\u00eda y devoluciones - Corro-Protec","description":"Garant\u00eda limitada de 20 a\u00f1os y Garant\u00eda de reembolso de 90 d\u00edas","robots":{"index":"noindex","follow":"follow","max-snippet":"max-snippet:-1","max-image-preview":"max-image-preview:large","max-video-preview":"max-video-preview:-1"},"og_locale":"es_ES","og_type":"article","og_title":"Corro-Protec garant\u00eda y devoluciones","og_description":"Garant\u00eda limitada de 20 a\u00f1os y Garant\u00eda de reembolso de 90 d\u00edas","og_url":"https:\/\/shop.corroprotec.com\/es\/garantia-devoluciones\/","og_site_name":"Corro-Protec","article_publisher":"https:\/\/www.facebook.com\/corroprotec\/","article_modified_time":"2025-02-11T19:37:17+00:00","og_image":[{"width":1200,"height":630,"url":"https:\/\/shop.corroprotec.com\/app\/uploads\/2022\/09\/og-en-min.jpg","type":"image\/jpeg"}],"twitter_card":"summary_large_image","twitter_site":"@corroprotec","twitter_misc":{"Est. reading time":"3 minutes"},"schema":{"@context":"https:\/\/schema.org","@graph":[{"@type":"WebPage","@id":"https:\/\/shop.corroprotec.com\/es\/garantia-devoluciones\/","url":"https:\/\/shop.corroprotec.com\/es\/garantia-devoluciones\/","name":"Corro-Protec garant\u00eda y devoluciones - Corro-Protec","isPartOf":{"@id":"https:\/\/shop.corroprotec.com\/es\/#website"},"datePublished":"2022-08-23T13:29:33+00:00","dateModified":"2025-02-11T19:37:17+00:00","description":"Garant\u00eda limitada de 20 a\u00f1os y Garant\u00eda de reembolso de 90 d\u00edas","breadcrumb":{"@id":"https:\/\/shop.corroprotec.com\/es\/garantia-devoluciones\/#breadcrumb"},"inLanguage":"es-ES","potentialAction":[{"@type":"ReadAction","target":["https:\/\/shop.corroprotec.com\/es\/garantia-devoluciones\/"]}]},{"@type":"BreadcrumbList","@id":"https:\/\/shop.corroprotec.com\/es\/garantia-devoluciones\/#breadcrumb","itemListElement":[{"@type":"ListItem","position":1,"name":"Home","item":"https:\/\/shop.corroprotec.com\/es\/"},{"@type":"ListItem","position":2,"name":"Corro-Protec garant\u00eda y devoluciones"}]},{"@type":"WebSite","@id":"https:\/\/shop.corroprotec.com\/es\/#website","url":"https:\/\/shop.corroprotec.com\/es\/","name":"Corro-Protec","description":"","publisher":{"@id":"https:\/\/shop.corroprotec.com\/es\/#organization"},"potentialAction":[{"@type":"SearchAction","target":{"@type":"EntryPoint","urlTemplate":"https:\/\/shop.corroprotec.com\/es\/?s={search_term_string}"},"query-input":"required name=search_term_string"}],"inLanguage":"es-ES"},{"@type":"Organization","@id":"https:\/\/shop.corroprotec.com\/es\/#organization","name":"Corro-Protec","url":"https:\/\/shop.corroprotec.com\/es\/","sameAs":["https:\/\/www.facebook.com\/corroprotec\/","https:\/\/twitter.com\/corroprotec"],"logo":{"@type":"ImageObject","inLanguage":"es-ES","@id":"https:\/\/shop.corroprotec.com\/es\/#\/schema\/logo\/image\/","url":"https:\/\/shop.corroprotec.com\/app\/uploads\/2024\/03\/logo-corro-v-blanc-fond-vert-rgb.png","contentUrl":"https:\/\/shop.corroprotec.com\/app\/uploads\/2024\/03\/logo-corro-v-blanc-fond-vert-rgb.png","width":2000,"height":1244,"caption":"Corro-Protec"},"image":{"@id":"https:\/\/shop.corroprotec.com\/es\/#\/schema\/logo\/image\/"}}]}},"_links":{"self":[{"href":"https:\/\/shop.corroprotec.com\/es\/wp-json\/wp\/v2\/pages\/2276"}],"collection":[{"href":"https:\/\/shop.corroprotec.com\/es\/wp-json\/wp\/v2\/pages"}],"about":[{"href":"https:\/\/shop.corroprotec.com\/es\/wp-json\/wp\/v2\/types\/page"}],"author":[{"embeddable":true,"href":"https:\/\/shop.corroprotec.com\/es\/wp-json\/wp\/v2\/users\/4"}],"replies":[{"embeddable":true,"href":"https:\/\/shop.corroprotec.com\/es\/wp-json\/wp\/v2\/comments?post=2276"}],"version-history":[{"count":27,"href":"https:\/\/shop.corroprotec.com\/es\/wp-json\/wp\/v2\/pages\/2276\/revisions"}],"predecessor-version":[{"id":16106,"href":"https:\/\/shop.corroprotec.com\/es\/wp-json\/wp\/v2\/pages\/2276\/revisions\/16106"}],"wp:attachment":[{"href":"https:\/\/shop.corroprotec.com\/es\/wp-json\/wp\/v2\/media?parent=2276"}],"curies":[{"name":"wp","href":"https:\/\/api.w.org\/{rel}","templated":true}]}}