{"id":2268,"date":"2022-07-07T11:25:43","date_gmt":"2022-07-07T15:25:43","guid":{"rendered":"https:\/\/shop.corroprotec.com\/terms-conditions\/"},"modified":"2022-09-19T10:27:14","modified_gmt":"2022-09-19T14:27:14","slug":"terminos-y-condiciones","status":"publish","type":"page","link":"https:\/\/shop.corroprotec.com\/es\/terminos-y-condiciones\/","title":{"rendered":"T\u00e9rminos y condiciones"},"content":{"rendered":"<div class=\"o-container-text\">\n<h2>Bienvenido a Groupe HPA Inc<\/h2>\n<\/div>\n\n<div class=\"o-container-text\">\n<p>Estos t\u00e9rminos y condiciones describen las reglas y regulaciones para el uso del sitio web de Groupe HPA Inc. Groupe HPA Inc est\u00e1 ubicado en: 40 Boulevard Industriel, Princeville G6L 4P2 Quebec, Canad\u00e1.<br>\u00a0<br>Al acceder a este sitio web asumimos que acepta estos t\u00e9rminos y condiciones en su totalidad. No contin\u00fae utilizando el sitio web de Groupe HPA Inc si no acepta todos los t\u00e9rminos y condiciones establecidos en esta p\u00e1gina.<br>\u00a0<br>La siguiente terminolog\u00eda se aplica a estos T\u00e9rminos y Condiciones, Declaraci\u00f3n de Privacidad y Aviso de Descargo de Responsabilidad y cualquiera o todos los Acuerdos: &#8220;Cliente&#8221;, &#8220;Usted&#8221; y &#8220;Su&#8221; se refieren a usted, la persona que accede a este sitio web y acepta los t\u00e9rminos y condiciones de la Compa\u00f1\u00eda.<br>&#8220;La Compa\u00f1\u00eda&#8221;, &#8220;Nosotros mismos&#8221;, &#8220;Nosotros&#8221;, &#8220;Nuestro&#8221; y &#8220;Nosotros&#8221;, se refiere a nuestra Compa\u00f1\u00eda. &#8220;Parte&#8221;, &#8220;Partes&#8221; o &#8220;Nosotros&#8221;, se refiere tanto al Cliente como a nosotros mismos, o al Cliente o a nosotros mismos. Todos los t\u00e9rminos se refieren a la oferta, aceptaci\u00f3n y consideraci\u00f3n del pago necesario para llevar a cabo el proceso de nuestra asistencia al Cliente de la manera m\u00e1s adecuada, ya sea mediante reuniones formales de una duraci\u00f3n fija, o por cualquier otro medio, con el prop\u00f3sito expreso de cumplir con el objetivo. Las necesidades del cliente con respecto a la provisi\u00f3n de los servicios \/ productos declarados de la Compa\u00f1\u00eda, de conformidad con y sujetos a la legislaci\u00f3n vigente de Canad\u00e1. Cualquier uso de la terminolog\u00eda anterior u otras palabras en singular, plural, may\u00fasculas y \/ o \u00e9l \/ ella o ellas, se consideran intercambiables y, por lo tanto, se refieren a la misma.<\/p>\n<\/div>\n\n<div class=\"o-container-text\">\n<h3>Galletas<\/h3>\n<\/div>\n\n<div class=\"o-container-text\">\n<p>Empleamos el uso de cookies. Al utilizar el sitio web de Groupe HPA Inc, usted acepta el uso de cookies de acuerdo con la pol\u00edtica de privacidad de Groupe HPA Inc. La mayor\u00eda de los sitios web interactivos de hoy en d\u00eda utilizan cookies para permitirnos recuperar los detalles del usuario para cada visita. Las cookies se utilizan en algunas \u00e1reas de nuestro sitio para permitir la funcionalidad de esta \u00e1rea y la facilidad de uso para las personas que visitan. Algunos de nuestros socios publicitarios \/ afiliados tambi\u00e9n pueden utilizar cookies.<\/p>\n<\/div>\n\n<div class=\"o-container-text\">\n<h3>Licencia<\/h3>\n<\/div>\n\n<div class=\"o-container-text\">\n<p>A menos que se indique lo contrario, Groupe HPA Inc. y \/ o sus licenciatarios son due\u00f1os de los derechos de propiedad intelectual de todo el material de Groupe HPA Inc. Todos los derechos de propiedad intelectual est\u00e1n reservados. Puede ver y \/ o imprimir p\u00e1ginas de http:\/\/shop.corroprotec.com para su uso personal sujeto a las restricciones establecidas en estos t\u00e9rminos y condiciones.<\/p>\n<\/div>\n\n<div class=\"o-container-text\">\n<p>No debes:<\/p>\n<\/div>\n\n<div class=\"o-container-text\">\n<ul><li>Volver a publicar material de http:\/\/shop.corroprotec.com<\/li><li>Vender, alquilar o sub-licencia de material desde http:\/\/shop.corroprotec.com<\/li><li>Reproducir, duplicar o copiar material de http:\/\/shop.corroprotec.com<\/li><li>Redistribuya el contenido de Groupe HPA Inc (a menos que el contenido se haga espec\u00edficamente para la redistribuci\u00f3n).<\/li><\/ul>\n<\/div>\n\n<div class=\"o-container-text\">\n<h3>Hyper enlazando a nuestro contenido:<\/h3>\n<\/div>\n\n<div class=\"o-container-text\">\n<p><strong>Las siguientes organizaciones pueden vincularse a nuestro sitio web sin aprobaci\u00f3n previa por escrito:<\/strong><\/p>\n<\/div>\n\n<div class=\"o-container-text\">\n<ul><li>Agencias gubernamentales;<\/li><li>Los motores de b\u00fasqueda;<\/li><li>Organizaciones de noticias;\u00a0<\/li><\/ul>\n<\/div>\n\n<div class=\"o-container-text\">\n<p>Los distribuidores de directorios en l\u00ednea cuando nos listan en el directorio pueden enlazar a nuestro sitio web de la misma manera que lo hacen a trav\u00e9s de enlaces a los sitios web de otras empresas listadas; y Empresas Acreditadas en todo el sistema, excepto que soliciten organizaciones sin fines de lucro, centros comerciales de caridad y grupos de recaudaci\u00f3n de fondos caritativos que no tengan hiperv\u00ednculos a nuestro sitio web.<br>Estas organizaciones pueden enlazar a nuestra p\u00e1gina de inicio, a publicaciones oa otra informaci\u00f3n del sitio web siempre que el enlace: (a) no sea de ninguna manera enga\u00f1oso; (b) no implica falsamente patrocinio, respaldo o aprobaci\u00f3n de la parte vinculante y sus productos o servicios; y (c) encaja en el contexto del sitio de la parte vinculante.<br>\u00a0<br><strong>Podemos considerar y aprobar a nuestra entera discreci\u00f3n otras solicitudes de enlaces de los siguientes tipos de organizaciones:<\/strong><\/p>\n<\/div>\n\n<div class=\"o-container-text\">\n<ul><li>fuentes de informaci\u00f3n de consumidores y \/ o empresas com\u00fanmente conocidas, como las C\u00e1maras de Comercio, American Automobile Association, AARP y Consumers Union; sitios de la comunidad dot.com; asociaciones u otros grupos que representan organizaciones ben\u00e9ficas, incluidos sitios de donaciones, distribuidores de directorios en l\u00ednea; portales de internet; Empresas de contabilidad, derecho y consultor\u00eda cuyos principales clientes son las empresas; e instituciones educativas y asociaciones comerciales.<\/li><li>Aprobaremos las solicitudes de enlaces de estas organizaciones si determinamos que: (a) el enlace no se reflejar\u00e1 desfavorablemente en nosotros o en nuestras empresas acreditadas (por ejemplo, asociaciones comerciales u otras organizaciones que representan tipos de negocios inherentemente sospechosos, como el trabajo en casa oportunidades de casa, no se les permitir\u00e1 vincular); (b) la organizaci\u00f3n no tiene un registro insatisfactorio con nosotros; (c) el beneficio para nosotros de la visibilidad asociada con el hiperv\u00ednculo supera la ausencia de; y (d) cuando el enlace se encuentre en el contexto de informaci\u00f3n general de recursos o sea consistente con el contenido editorial en un bolet\u00edn o producto similar que promueva la misi\u00f3n de la organizaci\u00f3n.<\/li><\/ul>\n<\/div>\n\n<div class=\"o-container-text\">\n<p>Estas organizaciones pueden enlazar a nuestra p\u00e1gina de inicio, a publicaciones oa otra informaci\u00f3n del sitio web siempre que el enlace: (a) no sea de ninguna manera enga\u00f1oso; (b) no implica falsamente patrocinio, respaldo o aprobaci\u00f3n de la parte vinculante y sus productos o servicios; y (c) encaja en el contexto del sitio de la parte vinculante.<\/p>\n<\/div>\n\n<div class=\"o-container-text\">\n<p>Si se encuentra entre las organizaciones enumeradas en el p\u00e1rrafo 2 anterior y est\u00e1 interesado en enlazar con nuestro sitio web, debe notificarnos enviando un correo electr\u00f3nico a info@shop.corroprotec.com.<\/p>\n<\/div>\n\n<div class=\"o-container-text\">\n<p>Incluya su nombre, el nombre de su organizaci\u00f3n, la informaci\u00f3n de contacto (como un n\u00famero de tel\u00e9fono y \/ o una direcci\u00f3n de correo electr\u00f3nico), as\u00ed como la URL de su sitio, una lista de las URL desde las que desea enlazar a nuestro sitio web. y una lista de las URL en nuestro sitio que desea vincular. Permita 2-3 semanas para una respuesta.<br>\u00a0<br><strong>Las organizaciones aprobadas pueden enlazar a nuestro sitio web de la siguiente manera:<\/strong><\/p>\n<\/div>\n\n<div class=\"o-container-text\">\n<ul><li>Mediante el uso de nuestra raz\u00f3n social; o Mediante el uso del localizador uniforme de recursos (direcci\u00f3n web) al que se est\u00e1 vinculando; o Mediante el uso de cualquier otra descripci\u00f3n de nuestro sitio web o material vinculado que tenga sentido dentro del contexto y formato del contenido del sitio de la parte vinculante.<\/li><li>No se permitir\u00e1 el uso del logotipo de Groupe HPA Inc. ni ninguna otra obra de arte para vincular, en ausencia de un acuerdo de licencia de marca registrada, marcos. Sin la aprobaci\u00f3n previa y el permiso expreso por escrito, no puede crear marcos en nuestras p\u00e1ginas web ni utilizar otras t\u00e9cnicas que alteren de ninguna manera el aspecto visual. Presentaci\u00f3n o aparici\u00f3n de nuestro sitio web.<\/li><\/ul>\n<\/div>\n\n<div class=\"o-container-text\">\n<h3>Reserva de derechos<\/h3>\n<\/div>\n\n<div class=\"o-container-text\">\n<p>Nos reservamos el derecho en cualquier momento y a su entera discreci\u00f3n para solicitarle que elimine todos los enlaces o cualquier enlace en particular a nuestro sitio web. Usted acuerda eliminar inmediatamente todos los enlaces a nuestro sitio web cuando lo solicite. Tambi\u00e9n nos reservamos el derecho de modificar estos t\u00e9rminos y condiciones y su pol\u00edtica de enlace en cualquier momento. Al continuar con el enlace a nuestro sitio web, usted acepta estar obligado a cumplir con estos t\u00e9rminos y condiciones de enlace.<\/p>\n<\/div>\n\n<div class=\"o-container-text\">\n<h3>Eliminaci\u00f3n de enlaces de nuestro sitio web.<\/h3>\n<\/div>\n\n<div class=\"o-container-text\">\n<p>Si encuentra alg\u00fan enlace en nuestro sitio web o cualquier otro sitio web objetable por cualquier motivo, puede contactarnos sobre esto. Consideraremos solicitudes para eliminar enlaces, pero no tendremos la obligaci\u00f3n de hacerlo o de responderle directamente. Si bien nos esforzamos por garantizar que la informaci\u00f3n en este sitio web sea correcta, no garantizamos su integridad o exactitud; tampoco nos comprometemos a garantizar que el sitio web permanezca disponible o que el material en el sitio web se mantenga actualizado.<\/p>\n<\/div>\n\n<div class=\"o-container-text\">\n<h3>Responsabilidad del contenido<\/h3>\n<\/div>\n\n<div class=\"o-container-text\">\n<p>No nos responsabilizaremos por el contenido que aparezca en su sitio web. Usted acepta indemnizarnos y defendernos contra todas las reclamaciones que surjan de o se basen en su sitio web. Ning\u00fan enlace (s) puede aparecer en ninguna p\u00e1gina de su sitio web o en cualquier contexto que contenga contenido o materiales que puedan interpretarse como difamatorios, obscenos o criminales, o que infrinja, de otro modo viole o promueva la infracci\u00f3n u otra violaci\u00f3n de cualquier Derechos de terceros.<\/p>\n<\/div>","protected":false},"excerpt":{"rendered":"<p>Bienvenido a Groupe HPA Inc Estos t\u00e9rminos y condiciones describen las reglas y regulaciones para el uso del sitio web de Groupe HPA Inc. Groupe [&hellip;]<\/p>\n","protected":false},"author":1,"featured_media":0,"parent":0,"menu_order":0,"comment_status":"closed","ping_status":"closed","template":"","meta":{"_relevanssi_hide_post":"","_relevanssi_hide_content":"","_relevanssi_pin_for_all":"","_relevanssi_pin_keywords":"","_relevanssi_unpin_keywords":"","_relevanssi_related_keywords":"","_relevanssi_related_include_ids":"","_relevanssi_related_exclude_ids":"","_relevanssi_related_no_append":"","_relevanssi_related_not_related":"","_relevanssi_related_posts":"283,296,287,303,316,309","_relevanssi_noindex_reason":""},"acf":[],"yoast_head":"<!-- This site is optimized with the Yoast SEO Premium plugin v19.3 (Yoast SEO v19.7) - https:\/\/yoast.com\/wordpress\/plugins\/seo\/ -->\n<title>T\u00e9rminos y condiciones - Corro-Protec<\/title>\n<meta name=\"description\" content=\"T\u00e9rminos y condiciones Sitio web de Corro-Protec\" \/>\n<meta name=\"robots\" content=\"noindex, follow, max-snippet:-1, max-image-preview:large, max-video-preview:-1\" \/>\n<meta property=\"og:locale\" content=\"es_ES\" \/>\n<meta property=\"og:type\" content=\"article\" \/>\n<meta property=\"og:title\" content=\"T\u00e9rminos y condiciones\" \/>\n<meta property=\"og:description\" content=\"T\u00e9rminos y condiciones Sitio web de Corro-Protec\" \/>\n<meta property=\"og:url\" content=\"https:\/\/shop.corroprotec.com\/es\/terminos-y-condiciones\/\" \/>\n<meta property=\"og:site_name\" content=\"Corro-Protec\" \/>\n<meta property=\"article:publisher\" content=\"https:\/\/www.facebook.com\/corroprotec\/\" \/>\n<meta property=\"article:modified_time\" content=\"2022-09-19T14:27:14+00:00\" \/>\n<meta property=\"og:image\" content=\"https:\/\/shop.corroprotec.com\/app\/uploads\/2022\/09\/og-en-min.jpg\" \/>\n\t<meta property=\"og:image:width\" content=\"1200\" \/>\n\t<meta property=\"og:image:height\" content=\"630\" \/>\n\t<meta property=\"og:image:type\" content=\"image\/jpeg\" \/>\n<meta name=\"twitter:card\" content=\"summary_large_image\" \/>\n<meta name=\"twitter:site\" content=\"@corroprotec\" \/>\n<meta name=\"twitter:label1\" content=\"Est. reading time\" \/>\n\t<meta name=\"twitter:data1\" content=\"6 minutes\" \/>\n<script type=\"application\/ld+json\" class=\"yoast-schema-graph\">{\"@context\":\"https:\/\/schema.org\",\"@graph\":[{\"@type\":\"WebPage\",\"@id\":\"https:\/\/shop.corroprotec.com\/es\/terminos-y-condiciones\/\",\"url\":\"https:\/\/shop.corroprotec.com\/es\/terminos-y-condiciones\/\",\"name\":\"T\u00e9rminos y condiciones - Corro-Protec\",\"isPartOf\":{\"@id\":\"https:\/\/shop.corroprotec.com\/es\/#website\"},\"datePublished\":\"2022-07-07T15:25:43+00:00\",\"dateModified\":\"2022-09-19T14:27:14+00:00\",\"description\":\"T\u00e9rminos y condiciones Sitio web de Corro-Protec\",\"breadcrumb\":{\"@id\":\"https:\/\/shop.corroprotec.com\/es\/terminos-y-condiciones\/#breadcrumb\"},\"inLanguage\":\"es-ES\",\"potentialAction\":[{\"@type\":\"ReadAction\",\"target\":[\"https:\/\/shop.corroprotec.com\/es\/terminos-y-condiciones\/\"]}]},{\"@type\":\"BreadcrumbList\",\"@id\":\"https:\/\/shop.corroprotec.com\/es\/terminos-y-condiciones\/#breadcrumb\",\"itemListElement\":[{\"@type\":\"ListItem\",\"position\":1,\"name\":\"Home\",\"item\":\"https:\/\/shop.corroprotec.com\/es\/\"},{\"@type\":\"ListItem\",\"position\":2,\"name\":\"T\u00e9rminos y condiciones\"}]},{\"@type\":\"WebSite\",\"@id\":\"https:\/\/shop.corroprotec.com\/es\/#website\",\"url\":\"https:\/\/shop.corroprotec.com\/es\/\",\"name\":\"Corro-Protec\",\"description\":\"\",\"publisher\":{\"@id\":\"https:\/\/shop.corroprotec.com\/es\/#organization\"},\"potentialAction\":[{\"@type\":\"SearchAction\",\"target\":{\"@type\":\"EntryPoint\",\"urlTemplate\":\"https:\/\/shop.corroprotec.com\/es\/?s={search_term_string}\"},\"query-input\":\"required name=search_term_string\"}],\"inLanguage\":\"es-ES\"},{\"@type\":\"Organization\",\"@id\":\"https:\/\/shop.corroprotec.com\/es\/#organization\",\"name\":\"Corro-Protec\",\"url\":\"https:\/\/shop.corroprotec.com\/es\/\",\"sameAs\":[\"https:\/\/www.facebook.com\/corroprotec\/\",\"https:\/\/twitter.com\/corroprotec\"],\"logo\":{\"@type\":\"ImageObject\",\"inLanguage\":\"es-ES\",\"@id\":\"https:\/\/shop.corroprotec.com\/es\/#\/schema\/logo\/image\/\",\"url\":\"https:\/\/shop.corroprotec.com\/app\/uploads\/2024\/03\/logo-corro-v-blanc-fond-vert-rgb.png\",\"contentUrl\":\"https:\/\/shop.corroprotec.com\/app\/uploads\/2024\/03\/logo-corro-v-blanc-fond-vert-rgb.png\",\"width\":2000,\"height\":1244,\"caption\":\"Corro-Protec\"},\"image\":{\"@id\":\"https:\/\/shop.corroprotec.com\/es\/#\/schema\/logo\/image\/\"}}]}<\/script>\n<!-- \/ Yoast SEO Premium plugin. -->","yoast_head_json":{"title":"T\u00e9rminos y condiciones - Corro-Protec","description":"T\u00e9rminos y condiciones Sitio web de Corro-Protec","robots":{"index":"noindex","follow":"follow","max-snippet":"max-snippet:-1","max-image-preview":"max-image-preview:large","max-video-preview":"max-video-preview:-1"},"og_locale":"es_ES","og_type":"article","og_title":"T\u00e9rminos y condiciones","og_description":"T\u00e9rminos y condiciones Sitio web de Corro-Protec","og_url":"https:\/\/shop.corroprotec.com\/es\/terminos-y-condiciones\/","og_site_name":"Corro-Protec","article_publisher":"https:\/\/www.facebook.com\/corroprotec\/","article_modified_time":"2022-09-19T14:27:14+00:00","og_image":[{"width":1200,"height":630,"url":"https:\/\/shop.corroprotec.com\/app\/uploads\/2022\/09\/og-en-min.jpg","type":"image\/jpeg"}],"twitter_card":"summary_large_image","twitter_site":"@corroprotec","twitter_misc":{"Est. reading time":"6 minutes"},"schema":{"@context":"https:\/\/schema.org","@graph":[{"@type":"WebPage","@id":"https:\/\/shop.corroprotec.com\/es\/terminos-y-condiciones\/","url":"https:\/\/shop.corroprotec.com\/es\/terminos-y-condiciones\/","name":"T\u00e9rminos y condiciones - Corro-Protec","isPartOf":{"@id":"https:\/\/shop.corroprotec.com\/es\/#website"},"datePublished":"2022-07-07T15:25:43+00:00","dateModified":"2022-09-19T14:27:14+00:00","description":"T\u00e9rminos y condiciones Sitio web de Corro-Protec","breadcrumb":{"@id":"https:\/\/shop.corroprotec.com\/es\/terminos-y-condiciones\/#breadcrumb"},"inLanguage":"es-ES","potentialAction":[{"@type":"ReadAction","target":["https:\/\/shop.corroprotec.com\/es\/terminos-y-condiciones\/"]}]},{"@type":"BreadcrumbList","@id":"https:\/\/shop.corroprotec.com\/es\/terminos-y-condiciones\/#breadcrumb","itemListElement":[{"@type":"ListItem","position":1,"name":"Home","item":"https:\/\/shop.corroprotec.com\/es\/"},{"@type":"ListItem","position":2,"name":"T\u00e9rminos y condiciones"}]},{"@type":"WebSite","@id":"https:\/\/shop.corroprotec.com\/es\/#website","url":"https:\/\/shop.corroprotec.com\/es\/","name":"Corro-Protec","description":"","publisher":{"@id":"https:\/\/shop.corroprotec.com\/es\/#organization"},"potentialAction":[{"@type":"SearchAction","target":{"@type":"EntryPoint","urlTemplate":"https:\/\/shop.corroprotec.com\/es\/?s={search_term_string}"},"query-input":"required name=search_term_string"}],"inLanguage":"es-ES"},{"@type":"Organization","@id":"https:\/\/shop.corroprotec.com\/es\/#organization","name":"Corro-Protec","url":"https:\/\/shop.corroprotec.com\/es\/","sameAs":["https:\/\/www.facebook.com\/corroprotec\/","https:\/\/twitter.com\/corroprotec"],"logo":{"@type":"ImageObject","inLanguage":"es-ES","@id":"https:\/\/shop.corroprotec.com\/es\/#\/schema\/logo\/image\/","url":"https:\/\/shop.corroprotec.com\/app\/uploads\/2024\/03\/logo-corro-v-blanc-fond-vert-rgb.png","contentUrl":"https:\/\/shop.corroprotec.com\/app\/uploads\/2024\/03\/logo-corro-v-blanc-fond-vert-rgb.png","width":2000,"height":1244,"caption":"Corro-Protec"},"image":{"@id":"https:\/\/shop.corroprotec.com\/es\/#\/schema\/logo\/image\/"}}]}},"_links":{"self":[{"href":"https:\/\/shop.corroprotec.com\/es\/wp-json\/wp\/v2\/pages\/2268"}],"collection":[{"href":"https:\/\/shop.corroprotec.com\/es\/wp-json\/wp\/v2\/pages"}],"about":[{"href":"https:\/\/shop.corroprotec.com\/es\/wp-json\/wp\/v2\/types\/page"}],"author":[{"embeddable":true,"href":"https:\/\/shop.corroprotec.com\/es\/wp-json\/wp\/v2\/users\/1"}],"replies":[{"embeddable":true,"href":"https:\/\/shop.corroprotec.com\/es\/wp-json\/wp\/v2\/comments?post=2268"}],"version-history":[{"count":3,"href":"https:\/\/shop.corroprotec.com\/es\/wp-json\/wp\/v2\/pages\/2268\/revisions"}],"predecessor-version":[{"id":3388,"href":"https:\/\/shop.corroprotec.com\/es\/wp-json\/wp\/v2\/pages\/2268\/revisions\/3388"}],"wp:attachment":[{"href":"https:\/\/shop.corroprotec.com\/es\/wp-json\/wp\/v2\/media?parent=2268"}],"curies":[{"name":"wp","href":"https:\/\/api.w.org\/{rel}","templated":true}]}}