{"id":2256,"date":"2022-07-07T11:21:22","date_gmt":"2022-07-07T15:21:22","guid":{"rendered":"https:\/\/shop.corroprotec.com\/environment\/"},"modified":"2022-09-29T18:40:42","modified_gmt":"2022-09-29T22:40:42","slug":"medio-ambiente","status":"publish","type":"page","link":"https:\/\/shop.corroprotec.com\/es\/medio-ambiente\/","title":{"rendered":"Medio ambiente"},"content":{"rendered":"<div class=\"o-container-text\">\n<h2 class=\"has-text-align-center is-style-no-margin-bottom\">Damos m\u00e1s exigiendo menos<\/h2>\n<\/div>\n\n<section id=\"block-block_6328a93e27545-\" class=\"o-section\">\n    <div class=\"o-container-text\">\n        <div class=\"o-text\">\n            <div class=\"wp-block-media-text alignwide is-stacked-on-mobile has-media-on-the-right\">\n                <figure class=\"wp-block-media-text__media\">\n                                        <div class=\"o-responsive-img \" style=\"padding-top:76.335877862595%;\"><img width=\"1265\" height=\"1005\" src=\"https:\/\/shop.corroprotec.com\/app\/uploads\/2022\/08\/elephant-icon-e1552935806929.webp\" class=\"attachment-large size-large\" alt=\"\" loading=\"lazy\" sizes=\"(min-width: 768px) 36vw, 92vw\" srcset=\"https:\/\/shop.corroprotec.com\/app\/uploads\/2022\/08\/elephant-icon-e1552935806929.webp 1265w, https:\/\/shop.corroprotec.com\/app\/uploads\/2022\/08\/elephant-icon-e1552935806929-1024x814.webp 1024w, https:\/\/shop.corroprotec.com\/app\/uploads\/2022\/08\/elephant-icon-e1552935806929-500x397.webp 500w, https:\/\/shop.corroprotec.com\/app\/uploads\/2022\/08\/elephant-icon-e1552935806929-768x610.webp 768w\" \/><\/div>                                    <\/figure>\n                <div class=\"wp-block-media-text__content\">\n                    <p class=\"-large\">\u00a110,000,000 libras de material est\u00e1n protegidas por nuestros \u00e1nodos en todo Norte Am\u00e9rica!<br \/>\nEl 99% de la energ\u00eda utilizada por nuestra planta de producci\u00f3n viene de una fuente de energ\u00eda limpia y renovable.<br \/>\n0 litros de agua utilizados para fabricar un \u00e1nodo en nuestra planta de Quebec<\/p>\n<p>Es raro ver un elefante aqu\u00ed, \u00bfno?<br \/>\nNo del todo. De hecho, deber\u00edamos colocar 90,000 elefantes aqu\u00ed.<br \/>\nCada a\u00f1o, son cambiados m\u00e1s de 8 millones de calentadores de agua en Norte Am\u00e9rica. Esto representa 1,000,000,000 libras de material, el equivalente a 90,000 elefantes. Es una cantidad descomunal.<br \/>\n\u00a1Con tu ayuda, podemos reducir este n\u00famero considerablemente!<\/p>\n<p><a class=\"o-button-wysiwyg\" href=\"\/\">\u00a1Conserva por m\u00e1s tiempo tu calentador de agua!<\/a><\/p>\n                <\/div>\n            <\/div>\n        <\/div>\n    <\/div>\n<\/section>\n\n\n<div class=\"o-container-text\">\n<div class=\"wp-block-media-text alignwide is-stacked-on-mobile\"><figure class=\"wp-block-media-text__media\"><img loading=\"lazy\" width=\"1389\" height=\"1674\" src=\"http:\/\/shop.corroprotec.com\/app\/uploads\/2022\/09\/Photo_Arbre.webp\" alt=\"\" class=\"wp-image-3369 size-full\" srcset=\"https:\/\/shop.corroprotec.com\/app\/uploads\/2022\/09\/Photo_Arbre.webp 1389w, https:\/\/shop.corroprotec.com\/app\/uploads\/2022\/09\/Photo_Arbre-1024x1234.webp 1024w, https:\/\/shop.corroprotec.com\/app\/uploads\/2022\/09\/Photo_Arbre-500x603.webp 500w, https:\/\/shop.corroprotec.com\/app\/uploads\/2022\/09\/Photo_Arbre-768x926.webp 768w, https:\/\/shop.corroprotec.com\/app\/uploads\/2022\/09\/Photo_Arbre-1274x1536.webp 1274w\" sizes=\"(max-width: 1389px) 100vw, 1389px\" \/><\/figure><div class=\"wp-block-media-text__content\"><div class=\"o-container-text\">\n<h2><strong>Reduciendo nuestra huella ecol\u00f3gica<\/strong><\/h2>\n<\/div>\n\n<div class=\"o-container-text\">\n<p><strong>\u00a1Incluso despu\u00e9s de lo anterior, sabemos que podemos lograr a\u00fan m\u00e1s!<\/strong><\/p>\n<\/div>\n\n<div class=\"o-container-text\">\n<p>Desde Enero del 2019, decidimos eliminar algunas de nuestras emisiones de CO2 plantando 5,000 \u00e1rboles por a\u00f1o en pa\u00edses en desarrollo con la ayuda de Eden Projets. Estamos orgullosos de nuestro progreso a\u00f1o con a\u00f1o y seguimos encontrando formas de mejorar.<\/p>\n<\/div><\/div><\/div>\n<\/div>","protected":false},"excerpt":{"rendered":"<p>Damos m\u00e1s exigiendo menos Reduciendo nuestra huella ecol\u00f3gica \u00a1Incluso despu\u00e9s de lo anterior, sabemos que podemos lograr a\u00fan m\u00e1s! Desde Enero del 2019, decidimos eliminar [&hellip;]<\/p>\n","protected":false},"author":1,"featured_media":2045,"parent":0,"menu_order":0,"comment_status":"closed","ping_status":"closed","template":"","meta":{"_relevanssi_hide_post":"","_relevanssi_hide_content":"","_relevanssi_pin_for_all":"","_relevanssi_pin_keywords":"","_relevanssi_unpin_keywords":"","_relevanssi_related_keywords":"","_relevanssi_related_include_ids":"","_relevanssi_related_exclude_ids":"","_relevanssi_related_no_append":"","_relevanssi_related_not_related":"","_relevanssi_related_posts":"303,341,326,281,258,312","_relevanssi_noindex_reason":""},"acf":[],"yoast_head":"<!-- This site is optimized with the Yoast SEO Premium plugin v19.3 (Yoast SEO v19.7) - https:\/\/yoast.com\/wordpress\/plugins\/seo\/ -->\n<title>Medio ambiente - Corro-Protec<\/title>\n<meta name=\"description\" content=\"Damos m\u00e1s exigiendo menos.\" \/>\n<meta name=\"robots\" content=\"noindex, follow, max-snippet:-1, max-image-preview:large, max-video-preview:-1\" \/>\n<meta property=\"og:locale\" content=\"es_ES\" \/>\n<meta property=\"og:type\" content=\"article\" \/>\n<meta property=\"og:title\" content=\"Medio ambiente\" \/>\n<meta property=\"og:description\" content=\"Damos m\u00e1s exigiendo menos.\" \/>\n<meta property=\"og:url\" content=\"https:\/\/shop.corroprotec.com\/es\/medio-ambiente\/\" \/>\n<meta property=\"og:site_name\" content=\"Corro-Protec\" \/>\n<meta property=\"article:publisher\" content=\"https:\/\/www.facebook.com\/corroprotec\/\" \/>\n<meta property=\"article:modified_time\" content=\"2022-09-29T22:40:42+00:00\" \/>\n<meta property=\"og:image\" content=\"https:\/\/shop.corroprotec.com\/app\/uploads\/2022\/08\/elephant-icon-e1552935806929.webp\" \/>\n\t<meta property=\"og:image:width\" content=\"1265\" \/>\n\t<meta property=\"og:image:height\" content=\"1005\" \/>\n\t<meta property=\"og:image:type\" content=\"image\/webp\" \/>\n<meta name=\"twitter:card\" content=\"summary_large_image\" \/>\n<meta name=\"twitter:site\" content=\"@corroprotec\" \/>\n<meta name=\"twitter:label1\" content=\"Est. reading time\" \/>\n\t<meta name=\"twitter:data1\" content=\"1 minute\" \/>\n<script type=\"application\/ld+json\" class=\"yoast-schema-graph\">{\"@context\":\"https:\/\/schema.org\",\"@graph\":[{\"@type\":\"WebPage\",\"@id\":\"https:\/\/shop.corroprotec.com\/es\/medio-ambiente\/\",\"url\":\"https:\/\/shop.corroprotec.com\/es\/medio-ambiente\/\",\"name\":\"Medio ambiente - Corro-Protec\",\"isPartOf\":{\"@id\":\"https:\/\/shop.corroprotec.com\/es\/#website\"},\"datePublished\":\"2022-07-07T15:21:22+00:00\",\"dateModified\":\"2022-09-29T22:40:42+00:00\",\"description\":\"Damos m\u00e1s exigiendo menos.\",\"breadcrumb\":{\"@id\":\"https:\/\/shop.corroprotec.com\/es\/medio-ambiente\/#breadcrumb\"},\"inLanguage\":\"es-ES\",\"potentialAction\":[{\"@type\":\"ReadAction\",\"target\":[\"https:\/\/shop.corroprotec.com\/es\/medio-ambiente\/\"]}]},{\"@type\":\"BreadcrumbList\",\"@id\":\"https:\/\/shop.corroprotec.com\/es\/medio-ambiente\/#breadcrumb\",\"itemListElement\":[{\"@type\":\"ListItem\",\"position\":1,\"name\":\"Home\",\"item\":\"https:\/\/shop.corroprotec.com\/es\/\"},{\"@type\":\"ListItem\",\"position\":2,\"name\":\"Medio ambiente\"}]},{\"@type\":\"WebSite\",\"@id\":\"https:\/\/shop.corroprotec.com\/es\/#website\",\"url\":\"https:\/\/shop.corroprotec.com\/es\/\",\"name\":\"Corro-Protec\",\"description\":\"\",\"publisher\":{\"@id\":\"https:\/\/shop.corroprotec.com\/es\/#organization\"},\"potentialAction\":[{\"@type\":\"SearchAction\",\"target\":{\"@type\":\"EntryPoint\",\"urlTemplate\":\"https:\/\/shop.corroprotec.com\/es\/?s={search_term_string}\"},\"query-input\":\"required name=search_term_string\"}],\"inLanguage\":\"es-ES\"},{\"@type\":\"Organization\",\"@id\":\"https:\/\/shop.corroprotec.com\/es\/#organization\",\"name\":\"Corro-Protec\",\"url\":\"https:\/\/shop.corroprotec.com\/es\/\",\"sameAs\":[\"https:\/\/www.facebook.com\/corroprotec\/\",\"https:\/\/twitter.com\/corroprotec\"],\"logo\":{\"@type\":\"ImageObject\",\"inLanguage\":\"es-ES\",\"@id\":\"https:\/\/shop.corroprotec.com\/es\/#\/schema\/logo\/image\/\",\"url\":\"https:\/\/shop.corroprotec.com\/app\/uploads\/2024\/03\/logo-corro-v-blanc-fond-vert-rgb.png\",\"contentUrl\":\"https:\/\/shop.corroprotec.com\/app\/uploads\/2024\/03\/logo-corro-v-blanc-fond-vert-rgb.png\",\"width\":2000,\"height\":1244,\"caption\":\"Corro-Protec\"},\"image\":{\"@id\":\"https:\/\/shop.corroprotec.com\/es\/#\/schema\/logo\/image\/\"}}]}<\/script>\n<!-- \/ Yoast SEO Premium plugin. -->","yoast_head_json":{"title":"Medio ambiente - Corro-Protec","description":"Damos m\u00e1s exigiendo menos.","robots":{"index":"noindex","follow":"follow","max-snippet":"max-snippet:-1","max-image-preview":"max-image-preview:large","max-video-preview":"max-video-preview:-1"},"og_locale":"es_ES","og_type":"article","og_title":"Medio ambiente","og_description":"Damos m\u00e1s exigiendo menos.","og_url":"https:\/\/shop.corroprotec.com\/es\/medio-ambiente\/","og_site_name":"Corro-Protec","article_publisher":"https:\/\/www.facebook.com\/corroprotec\/","article_modified_time":"2022-09-29T22:40:42+00:00","og_image":[{"width":1265,"height":1005,"url":"https:\/\/shop.corroprotec.com\/app\/uploads\/2022\/08\/elephant-icon-e1552935806929.webp","type":"image\/webp"}],"twitter_card":"summary_large_image","twitter_site":"@corroprotec","twitter_misc":{"Est. reading time":"1 minute"},"schema":{"@context":"https:\/\/schema.org","@graph":[{"@type":"WebPage","@id":"https:\/\/shop.corroprotec.com\/es\/medio-ambiente\/","url":"https:\/\/shop.corroprotec.com\/es\/medio-ambiente\/","name":"Medio ambiente - Corro-Protec","isPartOf":{"@id":"https:\/\/shop.corroprotec.com\/es\/#website"},"datePublished":"2022-07-07T15:21:22+00:00","dateModified":"2022-09-29T22:40:42+00:00","description":"Damos m\u00e1s exigiendo menos.","breadcrumb":{"@id":"https:\/\/shop.corroprotec.com\/es\/medio-ambiente\/#breadcrumb"},"inLanguage":"es-ES","potentialAction":[{"@type":"ReadAction","target":["https:\/\/shop.corroprotec.com\/es\/medio-ambiente\/"]}]},{"@type":"BreadcrumbList","@id":"https:\/\/shop.corroprotec.com\/es\/medio-ambiente\/#breadcrumb","itemListElement":[{"@type":"ListItem","position":1,"name":"Home","item":"https:\/\/shop.corroprotec.com\/es\/"},{"@type":"ListItem","position":2,"name":"Medio ambiente"}]},{"@type":"WebSite","@id":"https:\/\/shop.corroprotec.com\/es\/#website","url":"https:\/\/shop.corroprotec.com\/es\/","name":"Corro-Protec","description":"","publisher":{"@id":"https:\/\/shop.corroprotec.com\/es\/#organization"},"potentialAction":[{"@type":"SearchAction","target":{"@type":"EntryPoint","urlTemplate":"https:\/\/shop.corroprotec.com\/es\/?s={search_term_string}"},"query-input":"required name=search_term_string"}],"inLanguage":"es-ES"},{"@type":"Organization","@id":"https:\/\/shop.corroprotec.com\/es\/#organization","name":"Corro-Protec","url":"https:\/\/shop.corroprotec.com\/es\/","sameAs":["https:\/\/www.facebook.com\/corroprotec\/","https:\/\/twitter.com\/corroprotec"],"logo":{"@type":"ImageObject","inLanguage":"es-ES","@id":"https:\/\/shop.corroprotec.com\/es\/#\/schema\/logo\/image\/","url":"https:\/\/shop.corroprotec.com\/app\/uploads\/2024\/03\/logo-corro-v-blanc-fond-vert-rgb.png","contentUrl":"https:\/\/shop.corroprotec.com\/app\/uploads\/2024\/03\/logo-corro-v-blanc-fond-vert-rgb.png","width":2000,"height":1244,"caption":"Corro-Protec"},"image":{"@id":"https:\/\/shop.corroprotec.com\/es\/#\/schema\/logo\/image\/"}}]}},"_links":{"self":[{"href":"https:\/\/shop.corroprotec.com\/es\/wp-json\/wp\/v2\/pages\/2256"}],"collection":[{"href":"https:\/\/shop.corroprotec.com\/es\/wp-json\/wp\/v2\/pages"}],"about":[{"href":"https:\/\/shop.corroprotec.com\/es\/wp-json\/wp\/v2\/types\/page"}],"author":[{"embeddable":true,"href":"https:\/\/shop.corroprotec.com\/es\/wp-json\/wp\/v2\/users\/1"}],"replies":[{"embeddable":true,"href":"https:\/\/shop.corroprotec.com\/es\/wp-json\/wp\/v2\/comments?post=2256"}],"version-history":[{"count":15,"href":"https:\/\/shop.corroprotec.com\/es\/wp-json\/wp\/v2\/pages\/2256\/revisions"}],"predecessor-version":[{"id":3769,"href":"https:\/\/shop.corroprotec.com\/es\/wp-json\/wp\/v2\/pages\/2256\/revisions\/3769"}],"wp:featuredmedia":[{"embeddable":true,"href":"https:\/\/shop.corroprotec.com\/es\/wp-json\/wp\/v2\/media\/2045"}],"wp:attachment":[{"href":"https:\/\/shop.corroprotec.com\/es\/wp-json\/wp\/v2\/media?parent=2256"}],"curies":[{"name":"wp","href":"https:\/\/api.w.org\/{rel}","templated":true}]}}