{"id":2251,"date":"2022-07-07T11:22:20","date_gmt":"2022-07-07T15:22:20","guid":{"rendered":"https:\/\/shop.corroprotec.com\/social-and-community\/"},"modified":"2022-09-16T17:13:57","modified_gmt":"2022-09-16T21:13:57","slug":"social-y-comunitario","status":"publish","type":"page","link":"https:\/\/shop.corroprotec.com\/es\/social-y-comunitario\/","title":{"rendered":"Social y comunitario"},"content":{"rendered":"<div class=\"o-container-text\">\n<h2>Social<\/h2>\n<\/div>\n\n<div class=\"o-container-text\">\n<p><strong>\u00a1La diferencia es nuestra mayor fortaleza!<\/strong><\/p>\n<\/div>\n\n<div class=\"o-container-text\">\n<p>Dicen que las acciones hablan m\u00e1s fuerte que las palabras. \u00a1En nuestro caso, cambiamos las palabras por acciones! Desde Junio del 2018, nos enorgullece contratar personas con discapacidades para ayudarlos a desarrollar habilidades y conocimientos. \u00a1Cada d\u00eda, tenemos la oportunidad de ver su progreso y acompa\u00f1arlos en sus logros! Adem\u00e1s de marcar la diferencia con el medio ambiente, los productos de Corro-Protec que instalas en tu casa han mejorado la vida de alguien m\u00e1s.<\/p>\n<\/div>\n\n<div class=\"o-container-text\">\n<h2>Christian.<\/h2>\n<\/div>\n\n<div class=\"o-container-text\">\n<ul><li>Christian comenz\u00f3 a trabajar con nosotros en Julio del 2018. Su principal tarea es comenzar el ensamblaje de los \u00e1nodos.<\/li><li>A\u00fan cuando Christian es una persona reservada, le gusta platicar sobre sus trabajos anteriores y su experiencia trabajando con animales. \u00a1A menudo nos comparte lo que aprende viendo la TV o escuchando a su familia! \u00a1Es sin duda el empleado m\u00e1s meticuloso que hemos tenido!<\/li><\/ul>\n<\/div>\n\n<div class=\"o-container-text\">\n<p><\/p>\n<\/div>\n\n<div class=\"o-container-text\">\n<h1>Voluntariado y donaciones<\/h1>\n<\/div>\n\n<div class=\"o-container-text\">\n<p><strong>Hacemos la diferencia a donde sea que vayamos<\/strong><\/p>\n<\/div>\n\n<div class=\"o-container-text\">\n<div class=\"wp-block-media-text alignwide is-stacked-on-mobile\"><figure class=\"wp-block-media-text__media\"><img loading=\"lazy\" width=\"1440\" height=\"863\" src=\"https:\/\/shop.corroprotec.com\/app\/uploads\/2022\/08\/35517443_191393984763318_2195540028485009408_o-1440x863.webp\" alt=\"\" class=\"wp-image-1608 size-full\" srcset=\"https:\/\/shop.corroprotec.com\/app\/uploads\/2022\/08\/35517443_191393984763318_2195540028485009408_o-1440x863.webp 1440w, https:\/\/shop.corroprotec.com\/app\/uploads\/2022\/08\/35517443_191393984763318_2195540028485009408_o-1024x614.webp 1024w, https:\/\/shop.corroprotec.com\/app\/uploads\/2022\/08\/35517443_191393984763318_2195540028485009408_o-500x300.webp 500w, https:\/\/shop.corroprotec.com\/app\/uploads\/2022\/08\/35517443_191393984763318_2195540028485009408_o-768x460.webp 768w, https:\/\/shop.corroprotec.com\/app\/uploads\/2022\/08\/35517443_191393984763318_2195540028485009408_o.webp 1500w\" sizes=\"(max-width: 1440px) 100vw, 1440px\" \/><\/figure><div class=\"wp-block-media-text__content\"><div class=\"o-container-text\">\n<ul><li>Plessisville, Qu\u00e9bec (Canada)<\/li><li>El equipo de Corro-Protec estuvo presente en el evento m\u00e1s grande de Relay for Life en Norte Am\u00e9rica y recaud\u00f3 m\u00e1s de $9000 para apoyar a personas luchando contra el c\u00e1ncer.<\/li><\/ul>\n<\/div><\/div><\/div>\n<\/div>\n\n<div class=\"o-container-text\">\n<div class=\"wp-block-group\"><div class=\"wp-block-group__inner-container\"><\/div>\n<\/div><\/div>\n\n<div class=\"o-container-text\">\n<div class=\"wp-block-image is-style-rounded\"><figure class=\"aligncenter size-full\"><img loading=\"lazy\" width=\"750\" height=\"532\" src=\"https:\/\/shop.corroprotec.com\/app\/uploads\/2022\/08\/relayforlife-e1552935962929-1.webp\" alt=\"\" class=\"wp-image-1610\" srcset=\"https:\/\/shop.corroprotec.com\/app\/uploads\/2022\/08\/relayforlife-e1552935962929-1.webp 750w, https:\/\/shop.corroprotec.com\/app\/uploads\/2022\/08\/relayforlife-e1552935962929-1-500x355.webp 500w\" sizes=\"(max-width: 750px) 100vw, 750px\" \/><\/figure><\/div>\n<\/div>","protected":false},"excerpt":{"rendered":"<p>Social \u00a1La diferencia es nuestra mayor fortaleza! Dicen que las acciones hablan m\u00e1s fuerte que las palabras. \u00a1En nuestro caso, cambiamos las palabras por acciones! [&hellip;]<\/p>\n","protected":false},"author":1,"featured_media":0,"parent":0,"menu_order":0,"comment_status":"closed","ping_status":"closed","template":"","meta":{"_relevanssi_hide_post":"","_relevanssi_hide_content":"","_relevanssi_pin_for_all":"","_relevanssi_pin_keywords":"","_relevanssi_unpin_keywords":"","_relevanssi_related_keywords":"","_relevanssi_related_include_ids":"","_relevanssi_related_exclude_ids":"","_relevanssi_related_no_append":"","_relevanssi_related_not_related":"","_relevanssi_related_posts":"300,353,326,270,312,268","_relevanssi_noindex_reason":""},"acf":[],"yoast_head":"<!-- This site is optimized with the Yoast SEO Premium plugin v19.3 (Yoast SEO v19.7) - https:\/\/yoast.com\/wordpress\/plugins\/seo\/ -->\n<title>Social y comunitario - Corro-Protec<\/title>\n<meta name=\"description\" content=\"\u00a1La diferencia es nuestra mayor fortaleza!\" \/>\n<meta name=\"robots\" content=\"noindex, follow, max-snippet:-1, max-image-preview:large, max-video-preview:-1\" \/>\n<meta property=\"og:locale\" content=\"es_ES\" \/>\n<meta property=\"og:type\" content=\"article\" \/>\n<meta property=\"og:title\" content=\"Social y comunitario\" \/>\n<meta property=\"og:description\" content=\"\u00a1La diferencia es nuestra mayor fortaleza!\" \/>\n<meta property=\"og:url\" content=\"https:\/\/shop.corroprotec.com\/es\/social-y-comunitario\/\" \/>\n<meta property=\"og:site_name\" content=\"Corro-Protec\" \/>\n<meta property=\"article:publisher\" content=\"https:\/\/www.facebook.com\/corroprotec\/\" \/>\n<meta property=\"article:modified_time\" content=\"2022-09-16T21:13:57+00:00\" \/>\n<meta property=\"og:image\" content=\"https:\/\/www.shop.corroprotec.com\/app\/uploads\/2022\/08\/35517443_191393984763318_2195540028485009408_o-1440x863.webp\" \/>\n<meta name=\"twitter:card\" content=\"summary_large_image\" \/>\n<meta name=\"twitter:site\" content=\"@corroprotec\" \/>\n<meta name=\"twitter:label1\" content=\"Est. reading time\" \/>\n\t<meta name=\"twitter:data1\" content=\"2 minutes\" \/>\n<script type=\"application\/ld+json\" class=\"yoast-schema-graph\">{\"@context\":\"https:\/\/schema.org\",\"@graph\":[{\"@type\":\"WebPage\",\"@id\":\"https:\/\/shop.corroprotec.com\/es\/social-y-comunitario\/\",\"url\":\"https:\/\/shop.corroprotec.com\/es\/social-y-comunitario\/\",\"name\":\"Social y comunitario - Corro-Protec\",\"isPartOf\":{\"@id\":\"https:\/\/shop.corroprotec.com\/es\/#website\"},\"datePublished\":\"2022-07-07T15:22:20+00:00\",\"dateModified\":\"2022-09-16T21:13:57+00:00\",\"description\":\"\u00a1La diferencia es nuestra mayor fortaleza!\",\"breadcrumb\":{\"@id\":\"https:\/\/shop.corroprotec.com\/es\/social-y-comunitario\/#breadcrumb\"},\"inLanguage\":\"es-ES\",\"potentialAction\":[{\"@type\":\"ReadAction\",\"target\":[\"https:\/\/shop.corroprotec.com\/es\/social-y-comunitario\/\"]}]},{\"@type\":\"BreadcrumbList\",\"@id\":\"https:\/\/shop.corroprotec.com\/es\/social-y-comunitario\/#breadcrumb\",\"itemListElement\":[{\"@type\":\"ListItem\",\"position\":1,\"name\":\"Home\",\"item\":\"https:\/\/shop.corroprotec.com\/es\/\"},{\"@type\":\"ListItem\",\"position\":2,\"name\":\"Social y comunitario\"}]},{\"@type\":\"WebSite\",\"@id\":\"https:\/\/shop.corroprotec.com\/es\/#website\",\"url\":\"https:\/\/shop.corroprotec.com\/es\/\",\"name\":\"Corro-Protec\",\"description\":\"\",\"publisher\":{\"@id\":\"https:\/\/shop.corroprotec.com\/es\/#organization\"},\"potentialAction\":[{\"@type\":\"SearchAction\",\"target\":{\"@type\":\"EntryPoint\",\"urlTemplate\":\"https:\/\/shop.corroprotec.com\/es\/?s={search_term_string}\"},\"query-input\":\"required name=search_term_string\"}],\"inLanguage\":\"es-ES\"},{\"@type\":\"Organization\",\"@id\":\"https:\/\/shop.corroprotec.com\/es\/#organization\",\"name\":\"Corro-Protec\",\"url\":\"https:\/\/shop.corroprotec.com\/es\/\",\"sameAs\":[\"https:\/\/www.facebook.com\/corroprotec\/\",\"https:\/\/twitter.com\/corroprotec\"],\"logo\":{\"@type\":\"ImageObject\",\"inLanguage\":\"es-ES\",\"@id\":\"https:\/\/shop.corroprotec.com\/es\/#\/schema\/logo\/image\/\",\"url\":\"https:\/\/shop.corroprotec.com\/app\/uploads\/2024\/03\/logo-corro-v-blanc-fond-vert-rgb.png\",\"contentUrl\":\"https:\/\/shop.corroprotec.com\/app\/uploads\/2024\/03\/logo-corro-v-blanc-fond-vert-rgb.png\",\"width\":2000,\"height\":1244,\"caption\":\"Corro-Protec\"},\"image\":{\"@id\":\"https:\/\/shop.corroprotec.com\/es\/#\/schema\/logo\/image\/\"}}]}<\/script>\n<!-- \/ Yoast SEO Premium plugin. -->","yoast_head_json":{"title":"Social y comunitario - Corro-Protec","description":"\u00a1La diferencia es nuestra mayor fortaleza!","robots":{"index":"noindex","follow":"follow","max-snippet":"max-snippet:-1","max-image-preview":"max-image-preview:large","max-video-preview":"max-video-preview:-1"},"og_locale":"es_ES","og_type":"article","og_title":"Social y comunitario","og_description":"\u00a1La diferencia es nuestra mayor fortaleza!","og_url":"https:\/\/shop.corroprotec.com\/es\/social-y-comunitario\/","og_site_name":"Corro-Protec","article_publisher":"https:\/\/www.facebook.com\/corroprotec\/","article_modified_time":"2022-09-16T21:13:57+00:00","og_image":[{"url":"https:\/\/www.shop.corroprotec.com\/app\/uploads\/2022\/08\/35517443_191393984763318_2195540028485009408_o-1440x863.webp"}],"twitter_card":"summary_large_image","twitter_site":"@corroprotec","twitter_misc":{"Est. reading time":"2 minutes"},"schema":{"@context":"https:\/\/schema.org","@graph":[{"@type":"WebPage","@id":"https:\/\/shop.corroprotec.com\/es\/social-y-comunitario\/","url":"https:\/\/shop.corroprotec.com\/es\/social-y-comunitario\/","name":"Social y comunitario - Corro-Protec","isPartOf":{"@id":"https:\/\/shop.corroprotec.com\/es\/#website"},"datePublished":"2022-07-07T15:22:20+00:00","dateModified":"2022-09-16T21:13:57+00:00","description":"\u00a1La diferencia es nuestra mayor fortaleza!","breadcrumb":{"@id":"https:\/\/shop.corroprotec.com\/es\/social-y-comunitario\/#breadcrumb"},"inLanguage":"es-ES","potentialAction":[{"@type":"ReadAction","target":["https:\/\/shop.corroprotec.com\/es\/social-y-comunitario\/"]}]},{"@type":"BreadcrumbList","@id":"https:\/\/shop.corroprotec.com\/es\/social-y-comunitario\/#breadcrumb","itemListElement":[{"@type":"ListItem","position":1,"name":"Home","item":"https:\/\/shop.corroprotec.com\/es\/"},{"@type":"ListItem","position":2,"name":"Social y comunitario"}]},{"@type":"WebSite","@id":"https:\/\/shop.corroprotec.com\/es\/#website","url":"https:\/\/shop.corroprotec.com\/es\/","name":"Corro-Protec","description":"","publisher":{"@id":"https:\/\/shop.corroprotec.com\/es\/#organization"},"potentialAction":[{"@type":"SearchAction","target":{"@type":"EntryPoint","urlTemplate":"https:\/\/shop.corroprotec.com\/es\/?s={search_term_string}"},"query-input":"required name=search_term_string"}],"inLanguage":"es-ES"},{"@type":"Organization","@id":"https:\/\/shop.corroprotec.com\/es\/#organization","name":"Corro-Protec","url":"https:\/\/shop.corroprotec.com\/es\/","sameAs":["https:\/\/www.facebook.com\/corroprotec\/","https:\/\/twitter.com\/corroprotec"],"logo":{"@type":"ImageObject","inLanguage":"es-ES","@id":"https:\/\/shop.corroprotec.com\/es\/#\/schema\/logo\/image\/","url":"https:\/\/shop.corroprotec.com\/app\/uploads\/2024\/03\/logo-corro-v-blanc-fond-vert-rgb.png","contentUrl":"https:\/\/shop.corroprotec.com\/app\/uploads\/2024\/03\/logo-corro-v-blanc-fond-vert-rgb.png","width":2000,"height":1244,"caption":"Corro-Protec"},"image":{"@id":"https:\/\/shop.corroprotec.com\/es\/#\/schema\/logo\/image\/"}}]}},"_links":{"self":[{"href":"https:\/\/shop.corroprotec.com\/es\/wp-json\/wp\/v2\/pages\/2251"}],"collection":[{"href":"https:\/\/shop.corroprotec.com\/es\/wp-json\/wp\/v2\/pages"}],"about":[{"href":"https:\/\/shop.corroprotec.com\/es\/wp-json\/wp\/v2\/types\/page"}],"author":[{"embeddable":true,"href":"https:\/\/shop.corroprotec.com\/es\/wp-json\/wp\/v2\/users\/1"}],"replies":[{"embeddable":true,"href":"https:\/\/shop.corroprotec.com\/es\/wp-json\/wp\/v2\/comments?post=2251"}],"version-history":[{"count":4,"href":"https:\/\/shop.corroprotec.com\/es\/wp-json\/wp\/v2\/pages\/2251\/revisions"}],"predecessor-version":[{"id":36082,"href":"https:\/\/shop.corroprotec.com\/es\/wp-json\/wp\/v2\/pages\/2251\/revisions\/36082"}],"wp:attachment":[{"href":"https:\/\/shop.corroprotec.com\/es\/wp-json\/wp\/v2\/media?parent=2251"}],"curies":[{"name":"wp","href":"https:\/\/api.w.org\/{rel}","templated":true}]}}