{"id":2243,"date":"2022-07-07T11:18:55","date_gmt":"2022-07-07T15:18:55","guid":{"rendered":"https:\/\/shop.corroprotec.com\/about\/"},"modified":"2022-09-29T18:33:50","modified_gmt":"2022-09-29T22:33:50","slug":"acerca-de","status":"publish","type":"page","link":"https:\/\/shop.corroprotec.com\/es\/acerca-de\/","title":{"rendered":"Acerca de"},"content":{"rendered":"<div class=\"o-container-text\">\n<div class=\"wp-block-columns\">\n<div class=\"wp-block-column\" style=\"flex-basis:66.66%\"><div class=\"o-container-text\">\n<p class=\"has-x-large-font-size\">Desde el 2008, ofrecemos varillas de \u00e1nodo el\u00e9ctricas para calentadores de agua de excelente calidad en Canad\u00e1, Estados Unidos y Europa. Gracias al conocimiento de nuestro equipo y a que tenemos la varilla m\u00e1s confiable del mercado, podemos brindarle a nuestros clientes el servicio y atenci\u00f3n que se merecen.<\/p>\n<\/div>\n\n<div class=\"o-container-text\">\n<p>M\u00e1s all\u00e1 de vender productos que ayudan a ampliar la vida de los calentadores de agua, Corro-Protec le da gran importancia al medio ambiente y a la comunidad en la que opera. Por eso es que tomamos acciones concretas para proteger nuestro entorno, incluyendo invertir tiempo y hacer donaciones a organizaciones importantes para nosotros.<\/p>\n<\/div><\/div>\n\n\n\n<div class=\"wp-block-column\" style=\"flex-basis:33.33%\"><\/div>\n<\/div>\n<\/div>\n\n<div class=\"o-container-text\">\n<h2 class=\"has-text-align-center\" id=\"h-quienes-somos\">Quienes somos<\/h2>\n<\/div>\n\n<section id=\"block-block_62dad39a9fe05-\" class=\"o-section\">\n    <div class=\"o-container-text\">\n        <div class=\"o-text\">\n            <div class=\"wp-block-media-text alignwide is-stacked-on-mobile \">\n                <figure class=\"wp-block-media-text__media\">\n                                        <div class=\"o-responsive-img \" style=\"padding-top:76.335877862595%;\"><img width=\"1200\" height=\"916\" src=\"https:\/\/shop.corroprotec.com\/app\/uploads\/2022\/09\/about-es.jpeg\" class=\"attachment-large size-large\" alt=\"\" loading=\"lazy\" sizes=\"(min-width: 768px) 36vw, 92vw\" srcset=\"https:\/\/shop.corroprotec.com\/app\/uploads\/2022\/09\/about-es.jpeg 1200w, https:\/\/shop.corroprotec.com\/app\/uploads\/2022\/09\/about-es-1024x782.jpeg 1024w, https:\/\/shop.corroprotec.com\/app\/uploads\/2022\/09\/about-es-500x382.jpeg 500w, https:\/\/shop.corroprotec.com\/app\/uploads\/2022\/09\/about-es-768x586.jpeg 768w\" \/><\/div>                                    <\/figure>\n                <div class=\"wp-block-media-text__content\">\n                    <h3>Historia de la empresa<\/h3>\n<p>Fue en Becancour (Quebec, Canad\u00e1) que surgi\u00f3 la idea de proteger los termotanques residenciales usando \u00e1nodos de corriente impresa. Al tener que proteger de oxidarse a un enorme dep\u00f3sito de agua potable propiedad de la ciudad, nuestro equipo no tard\u00f3 mucho en darse cuenta de sus similitudes con un calentador de agua.<\/p>\n<p>Despu\u00e9s de varios a\u00f1os de enfocarnos en la protecci\u00f3n por corriente impresa para estructuras de pilotaje e infraestructuras municipales, nuestro equipo inici\u00f3 un estudio sobre la vida \u00fatil de los calentadores de agua y las razones para sustituirlos. El estudio interno mostr\u00f3 que el \u00f3xido era la principal raz\u00f3n por la que los ciudadanos ten\u00edan que cambiar sus termotanques. Tras varios a\u00f1os de uso, el \u00f3xido causaba fugas que provocaban pesadillas de mantenimiento y causaban grandes enredos con el agua.<\/p>\n<p>A pesar de las nuevas t\u00e9cnicas adoptadas por los fabricantes de calentadores de agua, la m\u00e1s m\u00ednima imperfecci\u00f3n en el proceso de vitrificaci\u00f3n dejaba lugar para la corrosi\u00f3n y reduc\u00eda la vida \u00fatil del producto. Queriendo reducir el consumo de calentadores de agua y ayudar al medio ambiente, Carl Tarini decidi\u00f3 desarrollar el \u00e1nodo Corrode -Protec en los laboratorios de Techno Protection en 2008.<\/p>\n                <\/div>\n            <\/div>\n        <\/div>\n    <\/div>\n<\/section>\n\n\n<section id=\"block-block_62dad4099fe06-\" class=\"o-section\">\n    <div class=\"o-container-text\">\n        <div class=\"o-text\">\n            <div class=\"wp-block-media-text alignwide is-stacked-on-mobile has-media-on-the-right\">\n                <figure class=\"wp-block-media-text__media\">\n                                    <\/figure>\n                <div class=\"wp-block-media-text__content\">\n                    <h3>Situaci\u00f3n actual<\/h3>\n<p>Desde su lanzamiento, el \u00e1nodo de Corro-Protec ha pasado por varias mejoras y se han a\u00f1adido modelos a nuestra oferta para satisfacer diferentes necesidades. Ahora ofrecemos una gama de productos que pueden ser instalados en cualquier calentador residencial, industrial y comercial, adem\u00e1s de tener una l\u00ednea de productos espec\u00edficamente para botes y veh\u00edculos recreativos.<\/p>\n<p>Con sede ahora en Princeville, Quebec (Canad\u00e1), Corro-Protec es el l\u00edder mundial en \u00e1nodos de corriente impresa para proteger los tanques de agua caliente. Con un s\u00f3lido equipo de 12 empleados, nuestra empresa ofrece un servicio inigualable para satisfacer tus necesidades lo antes posible. Gracias a que los \u00e1nodos son fabricados aqu\u00ed en Norteam\u00e9rica, nuestro equipo puede desarrollar soluciones personalizadas para satisfacer tus necesidades.<\/p>\n                <\/div>\n            <\/div>\n        <\/div>\n    <\/div>\n<\/section>\n","protected":false},"excerpt":{"rendered":"<p>Desde el 2008, ofrecemos varillas de \u00e1nodo el\u00e9ctricas para calentadores de agua de excelente calidad en Canad\u00e1, Estados Unidos y Europa. Gracias al conocimiento de [&hellip;]<\/p>\n","protected":false},"author":1,"featured_media":0,"parent":0,"menu_order":0,"comment_status":"closed","ping_status":"closed","template":"t-about.php","meta":{"_relevanssi_hide_post":"","_relevanssi_hide_content":"","_relevanssi_pin_for_all":"","_relevanssi_pin_keywords":"","_relevanssi_unpin_keywords":"","_relevanssi_related_keywords":"","_relevanssi_related_include_ids":"","_relevanssi_related_exclude_ids":"","_relevanssi_related_no_append":"","_relevanssi_related_not_related":"","_relevanssi_related_posts":"300,338,258,331,316,326","_relevanssi_noindex_reason":""},"acf":[],"yoast_head":"<!-- This site is optimized with the Yoast SEO Premium plugin v19.3 (Yoast SEO v19.7) - https:\/\/yoast.com\/wordpress\/plugins\/seo\/ -->\n<title>Acerca de - Corro-Protec<\/title>\n<meta name=\"description\" content=\"Corro-Protec es una peque\u00f1a empresa familiar ubicada en Quebec, Canad\u00e1.\" \/>\n<meta name=\"robots\" content=\"noindex, follow, max-snippet:-1, max-image-preview:large, max-video-preview:-1\" \/>\n<meta property=\"og:locale\" content=\"es_ES\" \/>\n<meta property=\"og:type\" content=\"article\" \/>\n<meta property=\"og:title\" content=\"Acerca de\" \/>\n<meta property=\"og:description\" content=\"Corro-Protec es una peque\u00f1a empresa familiar ubicada en Quebec, Canad\u00e1.\" \/>\n<meta property=\"og:url\" content=\"https:\/\/shop.corroprotec.com\/es\/acerca-de\/\" \/>\n<meta property=\"og:site_name\" content=\"Corro-Protec\" \/>\n<meta property=\"article:publisher\" content=\"https:\/\/www.facebook.com\/corroprotec\/\" \/>\n<meta property=\"article:modified_time\" content=\"2022-09-29T22:33:50+00:00\" \/>\n<meta property=\"og:image\" content=\"https:\/\/shop.corroprotec.com\/app\/uploads\/2022\/09\/og-en-min.jpg\" \/>\n\t<meta property=\"og:image:width\" content=\"1200\" \/>\n\t<meta property=\"og:image:height\" content=\"630\" \/>\n\t<meta property=\"og:image:type\" content=\"image\/jpeg\" \/>\n<meta name=\"twitter:card\" content=\"summary_large_image\" \/>\n<meta name=\"twitter:site\" content=\"@corroprotec\" \/>\n<meta name=\"twitter:label1\" content=\"Est. reading time\" \/>\n\t<meta name=\"twitter:data1\" content=\"1 minute\" \/>\n<script type=\"application\/ld+json\" class=\"yoast-schema-graph\">{\"@context\":\"https:\/\/schema.org\",\"@graph\":[{\"@type\":\"WebPage\",\"@id\":\"https:\/\/shop.corroprotec.com\/es\/acerca-de\/\",\"url\":\"https:\/\/shop.corroprotec.com\/es\/acerca-de\/\",\"name\":\"Acerca de - Corro-Protec\",\"isPartOf\":{\"@id\":\"https:\/\/shop.corroprotec.com\/es\/#website\"},\"datePublished\":\"2022-07-07T15:18:55+00:00\",\"dateModified\":\"2022-09-29T22:33:50+00:00\",\"description\":\"Corro-Protec es una peque\u00f1a empresa familiar ubicada en Quebec, Canad\u00e1.\",\"breadcrumb\":{\"@id\":\"https:\/\/shop.corroprotec.com\/es\/acerca-de\/#breadcrumb\"},\"inLanguage\":\"es-ES\",\"potentialAction\":[{\"@type\":\"ReadAction\",\"target\":[\"https:\/\/shop.corroprotec.com\/es\/acerca-de\/\"]}]},{\"@type\":\"BreadcrumbList\",\"@id\":\"https:\/\/shop.corroprotec.com\/es\/acerca-de\/#breadcrumb\",\"itemListElement\":[{\"@type\":\"ListItem\",\"position\":1,\"name\":\"Home\",\"item\":\"https:\/\/shop.corroprotec.com\/es\/\"},{\"@type\":\"ListItem\",\"position\":2,\"name\":\"Acerca de\"}]},{\"@type\":\"WebSite\",\"@id\":\"https:\/\/shop.corroprotec.com\/es\/#website\",\"url\":\"https:\/\/shop.corroprotec.com\/es\/\",\"name\":\"Corro-Protec\",\"description\":\"\",\"publisher\":{\"@id\":\"https:\/\/shop.corroprotec.com\/es\/#organization\"},\"potentialAction\":[{\"@type\":\"SearchAction\",\"target\":{\"@type\":\"EntryPoint\",\"urlTemplate\":\"https:\/\/shop.corroprotec.com\/es\/?s={search_term_string}\"},\"query-input\":\"required name=search_term_string\"}],\"inLanguage\":\"es-ES\"},{\"@type\":\"Organization\",\"@id\":\"https:\/\/shop.corroprotec.com\/es\/#organization\",\"name\":\"Corro-Protec\",\"url\":\"https:\/\/shop.corroprotec.com\/es\/\",\"sameAs\":[\"https:\/\/www.facebook.com\/corroprotec\/\",\"https:\/\/twitter.com\/corroprotec\"],\"logo\":{\"@type\":\"ImageObject\",\"inLanguage\":\"es-ES\",\"@id\":\"https:\/\/shop.corroprotec.com\/es\/#\/schema\/logo\/image\/\",\"url\":\"https:\/\/shop.corroprotec.com\/app\/uploads\/2024\/03\/logo-corro-v-blanc-fond-vert-rgb.png\",\"contentUrl\":\"https:\/\/shop.corroprotec.com\/app\/uploads\/2024\/03\/logo-corro-v-blanc-fond-vert-rgb.png\",\"width\":2000,\"height\":1244,\"caption\":\"Corro-Protec\"},\"image\":{\"@id\":\"https:\/\/shop.corroprotec.com\/es\/#\/schema\/logo\/image\/\"}}]}<\/script>\n<!-- \/ Yoast SEO Premium plugin. -->","yoast_head_json":{"title":"Acerca de - Corro-Protec","description":"Corro-Protec es una peque\u00f1a empresa familiar ubicada en Quebec, Canad\u00e1.","robots":{"index":"noindex","follow":"follow","max-snippet":"max-snippet:-1","max-image-preview":"max-image-preview:large","max-video-preview":"max-video-preview:-1"},"og_locale":"es_ES","og_type":"article","og_title":"Acerca de","og_description":"Corro-Protec es una peque\u00f1a empresa familiar ubicada en Quebec, Canad\u00e1.","og_url":"https:\/\/shop.corroprotec.com\/es\/acerca-de\/","og_site_name":"Corro-Protec","article_publisher":"https:\/\/www.facebook.com\/corroprotec\/","article_modified_time":"2022-09-29T22:33:50+00:00","og_image":[{"width":1200,"height":630,"url":"https:\/\/shop.corroprotec.com\/app\/uploads\/2022\/09\/og-en-min.jpg","type":"image\/jpeg"}],"twitter_card":"summary_large_image","twitter_site":"@corroprotec","twitter_misc":{"Est. reading time":"1 minute"},"schema":{"@context":"https:\/\/schema.org","@graph":[{"@type":"WebPage","@id":"https:\/\/shop.corroprotec.com\/es\/acerca-de\/","url":"https:\/\/shop.corroprotec.com\/es\/acerca-de\/","name":"Acerca de - Corro-Protec","isPartOf":{"@id":"https:\/\/shop.corroprotec.com\/es\/#website"},"datePublished":"2022-07-07T15:18:55+00:00","dateModified":"2022-09-29T22:33:50+00:00","description":"Corro-Protec es una peque\u00f1a empresa familiar ubicada en Quebec, Canad\u00e1.","breadcrumb":{"@id":"https:\/\/shop.corroprotec.com\/es\/acerca-de\/#breadcrumb"},"inLanguage":"es-ES","potentialAction":[{"@type":"ReadAction","target":["https:\/\/shop.corroprotec.com\/es\/acerca-de\/"]}]},{"@type":"BreadcrumbList","@id":"https:\/\/shop.corroprotec.com\/es\/acerca-de\/#breadcrumb","itemListElement":[{"@type":"ListItem","position":1,"name":"Home","item":"https:\/\/shop.corroprotec.com\/es\/"},{"@type":"ListItem","position":2,"name":"Acerca de"}]},{"@type":"WebSite","@id":"https:\/\/shop.corroprotec.com\/es\/#website","url":"https:\/\/shop.corroprotec.com\/es\/","name":"Corro-Protec","description":"","publisher":{"@id":"https:\/\/shop.corroprotec.com\/es\/#organization"},"potentialAction":[{"@type":"SearchAction","target":{"@type":"EntryPoint","urlTemplate":"https:\/\/shop.corroprotec.com\/es\/?s={search_term_string}"},"query-input":"required name=search_term_string"}],"inLanguage":"es-ES"},{"@type":"Organization","@id":"https:\/\/shop.corroprotec.com\/es\/#organization","name":"Corro-Protec","url":"https:\/\/shop.corroprotec.com\/es\/","sameAs":["https:\/\/www.facebook.com\/corroprotec\/","https:\/\/twitter.com\/corroprotec"],"logo":{"@type":"ImageObject","inLanguage":"es-ES","@id":"https:\/\/shop.corroprotec.com\/es\/#\/schema\/logo\/image\/","url":"https:\/\/shop.corroprotec.com\/app\/uploads\/2024\/03\/logo-corro-v-blanc-fond-vert-rgb.png","contentUrl":"https:\/\/shop.corroprotec.com\/app\/uploads\/2024\/03\/logo-corro-v-blanc-fond-vert-rgb.png","width":2000,"height":1244,"caption":"Corro-Protec"},"image":{"@id":"https:\/\/shop.corroprotec.com\/es\/#\/schema\/logo\/image\/"}}]}},"_links":{"self":[{"href":"https:\/\/shop.corroprotec.com\/es\/wp-json\/wp\/v2\/pages\/2243"}],"collection":[{"href":"https:\/\/shop.corroprotec.com\/es\/wp-json\/wp\/v2\/pages"}],"about":[{"href":"https:\/\/shop.corroprotec.com\/es\/wp-json\/wp\/v2\/types\/page"}],"author":[{"embeddable":true,"href":"https:\/\/shop.corroprotec.com\/es\/wp-json\/wp\/v2\/users\/1"}],"replies":[{"embeddable":true,"href":"https:\/\/shop.corroprotec.com\/es\/wp-json\/wp\/v2\/comments?post=2243"}],"version-history":[{"count":7,"href":"https:\/\/shop.corroprotec.com\/es\/wp-json\/wp\/v2\/pages\/2243\/revisions"}],"predecessor-version":[{"id":3765,"href":"https:\/\/shop.corroprotec.com\/es\/wp-json\/wp\/v2\/pages\/2243\/revisions\/3765"}],"wp:attachment":[{"href":"https:\/\/shop.corroprotec.com\/es\/wp-json\/wp\/v2\/media?parent=2243"}],"curies":[{"name":"wp","href":"https:\/\/api.w.org\/{rel}","templated":true}]}}