{"id":2224,"date":"2022-07-07T11:08:30","date_gmt":"2022-07-07T15:08:30","guid":{"rendered":"https:\/\/shop.corroprotec.com\/shipping-policy\/"},"modified":"2022-09-12T10:39:23","modified_gmt":"2022-09-12T14:39:23","slug":"politica-de-envios","status":"publish","type":"page","link":"https:\/\/shop.corroprotec.com\/es\/politica-de-envios\/","title":{"rendered":"Pol\u00edtica de env\u00edos"},"content":{"rendered":"<div class=\"o-container-text\">\n<h2><strong><strong>Devoluciones<\/strong><\/strong><\/h2>\n<\/div>\n\n<div class=\"o-container-text\">\n<p>Nuestra pol\u00edtica de devoluciones es de 90 d\u00edas. Lamentablemente, no podemos ofrecerte un reembolso o intercambio despu\u00e9s de este periodo.<br>Para poder realizar una devoluci\u00f3n, el art\u00edculo debe estar intacto, sin usar, y en el mismo estado en que lo recibiste. Tambi\u00e9n debe estar en su empaque original.<br>Para completar tu devoluci\u00f3n, necesitaremos un recibo como prueba de tu compra.<\/p>\n<\/div>\n\n<div class=\"o-container-text\">\n<h2><strong>Reembolsos (si se cumplen las condiciones)<\/strong><\/h2>\n<\/div>\n\n<div class=\"o-container-text\">\n<p>Una vez recibida y revisada tu devoluci\u00f3n, te enviaremos un correo electr\u00f3nico para confirmarte que hemos recibido tu art\u00edculo. Tambi\u00e9n te avisaremos si fue aprobado o no un reembolso.<br>Si se aprueba tu reembolso, \u00e9ste ser\u00e1 procesado y se abonar\u00e1 la cantidad correspondiente a tu tarjeta de cr\u00e9dito, d\u00e9bito, o m\u00e9todo de pago original en un plazo de 5 a 10 d\u00edas h\u00e1biles.<\/p>\n<\/div>\n\n<div class=\"o-container-text\">\n<h2><strong>Cambios (si se cumplen las condiciones)<\/strong><\/h2>\n<\/div>\n\n<div class=\"o-container-text\">\n<p>Solo reemplazamos art\u00edculos cuando est\u00e1n defectuosos o da\u00f1ados. Si necesitas intercambiarlo por el mismo art\u00edculo, env\u00edamos un correo a <a href=\"mailto:info@shop.corroprotec.com\">info@shop.corroprotec.com<\/a> y env\u00eda tu art\u00edculo a la siguiente direcci\u00f3n:<br>40 Boulevard Industriel<br>Princeville<br>Quebec<br>Canada<br>G6L 4P2<\/p>\n<\/div>\n\n<div class=\"o-container-text\">\n<h2><strong>Env\u00edos<\/strong><\/h2>\n<\/div>\n\n<div class=\"o-container-text\">\n<p>Nuestros productos son enviados dentro de 2-3 d\u00edas a trav\u00e9s de las siguientes compa\u00f1\u00edas de transporte: USPS, UPS, Canada Post, Dicom, Nationex, y otros. Para devolver tu producto, deber\u00e1s enviarlo a la siguiente direcci\u00f3n:<br>40 Boulevard Industriel<br>Princeville<br>Quebec<br>Canada<br>G6L 4P2<\/p>\n<\/div>\n\n<div class=\"o-container-text\">\n<p>Al devolver tu art\u00edculo, eres responsable de cubrir tus propios gastos de env\u00edo. Sin embargo, tambi\u00e9n puedes solicitarnos una gu\u00eda para la devoluci\u00f3n y cubriremos los gastos de env\u00edo por ti. Los gastos de env\u00edo no son reembolsables. Dependiendo de d\u00f3nde vivas, el tiempo que puede tardar en llegar el producto intercambiado puede variar.<br>Si est\u00e1s enviando un art\u00edculo con valor superior a $50, es recomendable usar un servicio de env\u00edo que incluya seguimiento, rastreo, o comprar un seguro de env\u00edo. No podemos garantizar que recibiremos tu art\u00edculo devuelto.<\/p>\n<\/div>","protected":false},"excerpt":{"rendered":"<p>Devoluciones Nuestra pol\u00edtica de devoluciones es de 90 d\u00edas. Lamentablemente, no podemos ofrecerte un reembolso o intercambio despu\u00e9s de este periodo.Para poder realizar una devoluci\u00f3n, [&hellip;]<\/p>\n","protected":false},"author":1,"featured_media":0,"parent":0,"menu_order":0,"comment_status":"closed","ping_status":"closed","template":"","meta":{"_relevanssi_hide_post":"","_relevanssi_hide_content":"","_relevanssi_pin_for_all":"","_relevanssi_pin_keywords":"","_relevanssi_unpin_keywords":"","_relevanssi_related_keywords":"","_relevanssi_related_include_ids":"","_relevanssi_related_exclude_ids":"","_relevanssi_related_no_append":"","_relevanssi_related_not_related":"","_relevanssi_related_posts":"341,300,287,270,353,268","_relevanssi_noindex_reason":""},"acf":[],"yoast_head":"<!-- This site is optimized with the Yoast SEO Premium plugin v19.3 (Yoast SEO v19.7) - https:\/\/yoast.com\/wordpress\/plugins\/seo\/ -->\n<title>Pol\u00edtica de env\u00edos - Corro-Protec<\/title>\n<meta name=\"description\" content=\"Nuestra pol\u00edtica de devoluciones es de 90 d\u00edas. Lamentablemente, no podemos ofrecerte un reembolso o intercambio despu\u00e9s de este periodo.\" \/>\n<meta name=\"robots\" content=\"noindex, follow, max-snippet:-1, max-image-preview:large, max-video-preview:-1\" \/>\n<meta property=\"og:locale\" content=\"es_ES\" \/>\n<meta property=\"og:type\" content=\"article\" \/>\n<meta property=\"og:title\" content=\"Pol\u00edtica de env\u00edos\" \/>\n<meta property=\"og:description\" content=\"Nuestra pol\u00edtica de devoluciones es de 90 d\u00edas. Lamentablemente, no podemos ofrecerte un reembolso o intercambio despu\u00e9s de este periodo.\" \/>\n<meta property=\"og:url\" content=\"https:\/\/shop.corroprotec.com\/es\/politica-de-envios\/\" \/>\n<meta property=\"og:site_name\" content=\"Corro-Protec\" \/>\n<meta property=\"article:publisher\" content=\"https:\/\/www.facebook.com\/corroprotec\/\" \/>\n<meta property=\"article:modified_time\" content=\"2022-09-12T14:39:23+00:00\" \/>\n<meta property=\"og:image\" content=\"https:\/\/shop.corroprotec.com\/app\/uploads\/2022\/09\/og-en-min.jpg\" \/>\n\t<meta property=\"og:image:width\" content=\"1200\" \/>\n\t<meta property=\"og:image:height\" content=\"630\" \/>\n\t<meta property=\"og:image:type\" content=\"image\/jpeg\" \/>\n<meta name=\"twitter:card\" content=\"summary_large_image\" \/>\n<meta name=\"twitter:site\" content=\"@corroprotec\" \/>\n<meta name=\"twitter:label1\" content=\"Est. reading time\" \/>\n\t<meta name=\"twitter:data1\" content=\"2 minutes\" \/>\n<script type=\"application\/ld+json\" class=\"yoast-schema-graph\">{\"@context\":\"https:\/\/schema.org\",\"@graph\":[{\"@type\":\"WebPage\",\"@id\":\"https:\/\/shop.corroprotec.com\/es\/politica-de-envios\/\",\"url\":\"https:\/\/shop.corroprotec.com\/es\/politica-de-envios\/\",\"name\":\"Pol\u00edtica de env\u00edos - Corro-Protec\",\"isPartOf\":{\"@id\":\"https:\/\/shop.corroprotec.com\/es\/#website\"},\"datePublished\":\"2022-07-07T15:08:30+00:00\",\"dateModified\":\"2022-09-12T14:39:23+00:00\",\"description\":\"Nuestra pol\u00edtica de devoluciones es de 90 d\u00edas. Lamentablemente, no podemos ofrecerte un reembolso o intercambio despu\u00e9s de este periodo.\",\"breadcrumb\":{\"@id\":\"https:\/\/shop.corroprotec.com\/es\/politica-de-envios\/#breadcrumb\"},\"inLanguage\":\"es-ES\",\"potentialAction\":[{\"@type\":\"ReadAction\",\"target\":[\"https:\/\/shop.corroprotec.com\/es\/politica-de-envios\/\"]}]},{\"@type\":\"BreadcrumbList\",\"@id\":\"https:\/\/shop.corroprotec.com\/es\/politica-de-envios\/#breadcrumb\",\"itemListElement\":[{\"@type\":\"ListItem\",\"position\":1,\"name\":\"Home\",\"item\":\"https:\/\/shop.corroprotec.com\/es\/\"},{\"@type\":\"ListItem\",\"position\":2,\"name\":\"Pol\u00edtica de env\u00edos\"}]},{\"@type\":\"WebSite\",\"@id\":\"https:\/\/shop.corroprotec.com\/es\/#website\",\"url\":\"https:\/\/shop.corroprotec.com\/es\/\",\"name\":\"Corro-Protec\",\"description\":\"\",\"publisher\":{\"@id\":\"https:\/\/shop.corroprotec.com\/es\/#organization\"},\"potentialAction\":[{\"@type\":\"SearchAction\",\"target\":{\"@type\":\"EntryPoint\",\"urlTemplate\":\"https:\/\/shop.corroprotec.com\/es\/?s={search_term_string}\"},\"query-input\":\"required name=search_term_string\"}],\"inLanguage\":\"es-ES\"},{\"@type\":\"Organization\",\"@id\":\"https:\/\/shop.corroprotec.com\/es\/#organization\",\"name\":\"Corro-Protec\",\"url\":\"https:\/\/shop.corroprotec.com\/es\/\",\"sameAs\":[\"https:\/\/www.facebook.com\/corroprotec\/\",\"https:\/\/twitter.com\/corroprotec\"],\"logo\":{\"@type\":\"ImageObject\",\"inLanguage\":\"es-ES\",\"@id\":\"https:\/\/shop.corroprotec.com\/es\/#\/schema\/logo\/image\/\",\"url\":\"https:\/\/shop.corroprotec.com\/app\/uploads\/2024\/03\/logo-corro-v-blanc-fond-vert-rgb.png\",\"contentUrl\":\"https:\/\/shop.corroprotec.com\/app\/uploads\/2024\/03\/logo-corro-v-blanc-fond-vert-rgb.png\",\"width\":2000,\"height\":1244,\"caption\":\"Corro-Protec\"},\"image\":{\"@id\":\"https:\/\/shop.corroprotec.com\/es\/#\/schema\/logo\/image\/\"}}]}<\/script>\n<!-- \/ Yoast SEO Premium plugin. -->","yoast_head_json":{"title":"Pol\u00edtica de env\u00edos - Corro-Protec","description":"Nuestra pol\u00edtica de devoluciones es de 90 d\u00edas. Lamentablemente, no podemos ofrecerte un reembolso o intercambio despu\u00e9s de este periodo.","robots":{"index":"noindex","follow":"follow","max-snippet":"max-snippet:-1","max-image-preview":"max-image-preview:large","max-video-preview":"max-video-preview:-1"},"og_locale":"es_ES","og_type":"article","og_title":"Pol\u00edtica de env\u00edos","og_description":"Nuestra pol\u00edtica de devoluciones es de 90 d\u00edas. Lamentablemente, no podemos ofrecerte un reembolso o intercambio despu\u00e9s de este periodo.","og_url":"https:\/\/shop.corroprotec.com\/es\/politica-de-envios\/","og_site_name":"Corro-Protec","article_publisher":"https:\/\/www.facebook.com\/corroprotec\/","article_modified_time":"2022-09-12T14:39:23+00:00","og_image":[{"width":1200,"height":630,"url":"https:\/\/shop.corroprotec.com\/app\/uploads\/2022\/09\/og-en-min.jpg","type":"image\/jpeg"}],"twitter_card":"summary_large_image","twitter_site":"@corroprotec","twitter_misc":{"Est. reading time":"2 minutes"},"schema":{"@context":"https:\/\/schema.org","@graph":[{"@type":"WebPage","@id":"https:\/\/shop.corroprotec.com\/es\/politica-de-envios\/","url":"https:\/\/shop.corroprotec.com\/es\/politica-de-envios\/","name":"Pol\u00edtica de env\u00edos - Corro-Protec","isPartOf":{"@id":"https:\/\/shop.corroprotec.com\/es\/#website"},"datePublished":"2022-07-07T15:08:30+00:00","dateModified":"2022-09-12T14:39:23+00:00","description":"Nuestra pol\u00edtica de devoluciones es de 90 d\u00edas. Lamentablemente, no podemos ofrecerte un reembolso o intercambio despu\u00e9s de este periodo.","breadcrumb":{"@id":"https:\/\/shop.corroprotec.com\/es\/politica-de-envios\/#breadcrumb"},"inLanguage":"es-ES","potentialAction":[{"@type":"ReadAction","target":["https:\/\/shop.corroprotec.com\/es\/politica-de-envios\/"]}]},{"@type":"BreadcrumbList","@id":"https:\/\/shop.corroprotec.com\/es\/politica-de-envios\/#breadcrumb","itemListElement":[{"@type":"ListItem","position":1,"name":"Home","item":"https:\/\/shop.corroprotec.com\/es\/"},{"@type":"ListItem","position":2,"name":"Pol\u00edtica de env\u00edos"}]},{"@type":"WebSite","@id":"https:\/\/shop.corroprotec.com\/es\/#website","url":"https:\/\/shop.corroprotec.com\/es\/","name":"Corro-Protec","description":"","publisher":{"@id":"https:\/\/shop.corroprotec.com\/es\/#organization"},"potentialAction":[{"@type":"SearchAction","target":{"@type":"EntryPoint","urlTemplate":"https:\/\/shop.corroprotec.com\/es\/?s={search_term_string}"},"query-input":"required name=search_term_string"}],"inLanguage":"es-ES"},{"@type":"Organization","@id":"https:\/\/shop.corroprotec.com\/es\/#organization","name":"Corro-Protec","url":"https:\/\/shop.corroprotec.com\/es\/","sameAs":["https:\/\/www.facebook.com\/corroprotec\/","https:\/\/twitter.com\/corroprotec"],"logo":{"@type":"ImageObject","inLanguage":"es-ES","@id":"https:\/\/shop.corroprotec.com\/es\/#\/schema\/logo\/image\/","url":"https:\/\/shop.corroprotec.com\/app\/uploads\/2024\/03\/logo-corro-v-blanc-fond-vert-rgb.png","contentUrl":"https:\/\/shop.corroprotec.com\/app\/uploads\/2024\/03\/logo-corro-v-blanc-fond-vert-rgb.png","width":2000,"height":1244,"caption":"Corro-Protec"},"image":{"@id":"https:\/\/shop.corroprotec.com\/es\/#\/schema\/logo\/image\/"}}]}},"_links":{"self":[{"href":"https:\/\/shop.corroprotec.com\/es\/wp-json\/wp\/v2\/pages\/2224"}],"collection":[{"href":"https:\/\/shop.corroprotec.com\/es\/wp-json\/wp\/v2\/pages"}],"about":[{"href":"https:\/\/shop.corroprotec.com\/es\/wp-json\/wp\/v2\/types\/page"}],"author":[{"embeddable":true,"href":"https:\/\/shop.corroprotec.com\/es\/wp-json\/wp\/v2\/users\/1"}],"replies":[{"embeddable":true,"href":"https:\/\/shop.corroprotec.com\/es\/wp-json\/wp\/v2\/comments?post=2224"}],"version-history":[{"count":2,"href":"https:\/\/shop.corroprotec.com\/es\/wp-json\/wp\/v2\/pages\/2224\/revisions"}],"predecessor-version":[{"id":2412,"href":"https:\/\/shop.corroprotec.com\/es\/wp-json\/wp\/v2\/pages\/2224\/revisions\/2412"}],"wp:attachment":[{"href":"https:\/\/shop.corroprotec.com\/es\/wp-json\/wp\/v2\/media?parent=2224"}],"curies":[{"name":"wp","href":"https:\/\/api.w.org\/{rel}","templated":true}]}}