{"id":2213,"date":"2022-07-07T11:06:36","date_gmt":"2022-07-07T15:06:36","guid":{"rendered":"https:\/\/shop.corroprotec.com\/installation-guide-bradford\/"},"modified":"2025-11-19T12:55:27","modified_gmt":"2025-11-19T17:55:27","slug":"varilla-anodo-electrica-salida-de-agua-caliente","status":"publish","type":"page","link":"https:\/\/shop.corroprotec.com\/es\/guia-de-instalacion\/varilla-anodo-electrica-salida-de-agua-caliente\/","title":{"rendered":"Gu\u00eda de instalaci\u00f3n de la varilla de \u00e1nodo el\u00e9ctrica en la salida de agua caliente"},"content":{"rendered":"<div class=\"o-container-text\">\n<div class=\"wp-block-columns\">\n<div class=\"wp-block-column\"><div class=\"o-container-text\">\n<h3 id=\"h-la-solucion-usar-un-accesorio-en-y\">La soluci\u00f3n: usar un accesorio en &#8220;Y&#8221;<\/h3>\n<\/div>\n\n<div class=\"o-container-text\">\n<p>Para instalar una varilla de \u00e1nodo el\u00e9ctrica sin afectar el flujo de agua caliente, necesita una pieza de uni\u00f3n llamada accesorio en &#8220;Y&#8221;. Este accesorio est\u00e1 dise\u00f1ado para desplazar la salida hacia un lado, creando espacio para la varilla dentro del tanque.<\/p>\n<\/div>\n\n<div class=\"o-container-text\">\n<p>La instalaci\u00f3n de la <a href=\"https:\/\/shop.corroprotec.com\/es\/producto\/varilla-de-anodo\/?sku=96383\">varilla de \u00e1nodo el\u00e9ctrica con el accesorio en &#8220;Y&#8221;<\/a> deber\u00eda ayudar a reducir significativamente la corrosi\u00f3n, aumentar la vida \u00fatil de su calentador de agua y mejorar la calidad de su agua caliente.<\/p>\n<\/div>\n\n<div class=\"o-container-text\">\n<h3 id=\"h-calentadores-de-agua-bradford-white\">Calentadores de agua Bradford White*<\/h3>\n<\/div>\n\n<div class=\"o-container-text\">\n<p>La mayor\u00eda de los calentadores de agua Bradford White son conocidos por su dise\u00f1o \u00fanico, donde la varilla de \u00e1nodo est\u00e1 integrada en la salida de agua caliente. Este dise\u00f1o integrado hace que reemplazar la varilla de \u00e1nodo est\u00e1ndar por una varilla de \u00e1nodo el\u00e9ctrica sea m\u00e1s complejo. Sin embargo, con las herramientas adecuadas y la comprensi\u00f3n del proceso, puede instalar una varilla de \u00e1nodo el\u00e9ctrica en su calentador de agua Bradford White.<\/p>\n<\/div>\n\n<div class=\"o-container-text\">\n<p>*Bradford White es una marca registrada de Bradford White Corporation. Corro-Protec no est\u00e1 afiliado, aprobado ni patrocinado por Bradford White Corporation.<\/p>\n<\/div><\/div>\n\n\n\n<div class=\"wp-block-column\"><\/div>\n<\/div>\n<\/div>","protected":false},"excerpt":{"rendered":"<p>La soluci\u00f3n: usar un accesorio en &#8220;Y&#8221; Para instalar una varilla de \u00e1nodo el\u00e9ctrica sin afectar el flujo de agua caliente, necesita una pieza de [&hellip;]<\/p>\n","protected":false},"author":1,"featured_media":47144,"parent":13453,"menu_order":1,"comment_status":"closed","ping_status":"closed","template":"t-how-to.php","meta":{"_relevanssi_hide_post":"","_relevanssi_hide_content":"","_relevanssi_pin_for_all":"","_relevanssi_pin_keywords":"","_relevanssi_unpin_keywords":"","_relevanssi_related_keywords":"","_relevanssi_related_include_ids":"","_relevanssi_related_exclude_ids":"","_relevanssi_related_no_append":"","_relevanssi_related_not_related":"","_relevanssi_related_posts":"1,349,296,335,276,262","_relevanssi_noindex_reason":""},"acf":[],"yoast_head":"<!-- This site is optimized with the Yoast SEO Premium plugin v19.3 (Yoast SEO v19.7) - https:\/\/yoast.com\/wordpress\/plugins\/seo\/ -->\n<title>Gu\u00eda de instalaci\u00f3n de la varilla de \u00e1nodo el\u00e9ctrica en la salida de agua caliente - Corro-Protec<\/title>\n<meta name=\"description\" content=\"Gu\u00eda de instalaci\u00f3n Bradford\" \/>\n<meta name=\"robots\" content=\"noindex, follow, max-snippet:-1, max-image-preview:large, max-video-preview:-1\" \/>\n<meta property=\"og:locale\" content=\"es_ES\" \/>\n<meta property=\"og:type\" content=\"article\" \/>\n<meta property=\"og:title\" content=\"Gu\u00eda de instalaci\u00f3n de la varilla de \u00e1nodo el\u00e9ctrica en la salida de agua caliente\" \/>\n<meta property=\"og:description\" content=\"Gu\u00eda de instalaci\u00f3n Bradford\" \/>\n<meta property=\"og:url\" content=\"https:\/\/shop.corroprotec.com\/es\/guia-de-instalacion\/varilla-anodo-electrica-salida-de-agua-caliente\/\" \/>\n<meta property=\"og:site_name\" content=\"Corro-Protec\" \/>\n<meta property=\"article:publisher\" content=\"https:\/\/www.facebook.com\/corroprotec\/\" \/>\n<meta property=\"article:modified_time\" content=\"2025-11-19T17:55:27+00:00\" \/>\n<meta property=\"og:image\" content=\"https:\/\/shop.corroprotec.com\/app\/uploads\/2025\/11\/guide-dinstallation-bw-es.png\" \/>\n\t<meta property=\"og:image:width\" content=\"1000\" \/>\n\t<meta property=\"og:image:height\" content=\"772\" \/>\n\t<meta property=\"og:image:type\" content=\"image\/png\" \/>\n<meta name=\"twitter:card\" content=\"summary_large_image\" \/>\n<meta name=\"twitter:site\" content=\"@corroprotec\" \/>\n<meta name=\"twitter:label1\" content=\"Est. reading time\" \/>\n\t<meta name=\"twitter:data1\" content=\"1 minute\" \/>\n<script type=\"application\/ld+json\" class=\"yoast-schema-graph\">{\"@context\":\"https:\/\/schema.org\",\"@graph\":[{\"@type\":\"WebPage\",\"@id\":\"https:\/\/shop.corroprotec.com\/es\/guia-de-instalacion\/varilla-anodo-electrica-salida-de-agua-caliente\/\",\"url\":\"https:\/\/shop.corroprotec.com\/es\/guia-de-instalacion\/varilla-anodo-electrica-salida-de-agua-caliente\/\",\"name\":\"Gu\u00eda de instalaci\u00f3n de la varilla de \u00e1nodo el\u00e9ctrica en la salida de agua caliente - Corro-Protec\",\"isPartOf\":{\"@id\":\"https:\/\/shop.corroprotec.com\/es\/#website\"},\"datePublished\":\"2022-07-07T15:06:36+00:00\",\"dateModified\":\"2025-11-19T17:55:27+00:00\",\"description\":\"Gu\u00eda de instalaci\u00f3n Bradford\",\"breadcrumb\":{\"@id\":\"https:\/\/shop.corroprotec.com\/es\/guia-de-instalacion\/varilla-anodo-electrica-salida-de-agua-caliente\/#breadcrumb\"},\"inLanguage\":\"es-ES\",\"potentialAction\":[{\"@type\":\"ReadAction\",\"target\":[\"https:\/\/shop.corroprotec.com\/es\/guia-de-instalacion\/varilla-anodo-electrica-salida-de-agua-caliente\/\"]}]},{\"@type\":\"BreadcrumbList\",\"@id\":\"https:\/\/shop.corroprotec.com\/es\/guia-de-instalacion\/varilla-anodo-electrica-salida-de-agua-caliente\/#breadcrumb\",\"itemListElement\":[{\"@type\":\"ListItem\",\"position\":1,\"name\":\"Home\",\"item\":\"https:\/\/shop.corroprotec.com\/es\/\"},{\"@type\":\"ListItem\",\"position\":2,\"name\":\"Gu\u00eda de instalaci\u00f3n\",\"item\":\"https:\/\/shop.corroprotec.com\/es\/guia-de-instalacion\/\"},{\"@type\":\"ListItem\",\"position\":3,\"name\":\"Gu\u00eda de instalaci\u00f3n de la varilla de \u00e1nodo el\u00e9ctrica en la salida de agua caliente\"}]},{\"@type\":\"WebSite\",\"@id\":\"https:\/\/shop.corroprotec.com\/es\/#website\",\"url\":\"https:\/\/shop.corroprotec.com\/es\/\",\"name\":\"Corro-Protec\",\"description\":\"\",\"publisher\":{\"@id\":\"https:\/\/shop.corroprotec.com\/es\/#organization\"},\"potentialAction\":[{\"@type\":\"SearchAction\",\"target\":{\"@type\":\"EntryPoint\",\"urlTemplate\":\"https:\/\/shop.corroprotec.com\/es\/?s={search_term_string}\"},\"query-input\":\"required name=search_term_string\"}],\"inLanguage\":\"es-ES\"},{\"@type\":\"Organization\",\"@id\":\"https:\/\/shop.corroprotec.com\/es\/#organization\",\"name\":\"Corro-Protec\",\"url\":\"https:\/\/shop.corroprotec.com\/es\/\",\"sameAs\":[\"https:\/\/www.facebook.com\/corroprotec\/\",\"https:\/\/twitter.com\/corroprotec\"],\"logo\":{\"@type\":\"ImageObject\",\"inLanguage\":\"es-ES\",\"@id\":\"https:\/\/shop.corroprotec.com\/es\/#\/schema\/logo\/image\/\",\"url\":\"https:\/\/shop.corroprotec.com\/app\/uploads\/2024\/03\/logo-corro-v-blanc-fond-vert-rgb.png\",\"contentUrl\":\"https:\/\/shop.corroprotec.com\/app\/uploads\/2024\/03\/logo-corro-v-blanc-fond-vert-rgb.png\",\"width\":2000,\"height\":1244,\"caption\":\"Corro-Protec\"},\"image\":{\"@id\":\"https:\/\/shop.corroprotec.com\/es\/#\/schema\/logo\/image\/\"}}]}<\/script>\n<!-- \/ Yoast SEO Premium plugin. -->","yoast_head_json":{"title":"Gu\u00eda de instalaci\u00f3n de la varilla de \u00e1nodo el\u00e9ctrica en la salida de agua caliente - Corro-Protec","description":"Gu\u00eda de instalaci\u00f3n Bradford","robots":{"index":"noindex","follow":"follow","max-snippet":"max-snippet:-1","max-image-preview":"max-image-preview:large","max-video-preview":"max-video-preview:-1"},"og_locale":"es_ES","og_type":"article","og_title":"Gu\u00eda de instalaci\u00f3n de la varilla de \u00e1nodo el\u00e9ctrica en la salida de agua caliente","og_description":"Gu\u00eda de instalaci\u00f3n Bradford","og_url":"https:\/\/shop.corroprotec.com\/es\/guia-de-instalacion\/varilla-anodo-electrica-salida-de-agua-caliente\/","og_site_name":"Corro-Protec","article_publisher":"https:\/\/www.facebook.com\/corroprotec\/","article_modified_time":"2025-11-19T17:55:27+00:00","og_image":[{"width":1000,"height":772,"url":"https:\/\/shop.corroprotec.com\/app\/uploads\/2025\/11\/guide-dinstallation-bw-es.png","type":"image\/png"}],"twitter_card":"summary_large_image","twitter_site":"@corroprotec","twitter_misc":{"Est. reading time":"1 minute"},"schema":{"@context":"https:\/\/schema.org","@graph":[{"@type":"WebPage","@id":"https:\/\/shop.corroprotec.com\/es\/guia-de-instalacion\/varilla-anodo-electrica-salida-de-agua-caliente\/","url":"https:\/\/shop.corroprotec.com\/es\/guia-de-instalacion\/varilla-anodo-electrica-salida-de-agua-caliente\/","name":"Gu\u00eda de instalaci\u00f3n de la varilla de \u00e1nodo el\u00e9ctrica en la salida de agua caliente - Corro-Protec","isPartOf":{"@id":"https:\/\/shop.corroprotec.com\/es\/#website"},"datePublished":"2022-07-07T15:06:36+00:00","dateModified":"2025-11-19T17:55:27+00:00","description":"Gu\u00eda de instalaci\u00f3n Bradford","breadcrumb":{"@id":"https:\/\/shop.corroprotec.com\/es\/guia-de-instalacion\/varilla-anodo-electrica-salida-de-agua-caliente\/#breadcrumb"},"inLanguage":"es-ES","potentialAction":[{"@type":"ReadAction","target":["https:\/\/shop.corroprotec.com\/es\/guia-de-instalacion\/varilla-anodo-electrica-salida-de-agua-caliente\/"]}]},{"@type":"BreadcrumbList","@id":"https:\/\/shop.corroprotec.com\/es\/guia-de-instalacion\/varilla-anodo-electrica-salida-de-agua-caliente\/#breadcrumb","itemListElement":[{"@type":"ListItem","position":1,"name":"Home","item":"https:\/\/shop.corroprotec.com\/es\/"},{"@type":"ListItem","position":2,"name":"Gu\u00eda de instalaci\u00f3n","item":"https:\/\/shop.corroprotec.com\/es\/guia-de-instalacion\/"},{"@type":"ListItem","position":3,"name":"Gu\u00eda de instalaci\u00f3n de la varilla de \u00e1nodo el\u00e9ctrica en la salida de agua caliente"}]},{"@type":"WebSite","@id":"https:\/\/shop.corroprotec.com\/es\/#website","url":"https:\/\/shop.corroprotec.com\/es\/","name":"Corro-Protec","description":"","publisher":{"@id":"https:\/\/shop.corroprotec.com\/es\/#organization"},"potentialAction":[{"@type":"SearchAction","target":{"@type":"EntryPoint","urlTemplate":"https:\/\/shop.corroprotec.com\/es\/?s={search_term_string}"},"query-input":"required name=search_term_string"}],"inLanguage":"es-ES"},{"@type":"Organization","@id":"https:\/\/shop.corroprotec.com\/es\/#organization","name":"Corro-Protec","url":"https:\/\/shop.corroprotec.com\/es\/","sameAs":["https:\/\/www.facebook.com\/corroprotec\/","https:\/\/twitter.com\/corroprotec"],"logo":{"@type":"ImageObject","inLanguage":"es-ES","@id":"https:\/\/shop.corroprotec.com\/es\/#\/schema\/logo\/image\/","url":"https:\/\/shop.corroprotec.com\/app\/uploads\/2024\/03\/logo-corro-v-blanc-fond-vert-rgb.png","contentUrl":"https:\/\/shop.corroprotec.com\/app\/uploads\/2024\/03\/logo-corro-v-blanc-fond-vert-rgb.png","width":2000,"height":1244,"caption":"Corro-Protec"},"image":{"@id":"https:\/\/shop.corroprotec.com\/es\/#\/schema\/logo\/image\/"}}]}},"_links":{"self":[{"href":"https:\/\/shop.corroprotec.com\/es\/wp-json\/wp\/v2\/pages\/2213"}],"collection":[{"href":"https:\/\/shop.corroprotec.com\/es\/wp-json\/wp\/v2\/pages"}],"about":[{"href":"https:\/\/shop.corroprotec.com\/es\/wp-json\/wp\/v2\/types\/page"}],"author":[{"embeddable":true,"href":"https:\/\/shop.corroprotec.com\/es\/wp-json\/wp\/v2\/users\/1"}],"replies":[{"embeddable":true,"href":"https:\/\/shop.corroprotec.com\/es\/wp-json\/wp\/v2\/comments?post=2213"}],"version-history":[{"count":38,"href":"https:\/\/shop.corroprotec.com\/es\/wp-json\/wp\/v2\/pages\/2213\/revisions"}],"predecessor-version":[{"id":39367,"href":"https:\/\/shop.corroprotec.com\/es\/wp-json\/wp\/v2\/pages\/2213\/revisions\/39367"}],"up":[{"embeddable":true,"href":"https:\/\/shop.corroprotec.com\/es\/wp-json\/wp\/v2\/pages\/13453"}],"wp:featuredmedia":[{"embeddable":true,"href":"https:\/\/shop.corroprotec.com\/es\/wp-json\/wp\/v2\/media\/47144"}],"wp:attachment":[{"href":"https:\/\/shop.corroprotec.com\/es\/wp-json\/wp\/v2\/media?parent=2213"}],"curies":[{"name":"wp","href":"https:\/\/api.w.org\/{rel}","templated":true}]}}