{"id":2203,"date":"2022-08-22T13:38:35","date_gmt":"2022-08-22T17:38:35","guid":{"rendered":"https:\/\/shop.corroprotec.com\/installation-guide\/"},"modified":"2025-11-25T08:29:48","modified_gmt":"2025-11-25T13:29:48","slug":"varilla-de-anodo-electrica","status":"publish","type":"page","link":"https:\/\/shop.corroprotec.com\/es\/guia-de-instalacion\/varilla-de-anodo-electrica\/","title":{"rendered":"Gu\u00eda de instalaci\u00f3n de la varilla de \u00e1nodo el\u00e9ctrica"},"content":{"rendered":"    <section id=\"block-block_57f968fa33bc38f65a2be4bee5fe3e36\" class=\"o-section -yellow c-bloc-yellow-cta\">\n        <div class=\"o-container -full-width-mobile\">\n            <div class=\"o-section__inner\">\n                <div class=\"o-container -corners\">\n                    <div class=\"o-row -gutter\">\n                        <div class=\"u-divider-80-mobile\"><\/div>\n                        <div class=\"o-col w-1\/12 -empty\">\n                            <!-- space -->\n                        <\/div>\n                        <div class=\"o-col w-4\/12 -middle -center -img\">\n                                                            <h2 class=\"o-title-2\">\n                                    \u00bfNecesitas ayuda?                                <\/h2>\n                                                    <\/div>\n                        <div class=\"o-col w-1\/2 -middle -left\">\n                            <div class=\"c-bloc-yellow-cta__content\">\n                                <div class=\"o-text\">\n                                                                        <p>Nuestro equipo de soporte t\u00e9cnico elabor\u00f3 excelentes gu\u00edas de instalaci\u00f3n paso a paso para ti. Tambi\u00e9n est\u00e1 listo para responder todas tus preguntas y resolver cualquier problema.<\/p>\n                                                                    <\/div>\n                            <\/div>\n                                                        <div class=\"o-button__wrap -fullwidth-mobile\">\n                                                                <a href=\"\/es\/guia-de-instalacion\/\" class=\"o-button \" title=\"Gu\u00eda de instalaci\u00f3n\" >\n                                    <span class=\"o-button__text\">Gu\u00eda de instalaci\u00f3n<\/span>\n                                <\/a>\n                                                                <a href=\"\/es\/faq\/\" class=\"o-button \" title=\"FAQ\" >\n                                    <span class=\"o-button__text\">FAQ<\/span>\n                                <\/a>\n                                                                <a href=\"\/es\/contacto\/\" class=\"o-button \" title=\"Cont\u00e1ctanos\" >\n                                    <span class=\"o-button__text\">Cont\u00e1ctanos<\/span>\n                                <\/a>\n                                                            <\/div>\n                                                    <\/div>\n                                                <div class=\"u-divider-160-mobile\"><\/div>\n                    <\/div>\n                <\/div>\n                <div class=\"o-section__bg -corners\"><\/div>\n            <\/div>\n        <\/div>\n    <\/section>\n","protected":false},"excerpt":{"rendered":"","protected":false},"author":1,"featured_media":47462,"parent":13453,"menu_order":0,"comment_status":"closed","ping_status":"closed","template":"t-how-to.php","meta":{"_relevanssi_hide_post":"","_relevanssi_hide_content":"","_relevanssi_pin_for_all":"","_relevanssi_pin_keywords":"","_relevanssi_unpin_keywords":"","_relevanssi_related_keywords":"","_relevanssi_related_include_ids":"","_relevanssi_related_exclude_ids":"","_relevanssi_related_no_append":"","_relevanssi_related_not_related":"","_relevanssi_related_posts":"281,1,353,296,335,300","_relevanssi_noindex_reason":""},"acf":[],"yoast_head":"<!-- This site is optimized with the Yoast SEO Premium plugin v19.3 (Yoast SEO v19.7) - https:\/\/yoast.com\/wordpress\/plugins\/seo\/ -->\n<title>Gu\u00eda de instalaci\u00f3n de la varilla de \u00e1nodo el\u00e9ctrica - Corro-Protec<\/title>\n<meta name=\"description\" content=\"Gu\u00eda de instalaci\u00f3n - Barra de \u00c1nodo para Calentador de Agua Corro-Protec\" \/>\n<meta name=\"robots\" content=\"noindex, follow, max-snippet:-1, max-image-preview:large, max-video-preview:-1\" \/>\n<meta property=\"og:locale\" content=\"es_ES\" \/>\n<meta property=\"og:type\" content=\"article\" \/>\n<meta property=\"og:title\" content=\"Gu\u00eda de instalaci\u00f3n de la varilla de \u00e1nodo el\u00e9ctrica\" \/>\n<meta property=\"og:description\" content=\"Gu\u00eda de instalaci\u00f3n - Barra de \u00c1nodo para Calentador de Agua Corro-Protec\" \/>\n<meta property=\"og:url\" content=\"https:\/\/shop.corroprotec.com\/es\/guia-de-instalacion\/varilla-de-anodo-electrica\/\" \/>\n<meta property=\"og:site_name\" content=\"Corro-Protec\" \/>\n<meta property=\"article:publisher\" content=\"https:\/\/www.facebook.com\/corroprotec\/\" \/>\n<meta property=\"article:modified_time\" content=\"2025-11-25T13:29:48+00:00\" \/>\n<meta property=\"og:image\" content=\"https:\/\/shop.corroprotec.com\/app\/uploads\/2025\/11\/guide-dinstallation-reg-es-1.png\" \/>\n\t<meta property=\"og:image:width\" content=\"1000\" \/>\n\t<meta property=\"og:image:height\" content=\"772\" \/>\n\t<meta property=\"og:image:type\" content=\"image\/png\" \/>\n<meta name=\"twitter:card\" content=\"summary_large_image\" \/>\n<meta name=\"twitter:site\" content=\"@corroprotec\" \/>\n<script type=\"application\/ld+json\" class=\"yoast-schema-graph\">{\"@context\":\"https:\/\/schema.org\",\"@graph\":[{\"@type\":\"WebPage\",\"@id\":\"https:\/\/shop.corroprotec.com\/es\/guia-de-instalacion\/varilla-de-anodo-electrica\/\",\"url\":\"https:\/\/shop.corroprotec.com\/es\/guia-de-instalacion\/varilla-de-anodo-electrica\/\",\"name\":\"Gu\u00eda de instalaci\u00f3n de la varilla de \u00e1nodo el\u00e9ctrica - Corro-Protec\",\"isPartOf\":{\"@id\":\"https:\/\/shop.corroprotec.com\/es\/#website\"},\"datePublished\":\"2022-08-22T17:38:35+00:00\",\"dateModified\":\"2025-11-25T13:29:48+00:00\",\"description\":\"Gu\u00eda de instalaci\u00f3n - Barra de \u00c1nodo para Calentador de Agua Corro-Protec\",\"breadcrumb\":{\"@id\":\"https:\/\/shop.corroprotec.com\/es\/guia-de-instalacion\/varilla-de-anodo-electrica\/#breadcrumb\"},\"inLanguage\":\"es-ES\",\"potentialAction\":[{\"@type\":\"ReadAction\",\"target\":[\"https:\/\/shop.corroprotec.com\/es\/guia-de-instalacion\/varilla-de-anodo-electrica\/\"]}]},{\"@type\":\"BreadcrumbList\",\"@id\":\"https:\/\/shop.corroprotec.com\/es\/guia-de-instalacion\/varilla-de-anodo-electrica\/#breadcrumb\",\"itemListElement\":[{\"@type\":\"ListItem\",\"position\":1,\"name\":\"Home\",\"item\":\"https:\/\/shop.corroprotec.com\/es\/\"},{\"@type\":\"ListItem\",\"position\":2,\"name\":\"Gu\u00eda de instalaci\u00f3n\",\"item\":\"https:\/\/shop.corroprotec.com\/es\/guia-de-instalacion\/\"},{\"@type\":\"ListItem\",\"position\":3,\"name\":\"Gu\u00eda de instalaci\u00f3n de la varilla de \u00e1nodo el\u00e9ctrica\"}]},{\"@type\":\"WebSite\",\"@id\":\"https:\/\/shop.corroprotec.com\/es\/#website\",\"url\":\"https:\/\/shop.corroprotec.com\/es\/\",\"name\":\"Corro-Protec\",\"description\":\"\",\"publisher\":{\"@id\":\"https:\/\/shop.corroprotec.com\/es\/#organization\"},\"potentialAction\":[{\"@type\":\"SearchAction\",\"target\":{\"@type\":\"EntryPoint\",\"urlTemplate\":\"https:\/\/shop.corroprotec.com\/es\/?s={search_term_string}\"},\"query-input\":\"required name=search_term_string\"}],\"inLanguage\":\"es-ES\"},{\"@type\":\"Organization\",\"@id\":\"https:\/\/shop.corroprotec.com\/es\/#organization\",\"name\":\"Corro-Protec\",\"url\":\"https:\/\/shop.corroprotec.com\/es\/\",\"sameAs\":[\"https:\/\/www.facebook.com\/corroprotec\/\",\"https:\/\/twitter.com\/corroprotec\"],\"logo\":{\"@type\":\"ImageObject\",\"inLanguage\":\"es-ES\",\"@id\":\"https:\/\/shop.corroprotec.com\/es\/#\/schema\/logo\/image\/\",\"url\":\"https:\/\/shop.corroprotec.com\/app\/uploads\/2024\/03\/logo-corro-v-blanc-fond-vert-rgb.png\",\"contentUrl\":\"https:\/\/shop.corroprotec.com\/app\/uploads\/2024\/03\/logo-corro-v-blanc-fond-vert-rgb.png\",\"width\":2000,\"height\":1244,\"caption\":\"Corro-Protec\"},\"image\":{\"@id\":\"https:\/\/shop.corroprotec.com\/es\/#\/schema\/logo\/image\/\"}}]}<\/script>\n<!-- \/ Yoast SEO Premium plugin. -->","yoast_head_json":{"title":"Gu\u00eda de instalaci\u00f3n de la varilla de \u00e1nodo el\u00e9ctrica - Corro-Protec","description":"Gu\u00eda de instalaci\u00f3n - Barra de \u00c1nodo para Calentador de Agua Corro-Protec","robots":{"index":"noindex","follow":"follow","max-snippet":"max-snippet:-1","max-image-preview":"max-image-preview:large","max-video-preview":"max-video-preview:-1"},"og_locale":"es_ES","og_type":"article","og_title":"Gu\u00eda de instalaci\u00f3n de la varilla de \u00e1nodo el\u00e9ctrica","og_description":"Gu\u00eda de instalaci\u00f3n - Barra de \u00c1nodo para Calentador de Agua Corro-Protec","og_url":"https:\/\/shop.corroprotec.com\/es\/guia-de-instalacion\/varilla-de-anodo-electrica\/","og_site_name":"Corro-Protec","article_publisher":"https:\/\/www.facebook.com\/corroprotec\/","article_modified_time":"2025-11-25T13:29:48+00:00","og_image":[{"width":1000,"height":772,"url":"https:\/\/shop.corroprotec.com\/app\/uploads\/2025\/11\/guide-dinstallation-reg-es-1.png","type":"image\/png"}],"twitter_card":"summary_large_image","twitter_site":"@corroprotec","schema":{"@context":"https:\/\/schema.org","@graph":[{"@type":"WebPage","@id":"https:\/\/shop.corroprotec.com\/es\/guia-de-instalacion\/varilla-de-anodo-electrica\/","url":"https:\/\/shop.corroprotec.com\/es\/guia-de-instalacion\/varilla-de-anodo-electrica\/","name":"Gu\u00eda de instalaci\u00f3n de la varilla de \u00e1nodo el\u00e9ctrica - Corro-Protec","isPartOf":{"@id":"https:\/\/shop.corroprotec.com\/es\/#website"},"datePublished":"2022-08-22T17:38:35+00:00","dateModified":"2025-11-25T13:29:48+00:00","description":"Gu\u00eda de instalaci\u00f3n - Barra de \u00c1nodo para Calentador de Agua Corro-Protec","breadcrumb":{"@id":"https:\/\/shop.corroprotec.com\/es\/guia-de-instalacion\/varilla-de-anodo-electrica\/#breadcrumb"},"inLanguage":"es-ES","potentialAction":[{"@type":"ReadAction","target":["https:\/\/shop.corroprotec.com\/es\/guia-de-instalacion\/varilla-de-anodo-electrica\/"]}]},{"@type":"BreadcrumbList","@id":"https:\/\/shop.corroprotec.com\/es\/guia-de-instalacion\/varilla-de-anodo-electrica\/#breadcrumb","itemListElement":[{"@type":"ListItem","position":1,"name":"Home","item":"https:\/\/shop.corroprotec.com\/es\/"},{"@type":"ListItem","position":2,"name":"Gu\u00eda de instalaci\u00f3n","item":"https:\/\/shop.corroprotec.com\/es\/guia-de-instalacion\/"},{"@type":"ListItem","position":3,"name":"Gu\u00eda de instalaci\u00f3n de la varilla de \u00e1nodo el\u00e9ctrica"}]},{"@type":"WebSite","@id":"https:\/\/shop.corroprotec.com\/es\/#website","url":"https:\/\/shop.corroprotec.com\/es\/","name":"Corro-Protec","description":"","publisher":{"@id":"https:\/\/shop.corroprotec.com\/es\/#organization"},"potentialAction":[{"@type":"SearchAction","target":{"@type":"EntryPoint","urlTemplate":"https:\/\/shop.corroprotec.com\/es\/?s={search_term_string}"},"query-input":"required name=search_term_string"}],"inLanguage":"es-ES"},{"@type":"Organization","@id":"https:\/\/shop.corroprotec.com\/es\/#organization","name":"Corro-Protec","url":"https:\/\/shop.corroprotec.com\/es\/","sameAs":["https:\/\/www.facebook.com\/corroprotec\/","https:\/\/twitter.com\/corroprotec"],"logo":{"@type":"ImageObject","inLanguage":"es-ES","@id":"https:\/\/shop.corroprotec.com\/es\/#\/schema\/logo\/image\/","url":"https:\/\/shop.corroprotec.com\/app\/uploads\/2024\/03\/logo-corro-v-blanc-fond-vert-rgb.png","contentUrl":"https:\/\/shop.corroprotec.com\/app\/uploads\/2024\/03\/logo-corro-v-blanc-fond-vert-rgb.png","width":2000,"height":1244,"caption":"Corro-Protec"},"image":{"@id":"https:\/\/shop.corroprotec.com\/es\/#\/schema\/logo\/image\/"}}]}},"_links":{"self":[{"href":"https:\/\/shop.corroprotec.com\/es\/wp-json\/wp\/v2\/pages\/2203"}],"collection":[{"href":"https:\/\/shop.corroprotec.com\/es\/wp-json\/wp\/v2\/pages"}],"about":[{"href":"https:\/\/shop.corroprotec.com\/es\/wp-json\/wp\/v2\/types\/page"}],"author":[{"embeddable":true,"href":"https:\/\/shop.corroprotec.com\/es\/wp-json\/wp\/v2\/users\/1"}],"replies":[{"embeddable":true,"href":"https:\/\/shop.corroprotec.com\/es\/wp-json\/wp\/v2\/comments?post=2203"}],"version-history":[{"count":29,"href":"https:\/\/shop.corroprotec.com\/es\/wp-json\/wp\/v2\/pages\/2203\/revisions"}],"predecessor-version":[{"id":47466,"href":"https:\/\/shop.corroprotec.com\/es\/wp-json\/wp\/v2\/pages\/2203\/revisions\/47466"}],"up":[{"embeddable":true,"href":"https:\/\/shop.corroprotec.com\/es\/wp-json\/wp\/v2\/pages\/13453"}],"wp:featuredmedia":[{"embeddable":true,"href":"https:\/\/shop.corroprotec.com\/es\/wp-json\/wp\/v2\/media\/47462"}],"wp:attachment":[{"href":"https:\/\/shop.corroprotec.com\/es\/wp-json\/wp\/v2\/media?parent=2203"}],"curies":[{"name":"wp","href":"https:\/\/api.w.org\/{rel}","templated":true}]}}