{"id":2144,"date":"2020-08-12T10:55:56","date_gmt":"2020-08-12T14:55:56","guid":{"rendered":"https:\/\/shop.corroprotec.com\/?page_id=2144"},"modified":"2024-08-26T11:51:11","modified_gmt":"2024-08-26T15:51:11","slug":"inicio","status":"publish","type":"page","link":"https:\/\/shop.corroprotec.com\/es\/","title":{"rendered":"Inicio"},"content":{"rendered":"<section id=\"block-block_6319ef5050858\" class=\"o-section -pattern c-bloc-blog-listing\">\n    <div class=\"o-container\">\n        <div class=\"o-row -middle\">\n            <div class=\"o-col w-5\/6\">\n                <div class=\"o-text -relative\">\n                    <h2 class=\"has-text-align-center\">Blog<\/h2>\n                <\/div>\n            <\/div>\n        <\/div>\n        <div class=\"o-row -middle\">\n            <div class=\"o-col w-2\/3 -md-10\/12 -sm-1\/1\">\n                <div class=\"c-blog-listing\">\n                                            <div class=\"c-blog-listing__item\">\n                            <div class=\"c-blog-listing__item__image\">\n                                <a class=\"ga-blogsuggestion\" data-name=\"\u00bfEl calentador de agua tiene fugas? C\u00f3mo solucionarlo en 5 f\u00e1ciles pasos\" data-title=\"Read\" href=\"https:\/\/shop.corroprotec.com\/es\/blog\/calentador-fugas-que-hacer\/\">\n                                    <div class=\"o-responsive-img \" style=\"padding-top:57.5%;\"><img width=\"1024\" height=\"589\" src=\"https:\/\/shop.corroprotec.com\/app\/uploads\/2020\/08\/why-your-water-heater-is-leaking-and-how-to-fix-it-3.png\" class=\"attachment-large size-large\" alt=\"Water heater with a puddle underneath, indicating a possible leak or water damage issue.\" loading=\"lazy\" sizes=\"(max-width: 769px) 100vw, (max-width: 1000px) 50vw, (max-width: 1441px) 50vw\" srcset=\"https:\/\/shop.corroprotec.com\/app\/uploads\/2020\/08\/why-your-water-heater-is-leaking-and-how-to-fix-it-3.png 1024w, https:\/\/shop.corroprotec.com\/app\/uploads\/2020\/08\/why-your-water-heater-is-leaking-and-how-to-fix-it-3-500x288.png 500w, https:\/\/shop.corroprotec.com\/app\/uploads\/2020\/08\/why-your-water-heater-is-leaking-and-how-to-fix-it-3-768x442.png 768w\" \/><\/div>                                <\/a>\n                            <\/div>\n                            <div class=\"c-blog-listing__item__content\">\n                                <h3 class=\"o-title-4 c-blog-listing__item__content__title\">\n                                    <a class=\"ga-blogsuggestion\" data-name=\"\u00bfEl calentador de agua tiene fugas? C\u00f3mo solucionarlo en 5 f\u00e1ciles pasos\" data-title=\"Read\" href=\"https:\/\/shop.corroprotec.com\/es\/blog\/calentador-fugas-que-hacer\/\">\n                                        \u00bfEl calentador de agua tiene fugas? C\u00f3mo solucionarlo en 5 f\u00e1ciles pasos                                    <\/a>\n                                <\/h3>\n                                <div class=\"c-blog-listing__item__content__excerpt\">\n                                    <p>Causas comunes de las fugas de los calentadores de agua y qu\u00e9 hacer al respecto En los EE. UU., las fugas de agua en un [&hellip;]<\/p>\n                                <\/div>\n                                <div class=\"c-blog-listing__item__content__button o-button__wrap -fullwidth-mobile\">\n                                    <a href=\"https:\/\/shop.corroprotec.com\/es\/blog\/calentador-fugas-que-hacer\/\" data-name=\"\u00bfEl calentador de agua tiene fugas? C\u00f3mo solucionarlo en 5 f\u00e1ciles pasos\" data-title=\"Read\" class=\"o-button ga-blogsuggestion\">\n                                        <span class=\"o-button__text\">\n                                            Read                                        <\/span>\n                                    <\/a>\n                                <\/div>\n                            <\/div>\n                        <\/div>\n                                            <div class=\"c-blog-listing__item\">\n                            <div class=\"c-blog-listing__item__image\">\n                                <a class=\"ga-blogsuggestion\" data-name=\"Estrategias eficaces para eliminar el olor a azufre del calentador de agua\" data-title=\"Read\" href=\"https:\/\/shop.corroprotec.com\/es\/blog\/olor-azufre-agua-caliente\/\">\n                                    <div class=\"o-responsive-img \" style=\"padding-top:57.5%;\"><img width=\"1024\" height=\"589\" src=\"https:\/\/shop.corroprotec.com\/app\/uploads\/2018\/12\/effective-strategies-to-remove-sulfur-smell-from-your-hot-water-heater-2.png\" class=\"attachment-large size-large\" alt=\"Water heater with rising heat lines and a crossed-out rotten egg icon, symbolizing removal of sulfur smell from hot water.\" loading=\"lazy\" sizes=\"(max-width: 769px) 100vw, (max-width: 1000px) 50vw, (max-width: 1441px) 50vw\" srcset=\"https:\/\/shop.corroprotec.com\/app\/uploads\/2018\/12\/effective-strategies-to-remove-sulfur-smell-from-your-hot-water-heater-2.png 1024w, https:\/\/shop.corroprotec.com\/app\/uploads\/2018\/12\/effective-strategies-to-remove-sulfur-smell-from-your-hot-water-heater-2-500x288.png 500w, https:\/\/shop.corroprotec.com\/app\/uploads\/2018\/12\/effective-strategies-to-remove-sulfur-smell-from-your-hot-water-heater-2-768x442.png 768w\" \/><\/div>                                <\/a>\n                            <\/div>\n                            <div class=\"c-blog-listing__item__content\">\n                                <h3 class=\"o-title-4 c-blog-listing__item__content__title\">\n                                    <a class=\"ga-blogsuggestion\" data-name=\"Estrategias eficaces para eliminar el olor a azufre del calentador de agua\" data-title=\"Read\" href=\"https:\/\/shop.corroprotec.com\/es\/blog\/olor-azufre-agua-caliente\/\">\n                                        Estrategias eficaces para eliminar el olor a azufre del calentador de agua                                    <\/a>\n                                <\/h3>\n                                <div class=\"c-blog-listing__item__content__excerpt\">\n                                    <p>El desagradable olor a azufre en el agua caliente es un padecimiento com\u00fan. Dicho olor, parecido al del huevo podrido, hace que el uso cotidiano [&hellip;]<\/p>\n                                <\/div>\n                                <div class=\"c-blog-listing__item__content__button o-button__wrap -fullwidth-mobile\">\n                                    <a href=\"https:\/\/shop.corroprotec.com\/es\/blog\/olor-azufre-agua-caliente\/\" data-name=\"Estrategias eficaces para eliminar el olor a azufre del calentador de agua\" data-title=\"Read\" class=\"o-button ga-blogsuggestion\">\n                                        <span class=\"o-button__text\">\n                                            Read                                        <\/span>\n                                    <\/a>\n                                <\/div>\n                            <\/div>\n                        <\/div>\n                    \n                <\/div>\n\n                <div class=\"o-button__wrap -fullwidth-mobile -all-posts-btn -padding-around\">\n                    <a href=\"https:\/\/shop.corroprotec.com\/es\/blog\/\" class=\"o-button -stroke\">\n                        <span class=\"o-button__text\">\n                            All blog posts                        <\/span>\n                    <\/a>\n                <\/div>\n\n            <\/div>\n        <\/div>\n    <\/div>\n    <div class=\"o-section__bg\"><\/div>\n<\/section>\n\n    <section id=\"block-block_631a033a33b2e\" class=\"o-section -yellow c-bloc-yellow-cta\">\n        <div class=\"o-container -full-width-mobile\">\n            <div class=\"o-section__inner\">\n                <div class=\"o-container -corners\">\n                    <div class=\"o-row -gutter\">\n                        <div class=\"u-divider-80-mobile\"><\/div>\n                        <div class=\"o-col w-1\/12 -empty\">\n                            <!-- space -->\n                        <\/div>\n                        <div class=\"o-col w-4\/12 -middle -center -img\">\n                                                            <h2 class=\"o-title-2\">\n                                    \u00bfNecesitas ayuda?                                <\/h2>\n                                                    <\/div>\n                        <div class=\"o-col w-3\/12 -middle -center\">\n                            <div class=\"c-bloc-yellow-cta__content\">\n                                <div class=\"o-text\">\n                                                                        <p>Nuestro equipo de soporte t\u00e9cnico est\u00e1 listo para responder a todas tus dudas y ayudarte a resolver cualquier problema que tengas.<\/p>\n                                                                    <\/div>\n                            <\/div>\n                                                    <\/div>\n                                                <div class=\"o-col w-3\/12 -middle -right -img\">\n                            <div class=\"o-button__wrap -fullwidth-mobile\">\n                                                                <a href=\"tel:+18774666660\" class=\"o-button\" title=\"Cont\u00e1ctanos\" >\n                                    <span class=\"o-button__text\">Cont\u00e1ctanos<\/span>\n                                <\/a>\n                                                            <\/div>\n                            <div style=\"position: relative; max-width: 320px; width: 100%; height: 100%; margin: auto;\">\n                                \t<svg class=\"o-ico -anode-left\">\n\t\t<use xlink:href=\"https:\/\/shop.corroprotec.com\/app\/themes\/baserock\/assets\/img\/sprite.svg?v=24aa50ed7c99961e#anode-outline\"><\/use>\n\t<\/svg>\n\t                                \t<svg class=\"o-ico -anode-right\">\n\t\t<use xlink:href=\"https:\/\/shop.corroprotec.com\/app\/themes\/baserock\/assets\/img\/sprite.svg?v=24aa50ed7c99961e#anode-outline\"><\/use>\n\t<\/svg>\n\t                            <\/div>\n                        <\/div>\n                                                <div class=\"u-divider-160-mobile\"><\/div>\n                    <\/div>\n                <\/div>\n                <div class=\"o-section__bg -corners\"><\/div>\n            <\/div>\n        <\/div>\n    <\/section>\n\n\n<section id=\"block-block_6320a0f96ca3d\" class=\"o-section c-bloc-about-us o-section\">\n    <div class=\"o-container-text\">\n        <div class=\"o-text\">\n            <h2 class=\"has-text-align-center\">\n                About us            <\/h2>\n        <\/div>\n        <div class=\"o-text\">\n            <div class=\"wp-block-media-text alignwide is-stacked-on-mobile has-media-on-the-right\">\n                <figure class=\"wp-block-media-text__media\">\n                    <svg class=\"c-bloc-about-us__logo\" data-module=\"DrawLogo\" enable-background=\"new 0 0 400.8 189.8\" version=\"1.1\" viewBox=\"0 0 400.8 189.8\" xml:space=\"preserve\" xmlns=\"http:\/\/www.w3.org\/2000\/svg\">\n                        <path class=\"svg-line\" d=\"m40.9 38.7v-9.5c0-1.9-0.3-3.4-1-4.4-0.7-0.9-1.7-1.5-3.4-1.5-0.9 0-1.5 0.2-2.1 0.5-0.5 0.3-1 0.8-1.3 1.5-0.7 1.4-1 3.6-1 6.6v34.2c0.1 3.6 0.4 6 1.1 7.5 0.4 0.7 0.8 1.2 1.4 1.6 0.5 0.3 1.2 0.5 2.2 0.5 0.9 0 1.5-0.2 2-0.4 0.5-0.3 0.9-0.7 1.2-1.3 0.6-1.3 0.9-3.3 0.9-6.3v-11.4h27.9v29.9l-0.2 0.2c-9.6 6.7-18.5 9.3-32.2 9.3-13.8 0-22.1-3.3-26.9-8.4-4.8-5.2-6-12.1-6-19.2v-35.7c0-7.8 1.3-15 6-20.3 4.8-5.3 12.9-8.5 26.4-8.5 12.9 0 23.6 3 32.7 9.7l0.2 0.1v25.2h-27.9v0.1z\" \/>\n                        <path class=\"svg-line\" d=\"m143.6 12c-4.9-5.1-13.3-8.4-27.4-8.4s-22.5 3.3-27.3 8.4c-4.9 5.1-6.1 12-6.1 19.1v37c0 7 1.2 13.9 6.1 19.1 4.9 5.1 13.3 8.4 27.4 8.4s22.5-3.3 27.4-8.4 6.1-12 6.1-19.1v-37c-0.1-7-1.3-13.9-6.2-19.1zm-22.6 54.7c0 2.4-0.1 4.7-0.8 6.4-0.3 0.8-0.8 1.5-1.4 2s-1.5 0.7-2.6 0.7-2-0.3-2.6-0.7c-0.6-0.5-1.1-1.1-1.4-2-0.7-1.7-0.8-4-0.8-6.4v-34.1c0-2.4 0.1-4.7 0.8-6.4 0.3-0.8 0.8-1.5 1.4-2s1.5-0.7 2.6-0.7 2 0.3 2.6 0.7c0.6 0.5 1.1 1.1 1.4 2 0.7 1.7 0.8 4 0.8 6.4v34.1z\" \/>\n                        <path class=\"svg-line\" d=\"m235 77.5c-0.6-0.2-1.1-0.5-1.5-0.9s-0.7-0.8-0.9-1.5c-0.5-1.3-0.7-3.2-0.7-6.2v-4.6c0-4.4-0.7-7.6-2.6-10-1.7-2.1-4.2-3.5-7.8-4.7 3.8-1.5 6.8-3.7 8.8-6.8 2.2-3.5 3.3-7.9 3.3-13.4 0-9.5-3.1-15.6-8.3-19.3-5.1-3.7-12.2-4.9-20.2-4.9h-42.5v16.3l0.3 0.1c1.4 0.7 2.2 1.3 2.6 2.4 0.5 1.1 0.7 2.8 0.7 5.6v40c0 2.7-0.2 4.3-0.7 5.4s-1.2 1.7-2.6 2.4l-0.3 0.1v16.5h35.4v-16.3l-0.3-0.1c-1.4-0.8-2.2-1.4-2.6-2.5-0.5-1.1-0.6-2.7-0.6-5.4v-9.8c3 0 4 0.2 5 0.6 3 1.4 3.4 4.7 3.4 8v8.5c0 6.7 0.4 11.2 1.6 16.7l0.1 0.4h30.5v-16.4l-0.1-0.2zm-32.1-38c-1 1.2-2.6 1.8-5.2 1.9h-2.9v-16.8h1c3.7 0 5.8 0.4 7 1.6 1.2 1.1 1.6 3.1 1.6 6.6-0.1 3.4-0.5 5.5-1.5 6.7z\" \/>\n                        <path class=\"svg-line\" d=\"m318.9 77.5c-0.6-0.2-1.1-0.5-1.5-0.9s-0.7-0.8-0.9-1.5c-0.5-1.3-0.7-3.2-0.7-6.2v-4.6c0-4.4-0.7-7.6-2.6-10-1.7-2.1-4.2-3.5-7.8-4.7 3.8-1.5 6.8-3.7 8.8-6.8 2.2-3.5 3.3-7.9 3.3-13.4 0-9.5-3.1-15.6-8.3-19.3-5.1-3.7-12.2-4.9-20.2-4.9h-42.5v16.3l0.3 0.1c1.4 0.7 2.2 1.3 2.6 2.4 0.5 1.1 0.7 2.8 0.7 5.6v40c0 2.7-0.2 4.3-0.7 5.4s-1.2 1.7-2.6 2.4l-0.3 0.1v16.5h35.5v-16.3l-0.3-0.1c-1.4-0.8-2.2-1.4-2.6-2.5-0.5-1.1-0.6-2.7-0.6-5.4v-9.8c3 0 4 0.2 5 0.6 3 1.4 3.4 4.7 3.4 8v8.5c0 6.7 0.4 11.2 1.6 16.7l0.1 0.4h30.5v-16.4l-0.2-0.2zm-32.2-38c-1 1.2-2.6 1.8-5.2 1.9h-2.9v-16.8h1c3.7 0 5.8 0.4 7 1.6 1.2 1.1 1.6 3.1 1.6 6.6 0 3.4-0.5 5.5-1.5 6.7z\" \/>\n                        <path class=\"svg-line\" d=\"m391.3 12c-4.9-5.1-13.3-8.4-27.4-8.4s-22.5 3.3-27.4 8.4-6.1 12-6.1 19.1v37c0 7 1.2 13.9 6.1 19.1 4.9 5.1 13.3 8.4 27.4 8.4s22.5-3.3 27.4-8.4 6.1-12 6.1-19.1v-37c0-7-1.2-13.9-6.1-19.1zm-22.5 54.7c0 2.4-0.1 4.7-0.8 6.4-0.3 0.8-0.8 1.5-1.4 2s-1.5 0.7-2.6 0.7-2-0.3-2.6-0.7c-0.6-0.5-1.1-1.1-1.4-2-0.7-1.7-0.8-4-0.8-6.4v-34.1c0-2.4 0.1-4.7 0.8-6.4 0.3-0.8 0.8-1.5 1.4-2s1.5-0.7 2.6-0.7 2 0.3 2.6 0.7c0.6 0.5 1.1 1.1 1.4 2 0.7 1.7 0.8 4 0.8 6.4v34.1z\" \/>\n                        <path class=\"svg-line\" d=\"m38.7 112h-34.3v13c2.2 1.2 2.9 2.3 3 5.3v34.1c0 5.8-0.3 6.8-3 8v13h29.3v-13c-3.3-1.5-3.6-2.7-3.6-7.4v-0.4h7.1c14.4 0 24.3-3.4 24.3-25.7v-3.1c0-20.8-11.6-23.8-22.8-23.8zm0.1 30.8c0 4.3-1.5 6-5.6 6.2h-3.1v-21.3h3.1c3.9 0 5.6 1.9 5.6 6.3v8.8z\" \/>\n                        <path class=\"svg-line\" d=\"m126.7 164.8v-3.8c0-7.3-2.3-10.2-9.5-12.2 7.5-2.4 11-7.8 11-16.9 0-15.6-10.1-19.8-23.2-19.8h-34.9v13c2.4 1.2 3 2.3 3 7v33.4c0 4.5-0.5 5.7-3 6.9v13h28.6v-13c-2.4-1.3-2.9-2.4-2.9-6.9v-8.6c2.9 0 3.7 0.1 4.7 0.5 2.7 1.3 3.1 4.3 3.1 7v7c0 5.6 0.3 9.3 1.3 13.9h24.6v-13c-2.2-0.8-2.8-2.4-2.8-7.5zm-28-22.5h-2.9v-14.9h1.2c6.2 0 7.6 1.4 7.6 7.3 0 5.6-1.4 7.4-5.9 7.6z\" \/>\n                        <path class=\"svg-line\" d=\"m167.1 110.7c-23.3 0-27.3 10.9-27.3 22.5v30.9c0 11.7 4.1 22.5 27.3 22.5 23.3 0 27.4-10.9 27.4-22.5v-30.9c0-11.6-4.1-22.5-27.4-22.5zm4.4 52.2c0 4-0.3 8-4.4 8s-4.4-4.1-4.4-8v-28.5c0-4 0.3-8 4.4-8s4.4 4.1 4.4 8v28.5z\" \/>\n                        <path class=\"svg-line\" d=\"M220.4,185.4h29.7v-13c-3.1-1.6-3.8-3.2-3.8-7.3V127h0.1c2.4,0,4.2,1,4.2,4.4v13.9h16.3V112h-63.2v33.3H220v-13.9  c0-3.4,1.8-4.4,4.3-4.4h0.1v38.1c0,4.1-0.9,5.6-3.8,7.3v13H220.4z\" \/>\n                        <path class=\"svg-line\" d=\"m275.9 185.4h55v-26.8h-21.2v3.3c0 6.4-1.3 7.8-7.2 7.8h-0.9v-15h14.5v-14.4h-14.5v-12.5h2.1c4.4 0 6 2 6 7.1v1.6h21.2v-24.5h-55v13c2.3 1.1 3 2.2 3 5.8v33.5c0 5.6-0.4 6.8-3 8v13.1z\" \/>\n                        <path class=\"svg-line\" d=\"m396.4 118.7c-7.5-5.5-16.3-8-26.9-8-22.3 0-26.5 10.7-26.5 23.6v29.7c0 11.8 4.1 22.7 26.9 22.7 11.3 0 18.6-2.2 26.5-7.7v-24.3h-22.3v9.1c0 4.9-0.8 7.1-3.8 7.1-3.2 0-4.2-2.4-4.3-8.4v-28.5c0-5.1 1-7.6 4.1-7.6s4.1 2 4.1 5.3v7.5h22.3v-20.5h-0.1z\" \/>\n                    <\/svg>\n                <\/figure>\n                <div class=\"wp-block-media-text__content\">\n                    <p class=\"-large\">\n                        Nuestra tecnolog\u00eda est\u00e1 revolucionando el estado actual del mercado de termotanques y nos ha convertido en el l\u00edder del sector de varillas de \u00e1nodo el\u00e9ctricas.                    <\/p>\n\n                    <p>El conocimiento t\u00e9cnico de nuestro equipo nos permite ofrecer un servicio al cliente excepcional e incluso aplicarlo en otras verticales como las redes de acueducto y alcantarillado en ciudades.<\/p>\n<p>Ubicados en Canad\u00e1, nos enorgullece ofrecer productos de alta calidad, hechos a mano, y probados en laboratorio en todo Norteam\u00e9rica.<\/p>\n                <\/div>\n            <\/div>\n        <\/div>\n\n        <div class=\"u-divider-60\"><\/div>\n\n        <div class=\"o-button__wrap -half-mobile\">\n                        <a href=\"\/es\/acerca-de\/\" target=\"_self\" class=\"o-button \">\n                <span class=\"o-button__text\">\n                    Acerca de nosotros                <\/span>\n            <\/a>\n                        <a href=\"\/es\/productos\/varilla-de-anodo-residencial\/\" target=\"_self\" class=\"o-button -stroke\">\n                <span class=\"o-button__text\">\n                    Ver ahora                <\/span>\n            <\/a>\n                    <\/div>\n\n    <\/div>\n<\/section>\n","protected":false},"excerpt":{"rendered":"","protected":false},"author":1,"featured_media":2841,"parent":0,"menu_order":0,"comment_status":"closed","ping_status":"closed","template":"front-page.php","meta":{"_relevanssi_hide_post":"","_relevanssi_hide_content":"","_relevanssi_pin_for_all":"","_relevanssi_pin_keywords":"","_relevanssi_unpin_keywords":"","_relevanssi_related_keywords":"","_relevanssi_related_include_ids":"","_relevanssi_related_exclude_ids":"","_relevanssi_related_no_append":"","_relevanssi_related_not_related":"","_relevanssi_related_posts":"2474,2481,2520,2557,2538,2550","_relevanssi_noindex_reason":""},"acf":[],"yoast_head":"<!-- This site is optimized with the Yoast SEO Premium plugin v19.3 (Yoast SEO v19.7) - https:\/\/yoast.com\/wordpress\/plugins\/seo\/ -->\n<title>Corro-Protec - Varilla de \u00e1nodo el\u00e9ctrica para calentador de agua<\/title>\n<meta name=\"description\" content=\"Los \u00e1nodos el\u00e9ctricos Corro-Protec evitan la corrosi\u00f3n, los olores a azufre y las incrustaciones en los calentadores de agua. \u00a1Aprende m\u00e1s ahora!\" \/>\n<meta name=\"robots\" content=\"noindex, follow, max-snippet:-1, max-image-preview:large, max-video-preview:-1\" \/>\n<meta property=\"og:locale\" content=\"es_ES\" \/>\n<meta property=\"og:type\" content=\"article\" \/>\n<meta property=\"og:title\" content=\"Inicio\" \/>\n<meta property=\"og:description\" content=\"Los \u00e1nodos el\u00e9ctricos Corro-Protec evitan la corrosi\u00f3n, los olores a azufre y las incrustaciones en los calentadores de agua. \u00a1Aprende m\u00e1s ahora!\" \/>\n<meta property=\"og:url\" content=\"https:\/\/shop.corroprotec.com\/es\/\" \/>\n<meta property=\"og:site_name\" content=\"Corro-Protec\" \/>\n<meta property=\"article:publisher\" content=\"https:\/\/www.facebook.com\/corroprotec\/\" \/>\n<meta property=\"article:modified_time\" content=\"2024-08-26T15:51:11+00:00\" \/>\n<meta property=\"og:image\" content=\"https:\/\/shop.corroprotec.com\/app\/uploads\/2022\/09\/og-es-min.jpg\" \/>\n\t<meta property=\"og:image:width\" content=\"1200\" \/>\n\t<meta property=\"og:image:height\" content=\"630\" \/>\n\t<meta property=\"og:image:type\" content=\"image\/jpeg\" \/>\n<meta name=\"twitter:card\" content=\"summary_large_image\" \/>\n<meta name=\"twitter:site\" content=\"@corroprotec\" \/>\n<script type=\"application\/ld+json\" class=\"yoast-schema-graph\">{\"@context\":\"https:\/\/schema.org\",\"@graph\":[{\"@type\":\"WebPage\",\"@id\":\"https:\/\/shop.corroprotec.com\/es\/\",\"url\":\"https:\/\/shop.corroprotec.com\/es\/\",\"name\":\"Corro-Protec - Varilla de \u00e1nodo el\u00e9ctrica para calentador de agua\",\"isPartOf\":{\"@id\":\"https:\/\/shop.corroprotec.com\/es\/#website\"},\"datePublished\":\"2020-08-12T14:55:56+00:00\",\"dateModified\":\"2024-08-26T15:51:11+00:00\",\"description\":\"Los \u00e1nodos el\u00e9ctricos Corro-Protec evitan la corrosi\u00f3n, los olores a azufre y las incrustaciones en los calentadores de agua. \u00a1Aprende m\u00e1s ahora!\",\"breadcrumb\":{\"@id\":\"https:\/\/shop.corroprotec.com\/es\/#breadcrumb\"},\"inLanguage\":\"es-ES\",\"potentialAction\":[{\"@type\":\"ReadAction\",\"target\":[\"https:\/\/shop.corroprotec.com\/es\/\"]}]},{\"@type\":\"BreadcrumbList\",\"@id\":\"https:\/\/shop.corroprotec.com\/es\/#breadcrumb\",\"itemListElement\":[{\"@type\":\"ListItem\",\"position\":1,\"name\":\"Home\",\"item\":\"https:\/\/shop.corroprotec.com\/es\/\"},{\"@type\":\"ListItem\",\"position\":2,\"name\":\"Inicio\"}]},{\"@type\":\"WebSite\",\"@id\":\"https:\/\/shop.corroprotec.com\/es\/#website\",\"url\":\"https:\/\/shop.corroprotec.com\/es\/\",\"name\":\"Corro-Protec\",\"description\":\"\",\"publisher\":{\"@id\":\"https:\/\/shop.corroprotec.com\/es\/#organization\"},\"potentialAction\":[{\"@type\":\"SearchAction\",\"target\":{\"@type\":\"EntryPoint\",\"urlTemplate\":\"https:\/\/shop.corroprotec.com\/es\/?s={search_term_string}\"},\"query-input\":\"required name=search_term_string\"}],\"inLanguage\":\"es-ES\"},{\"@type\":\"Organization\",\"@id\":\"https:\/\/shop.corroprotec.com\/es\/#organization\",\"name\":\"Corro-Protec\",\"url\":\"https:\/\/shop.corroprotec.com\/es\/\",\"sameAs\":[\"https:\/\/www.facebook.com\/corroprotec\/\",\"https:\/\/twitter.com\/corroprotec\"],\"logo\":{\"@type\":\"ImageObject\",\"inLanguage\":\"es-ES\",\"@id\":\"https:\/\/shop.corroprotec.com\/es\/#\/schema\/logo\/image\/\",\"url\":\"https:\/\/shop.corroprotec.com\/app\/uploads\/2024\/03\/logo-corro-v-blanc-fond-vert-rgb.png\",\"contentUrl\":\"https:\/\/shop.corroprotec.com\/app\/uploads\/2024\/03\/logo-corro-v-blanc-fond-vert-rgb.png\",\"width\":2000,\"height\":1244,\"caption\":\"Corro-Protec\"},\"image\":{\"@id\":\"https:\/\/shop.corroprotec.com\/es\/#\/schema\/logo\/image\/\"}}]}<\/script>\n<!-- \/ Yoast SEO Premium plugin. -->","yoast_head_json":{"title":"Corro-Protec - Varilla de \u00e1nodo el\u00e9ctrica para calentador de agua","description":"Los \u00e1nodos el\u00e9ctricos Corro-Protec evitan la corrosi\u00f3n, los olores a azufre y las incrustaciones en los calentadores de agua. \u00a1Aprende m\u00e1s ahora!","robots":{"index":"noindex","follow":"follow","max-snippet":"max-snippet:-1","max-image-preview":"max-image-preview:large","max-video-preview":"max-video-preview:-1"},"og_locale":"es_ES","og_type":"article","og_title":"Inicio","og_description":"Los \u00e1nodos el\u00e9ctricos Corro-Protec evitan la corrosi\u00f3n, los olores a azufre y las incrustaciones en los calentadores de agua. \u00a1Aprende m\u00e1s ahora!","og_url":"https:\/\/shop.corroprotec.com\/es\/","og_site_name":"Corro-Protec","article_publisher":"https:\/\/www.facebook.com\/corroprotec\/","article_modified_time":"2024-08-26T15:51:11+00:00","og_image":[{"width":1200,"height":630,"url":"https:\/\/shop.corroprotec.com\/app\/uploads\/2022\/09\/og-es-min.jpg","type":"image\/jpeg"}],"twitter_card":"summary_large_image","twitter_site":"@corroprotec","schema":{"@context":"https:\/\/schema.org","@graph":[{"@type":"WebPage","@id":"https:\/\/shop.corroprotec.com\/es\/","url":"https:\/\/shop.corroprotec.com\/es\/","name":"Corro-Protec - Varilla de \u00e1nodo el\u00e9ctrica para calentador de agua","isPartOf":{"@id":"https:\/\/shop.corroprotec.com\/es\/#website"},"datePublished":"2020-08-12T14:55:56+00:00","dateModified":"2024-08-26T15:51:11+00:00","description":"Los \u00e1nodos el\u00e9ctricos Corro-Protec evitan la corrosi\u00f3n, los olores a azufre y las incrustaciones en los calentadores de agua. \u00a1Aprende m\u00e1s ahora!","breadcrumb":{"@id":"https:\/\/shop.corroprotec.com\/es\/#breadcrumb"},"inLanguage":"es-ES","potentialAction":[{"@type":"ReadAction","target":["https:\/\/shop.corroprotec.com\/es\/"]}]},{"@type":"BreadcrumbList","@id":"https:\/\/shop.corroprotec.com\/es\/#breadcrumb","itemListElement":[{"@type":"ListItem","position":1,"name":"Home","item":"https:\/\/shop.corroprotec.com\/es\/"},{"@type":"ListItem","position":2,"name":"Inicio"}]},{"@type":"WebSite","@id":"https:\/\/shop.corroprotec.com\/es\/#website","url":"https:\/\/shop.corroprotec.com\/es\/","name":"Corro-Protec","description":"","publisher":{"@id":"https:\/\/shop.corroprotec.com\/es\/#organization"},"potentialAction":[{"@type":"SearchAction","target":{"@type":"EntryPoint","urlTemplate":"https:\/\/shop.corroprotec.com\/es\/?s={search_term_string}"},"query-input":"required name=search_term_string"}],"inLanguage":"es-ES"},{"@type":"Organization","@id":"https:\/\/shop.corroprotec.com\/es\/#organization","name":"Corro-Protec","url":"https:\/\/shop.corroprotec.com\/es\/","sameAs":["https:\/\/www.facebook.com\/corroprotec\/","https:\/\/twitter.com\/corroprotec"],"logo":{"@type":"ImageObject","inLanguage":"es-ES","@id":"https:\/\/shop.corroprotec.com\/es\/#\/schema\/logo\/image\/","url":"https:\/\/shop.corroprotec.com\/app\/uploads\/2024\/03\/logo-corro-v-blanc-fond-vert-rgb.png","contentUrl":"https:\/\/shop.corroprotec.com\/app\/uploads\/2024\/03\/logo-corro-v-blanc-fond-vert-rgb.png","width":2000,"height":1244,"caption":"Corro-Protec"},"image":{"@id":"https:\/\/shop.corroprotec.com\/es\/#\/schema\/logo\/image\/"}}]}},"_links":{"self":[{"href":"https:\/\/shop.corroprotec.com\/es\/wp-json\/wp\/v2\/pages\/2144"}],"collection":[{"href":"https:\/\/shop.corroprotec.com\/es\/wp-json\/wp\/v2\/pages"}],"about":[{"href":"https:\/\/shop.corroprotec.com\/es\/wp-json\/wp\/v2\/types\/page"}],"author":[{"embeddable":true,"href":"https:\/\/shop.corroprotec.com\/es\/wp-json\/wp\/v2\/users\/1"}],"replies":[{"embeddable":true,"href":"https:\/\/shop.corroprotec.com\/es\/wp-json\/wp\/v2\/comments?post=2144"}],"version-history":[{"count":25,"href":"https:\/\/shop.corroprotec.com\/es\/wp-json\/wp\/v2\/pages\/2144\/revisions"}],"predecessor-version":[{"id":38936,"href":"https:\/\/shop.corroprotec.com\/es\/wp-json\/wp\/v2\/pages\/2144\/revisions\/38936"}],"wp:featuredmedia":[{"embeddable":true,"href":"https:\/\/shop.corroprotec.com\/es\/wp-json\/wp\/v2\/media\/2841"}],"wp:attachment":[{"href":"https:\/\/shop.corroprotec.com\/es\/wp-json\/wp\/v2\/media?parent=2144"}],"curies":[{"name":"wp","href":"https:\/\/api.w.org\/{rel}","templated":true}]}}