{"id":13453,"date":"2024-07-02T15:23:30","date_gmt":"2024-07-02T19:23:30","guid":{"rendered":"https:\/\/shop.corroprotec.com\/?page_id=13453"},"modified":"2025-11-19T12:54:36","modified_gmt":"2025-11-19T17:54:36","slug":"guia-de-instalacion","status":"publish","type":"page","link":"https:\/\/shop.corroprotec.com\/es\/guia-de-instalacion\/","title":{"rendered":"Gu\u00eda de instalaci\u00f3n"},"content":{"rendered":"","protected":false},"excerpt":{"rendered":"","protected":false},"author":1,"featured_media":0,"parent":0,"menu_order":0,"comment_status":"closed","ping_status":"closed","template":"t-how-to.php","meta":{"_relevanssi_hide_post":"","_relevanssi_hide_content":"","_relevanssi_pin_for_all":"","_relevanssi_pin_keywords":"","_relevanssi_unpin_keywords":"","_relevanssi_related_keywords":"","_relevanssi_related_include_ids":"","_relevanssi_related_exclude_ids":"","_relevanssi_related_no_append":"","_relevanssi_related_not_related":"","_relevanssi_related_posts":"2696,12072,11411,9224,2741,11210","_relevanssi_noindex_reason":""},"acf":[],"yoast_head":"<!-- This site is optimized with the Yoast SEO Premium plugin v19.3 (Yoast SEO v19.7) - https:\/\/yoast.com\/wordpress\/plugins\/seo\/ -->\n<title>Gu\u00eda de instalaci\u00f3n - Corro-Protec<\/title>\n<meta name=\"description\" content=\"Explora gu\u00edas de instalaci\u00f3n detalladas paso a paso para las \u00e1nodos el\u00e9ctricas de Corro-Protec, incluyendo los modelos est\u00e1ndar, de salida de agua caliente y para casas rodantes.\" \/>\n<meta name=\"robots\" content=\"noindex, follow, max-snippet:-1, max-image-preview:large, max-video-preview:-1\" \/>\n<meta property=\"og:locale\" content=\"es_ES\" \/>\n<meta property=\"og:type\" content=\"article\" \/>\n<meta property=\"og:title\" content=\"Gu\u00eda de instalaci\u00f3n\" \/>\n<meta property=\"og:description\" content=\"Explora gu\u00edas de instalaci\u00f3n detalladas paso a paso para las \u00e1nodos el\u00e9ctricas de Corro-Protec, incluyendo los modelos est\u00e1ndar, de salida de agua caliente y para casas rodantes.\" \/>\n<meta property=\"og:url\" content=\"https:\/\/shop.corroprotec.com\/es\/guia-de-instalacion\/\" \/>\n<meta property=\"og:site_name\" content=\"Corro-Protec\" \/>\n<meta property=\"article:publisher\" content=\"https:\/\/www.facebook.com\/corroprotec\/\" \/>\n<meta property=\"article:modified_time\" content=\"2025-11-19T17:54:36+00:00\" \/>\n<meta property=\"og:image\" content=\"https:\/\/shop.corroprotec.com\/app\/uploads\/2022\/09\/og-en-min.jpg\" \/>\n\t<meta property=\"og:image:width\" content=\"1200\" \/>\n\t<meta property=\"og:image:height\" content=\"630\" \/>\n\t<meta property=\"og:image:type\" content=\"image\/jpeg\" \/>\n<meta name=\"twitter:card\" content=\"summary_large_image\" \/>\n<meta name=\"twitter:site\" content=\"@corroprotec\" \/>\n<script type=\"application\/ld+json\" class=\"yoast-schema-graph\">{\"@context\":\"https:\/\/schema.org\",\"@graph\":[{\"@type\":\"WebPage\",\"@id\":\"https:\/\/shop.corroprotec.com\/es\/guia-de-instalacion\/\",\"url\":\"https:\/\/shop.corroprotec.com\/es\/guia-de-instalacion\/\",\"name\":\"Gu\u00eda de instalaci\u00f3n - Corro-Protec\",\"isPartOf\":{\"@id\":\"https:\/\/shop.corroprotec.com\/es\/#website\"},\"datePublished\":\"2024-07-02T19:23:30+00:00\",\"dateModified\":\"2025-11-19T17:54:36+00:00\",\"description\":\"Explora gu\u00edas de instalaci\u00f3n detalladas paso a paso para las \u00e1nodos el\u00e9ctricas de Corro-Protec, incluyendo los modelos est\u00e1ndar, de salida de agua caliente y para casas rodantes.\",\"breadcrumb\":{\"@id\":\"https:\/\/shop.corroprotec.com\/es\/guia-de-instalacion\/#breadcrumb\"},\"inLanguage\":\"es-ES\",\"potentialAction\":[{\"@type\":\"ReadAction\",\"target\":[\"https:\/\/shop.corroprotec.com\/es\/guia-de-instalacion\/\"]}]},{\"@type\":\"BreadcrumbList\",\"@id\":\"https:\/\/shop.corroprotec.com\/es\/guia-de-instalacion\/#breadcrumb\",\"itemListElement\":[{\"@type\":\"ListItem\",\"position\":1,\"name\":\"Home\",\"item\":\"https:\/\/shop.corroprotec.com\/es\/\"},{\"@type\":\"ListItem\",\"position\":2,\"name\":\"Gu\u00eda de instalaci\u00f3n\"}]},{\"@type\":\"WebSite\",\"@id\":\"https:\/\/shop.corroprotec.com\/es\/#website\",\"url\":\"https:\/\/shop.corroprotec.com\/es\/\",\"name\":\"Corro-Protec\",\"description\":\"\",\"publisher\":{\"@id\":\"https:\/\/shop.corroprotec.com\/es\/#organization\"},\"potentialAction\":[{\"@type\":\"SearchAction\",\"target\":{\"@type\":\"EntryPoint\",\"urlTemplate\":\"https:\/\/shop.corroprotec.com\/es\/?s={search_term_string}\"},\"query-input\":\"required name=search_term_string\"}],\"inLanguage\":\"es-ES\"},{\"@type\":\"Organization\",\"@id\":\"https:\/\/shop.corroprotec.com\/es\/#organization\",\"name\":\"Corro-Protec\",\"url\":\"https:\/\/shop.corroprotec.com\/es\/\",\"sameAs\":[\"https:\/\/www.facebook.com\/corroprotec\/\",\"https:\/\/twitter.com\/corroprotec\"],\"logo\":{\"@type\":\"ImageObject\",\"inLanguage\":\"es-ES\",\"@id\":\"https:\/\/shop.corroprotec.com\/es\/#\/schema\/logo\/image\/\",\"url\":\"https:\/\/shop.corroprotec.com\/app\/uploads\/2024\/03\/logo-corro-v-blanc-fond-vert-rgb.png\",\"contentUrl\":\"https:\/\/shop.corroprotec.com\/app\/uploads\/2024\/03\/logo-corro-v-blanc-fond-vert-rgb.png\",\"width\":2000,\"height\":1244,\"caption\":\"Corro-Protec\"},\"image\":{\"@id\":\"https:\/\/shop.corroprotec.com\/es\/#\/schema\/logo\/image\/\"}}]}<\/script>\n<!-- \/ Yoast SEO Premium plugin. -->","yoast_head_json":{"title":"Gu\u00eda de instalaci\u00f3n - Corro-Protec","description":"Explora gu\u00edas de instalaci\u00f3n detalladas paso a paso para las \u00e1nodos el\u00e9ctricas de Corro-Protec, incluyendo los modelos est\u00e1ndar, de salida de agua caliente y para casas rodantes.","robots":{"index":"noindex","follow":"follow","max-snippet":"max-snippet:-1","max-image-preview":"max-image-preview:large","max-video-preview":"max-video-preview:-1"},"og_locale":"es_ES","og_type":"article","og_title":"Gu\u00eda de instalaci\u00f3n","og_description":"Explora gu\u00edas de instalaci\u00f3n detalladas paso a paso para las \u00e1nodos el\u00e9ctricas de Corro-Protec, incluyendo los modelos est\u00e1ndar, de salida de agua caliente y para casas rodantes.","og_url":"https:\/\/shop.corroprotec.com\/es\/guia-de-instalacion\/","og_site_name":"Corro-Protec","article_publisher":"https:\/\/www.facebook.com\/corroprotec\/","article_modified_time":"2025-11-19T17:54:36+00:00","og_image":[{"width":1200,"height":630,"url":"https:\/\/shop.corroprotec.com\/app\/uploads\/2022\/09\/og-en-min.jpg","type":"image\/jpeg"}],"twitter_card":"summary_large_image","twitter_site":"@corroprotec","schema":{"@context":"https:\/\/schema.org","@graph":[{"@type":"WebPage","@id":"https:\/\/shop.corroprotec.com\/es\/guia-de-instalacion\/","url":"https:\/\/shop.corroprotec.com\/es\/guia-de-instalacion\/","name":"Gu\u00eda de instalaci\u00f3n - Corro-Protec","isPartOf":{"@id":"https:\/\/shop.corroprotec.com\/es\/#website"},"datePublished":"2024-07-02T19:23:30+00:00","dateModified":"2025-11-19T17:54:36+00:00","description":"Explora gu\u00edas de instalaci\u00f3n detalladas paso a paso para las \u00e1nodos el\u00e9ctricas de Corro-Protec, incluyendo los modelos est\u00e1ndar, de salida de agua caliente y para casas rodantes.","breadcrumb":{"@id":"https:\/\/shop.corroprotec.com\/es\/guia-de-instalacion\/#breadcrumb"},"inLanguage":"es-ES","potentialAction":[{"@type":"ReadAction","target":["https:\/\/shop.corroprotec.com\/es\/guia-de-instalacion\/"]}]},{"@type":"BreadcrumbList","@id":"https:\/\/shop.corroprotec.com\/es\/guia-de-instalacion\/#breadcrumb","itemListElement":[{"@type":"ListItem","position":1,"name":"Home","item":"https:\/\/shop.corroprotec.com\/es\/"},{"@type":"ListItem","position":2,"name":"Gu\u00eda de instalaci\u00f3n"}]},{"@type":"WebSite","@id":"https:\/\/shop.corroprotec.com\/es\/#website","url":"https:\/\/shop.corroprotec.com\/es\/","name":"Corro-Protec","description":"","publisher":{"@id":"https:\/\/shop.corroprotec.com\/es\/#organization"},"potentialAction":[{"@type":"SearchAction","target":{"@type":"EntryPoint","urlTemplate":"https:\/\/shop.corroprotec.com\/es\/?s={search_term_string}"},"query-input":"required name=search_term_string"}],"inLanguage":"es-ES"},{"@type":"Organization","@id":"https:\/\/shop.corroprotec.com\/es\/#organization","name":"Corro-Protec","url":"https:\/\/shop.corroprotec.com\/es\/","sameAs":["https:\/\/www.facebook.com\/corroprotec\/","https:\/\/twitter.com\/corroprotec"],"logo":{"@type":"ImageObject","inLanguage":"es-ES","@id":"https:\/\/shop.corroprotec.com\/es\/#\/schema\/logo\/image\/","url":"https:\/\/shop.corroprotec.com\/app\/uploads\/2024\/03\/logo-corro-v-blanc-fond-vert-rgb.png","contentUrl":"https:\/\/shop.corroprotec.com\/app\/uploads\/2024\/03\/logo-corro-v-blanc-fond-vert-rgb.png","width":2000,"height":1244,"caption":"Corro-Protec"},"image":{"@id":"https:\/\/shop.corroprotec.com\/es\/#\/schema\/logo\/image\/"}}]}},"_links":{"self":[{"href":"https:\/\/shop.corroprotec.com\/es\/wp-json\/wp\/v2\/pages\/13453"}],"collection":[{"href":"https:\/\/shop.corroprotec.com\/es\/wp-json\/wp\/v2\/pages"}],"about":[{"href":"https:\/\/shop.corroprotec.com\/es\/wp-json\/wp\/v2\/types\/page"}],"author":[{"embeddable":true,"href":"https:\/\/shop.corroprotec.com\/es\/wp-json\/wp\/v2\/users\/1"}],"replies":[{"embeddable":true,"href":"https:\/\/shop.corroprotec.com\/es\/wp-json\/wp\/v2\/comments?post=13453"}],"version-history":[{"count":2,"href":"https:\/\/shop.corroprotec.com\/es\/wp-json\/wp\/v2\/pages\/13453\/revisions"}],"predecessor-version":[{"id":13457,"href":"https:\/\/shop.corroprotec.com\/es\/wp-json\/wp\/v2\/pages\/13453\/revisions\/13457"}],"wp:attachment":[{"href":"https:\/\/shop.corroprotec.com\/es\/wp-json\/wp\/v2\/media?parent=13453"}],"curies":[{"name":"wp","href":"https:\/\/api.w.org\/{rel}","templated":true}]}}